{"id":11208,"date":"2025-09-26T13:38:03","date_gmt":"2025-09-26T13:38:03","guid":{"rendered":"https:\/\/www.sprich.ch\/scale\/"},"modified":"2025-12-18T07:34:14","modified_gmt":"2025-12-18T07:34:14","slug":"scale","status":"publish","type":"page","link":"https:\/\/www.sprich.ch\/it\/prodotti\/scale","title":{"rendered":"Scale"},"content":{"rendered":"\t\t<div data-elementor-type=\"wp-page\" data-elementor-id=\"11208\" class=\"elementor elementor-11208 elementor-1174\" data-elementor-post-type=\"page\">\n\t\t\t\t<div class=\"elementor-element elementor-element-1484e58 e-con-full e-flex wpr-particle-no wpr-jarallax-no wpr-parallax-no wpr-sticky-section-no wpr-equal-height-no e-con e-parent\" data-id=\"1484e58\" data-element_type=\"container\" data-e-type=\"container\" data-settings=\"{&quot;background_background&quot;:&quot;classic&quot;}\">\n\t\t\t\t<\/div>\n\t\t<div class=\"elementor-element elementor-element-52163f3 e-con-full e-flex wpr-particle-no wpr-jarallax-no wpr-parallax-no wpr-sticky-section-no wpr-equal-height-no e-con e-parent\" data-id=\"52163f3\" data-element_type=\"container\" data-e-type=\"container\">\n\t\t\t\t<div class=\"elementor-element elementor-element-8b333da elementor-widget elementor-widget-spacer\" data-id=\"8b333da\" data-element_type=\"widget\" data-e-type=\"widget\" data-widget_type=\"spacer.default\">\n\t\t\t\t\t\t\t<div class=\"elementor-spacer\">\n\t\t\t<div class=\"elementor-spacer-inner\"><\/div>\n\t\t<\/div>\n\t\t\t\t\t\t<\/div>\n\t\t\t\t<div class=\"elementor-element elementor-element-a80b6ce elementor-widget elementor-widget-heading\" data-id=\"a80b6ce\" data-element_type=\"widget\" data-e-type=\"widget\" data-widget_type=\"heading.default\">\n\t\t\t\t\t<h2 class=\"elementor-heading-title elementor-size-default\">LE NOSTRE SCALE<\/h2>\t\t\t\t<\/div>\n\t\t\t\t<div class=\"elementor-element elementor-element-14adbab elementor-widget-divider--view-line elementor-widget elementor-widget-divider\" data-id=\"14adbab\" data-element_type=\"widget\" data-e-type=\"widget\" data-widget_type=\"divider.default\">\n\t\t\t\t\t\t\t<div class=\"elementor-divider\">\n\t\t\t<span class=\"elementor-divider-separator\">\n\t\t\t\t\t\t<\/span>\n\t\t<\/div>\n\t\t\t\t\t\t<\/div>\n\t\t\t\t<div class=\"elementor-element elementor-element-585a3a3 elementor-widget elementor-widget-text-editor\" data-id=\"585a3a3\" data-element_type=\"widget\" data-e-type=\"widget\" data-widget_type=\"text-editor.default\">\n\t\t\t\t\t\t\t\t\t<p>Le scale a chiocciola SPRICH collegano i diversi piani con un ingombro minimo. Le scale a chiocciola sono eleganti e contemporaneamente economiche e salvaspazio. Le versioni possibili sono quasi infinite. Essenzialmente presentiamo due diversi tipi di scale a chiocciola:\u00a0<strong>Entry<\/strong>\u00a0e\u00a0<strong>Individual<\/strong>. Entrambe le scale sono idonee per punti di accesso industriali ad alta percorrenza, per vie di fuga in esterni, come scala di collegamento su diversi piani o per passare rapidamente dalla casa al giardino.<\/p>\n<p>Le scale a chiocciola SPRICH sono realizzate a misura di progetto, e quindi individualmente per le vostre esigenze. Solo la struttura costruttiva della scala resta immutata. Al termine della fase produttiva la scala a chiocciola viene nuovamente smontata in singoli componenti e sottoposta a trattamento di zincatura a caldo. Questo tipo di procedura offre ottimi vantaggi per il montaggio: la scala a chiocciola SPRICH si lascia infatti cos\u00ec montare e installare su diversi piani anche in locali chiusi, senza dover ricorrere a ulteriori mezzi di sollevamento.<\/p>\n\t\t\t\t\t\t\t\t<\/div>\n\t\t<div class=\"elementor-element elementor-element-000e3b6 e-grid e-con-full wpr-particle-no wpr-jarallax-no wpr-parallax-no wpr-sticky-section-no wpr-equal-height-no e-con e-child\" data-id=\"000e3b6\" data-element_type=\"container\" data-e-type=\"container\">\n\t\t<div class=\"elementor-element elementor-element-d240db1 e-con-full e-flex wpr-particle-no wpr-jarallax-no wpr-parallax-no wpr-sticky-section-no wpr-equal-height-no e-con e-child\" data-id=\"d240db1\" data-element_type=\"container\" data-e-type=\"container\">\n\t\t\t\t<div class=\"elementor-element elementor-element-73a8534 elementor-widget elementor-widget-image\" data-id=\"73a8534\" data-element_type=\"widget\" data-e-type=\"widget\" data-widget_type=\"image.default\">\n\t\t\t\t\t\t\t\t\t\t\t\t\t\t\t\t<a href=\"https:\/\/www.sprich.ch\/it\/prodotti\/scale\/scale-a-chiocciola\">\n\t\t\t\t\t\t\t<img fetchpriority=\"high\" decoding=\"async\" width=\"1024\" height=\"1024\" src=\"https:\/\/www.sprich.ch\/wp-content\/uploads\/2025\/09\/sprich_spindeltreppe-individual_linksdrehend_stahl_header_nr01_2025-1024x1024.jpg\" class=\"attachment-large size-large wp-image-9661\" alt=\"sprich_spindeltreppe-individual_linksdrehend_stahl_header_nr01_2025\" srcset=\"https:\/\/www.sprich.ch\/wp-content\/uploads\/2025\/09\/sprich_spindeltreppe-individual_linksdrehend_stahl_header_nr01_2025-1024x1024.jpg 1024w, https:\/\/www.sprich.ch\/wp-content\/uploads\/2025\/09\/sprich_spindeltreppe-individual_linksdrehend_stahl_header_nr01_2025-300x300.jpg 300w, https:\/\/www.sprich.ch\/wp-content\/uploads\/2025\/09\/sprich_spindeltreppe-individual_linksdrehend_stahl_header_nr01_2025-150x150.jpg 150w, https:\/\/www.sprich.ch\/wp-content\/uploads\/2025\/09\/sprich_spindeltreppe-individual_linksdrehend_stahl_header_nr01_2025-768x768.jpg 768w, https:\/\/www.sprich.ch\/wp-content\/uploads\/2025\/09\/sprich_spindeltreppe-individual_linksdrehend_stahl_header_nr01_2025-600x600.jpg 600w, https:\/\/www.sprich.ch\/wp-content\/uploads\/2025\/09\/sprich_spindeltreppe-individual_linksdrehend_stahl_header_nr01_2025.jpg 1200w\" sizes=\"(max-width: 1024px) 100vw, 1024px\" \/>\t\t\t\t\t\t\t\t<\/a>\n\t\t\t\t\t\t\t\t\t\t\t\t\t\t\t<\/div>\n\t\t\t\t<div class=\"elementor-element elementor-element-02b6d14 elementor-widget elementor-widget-button\" data-id=\"02b6d14\" data-element_type=\"widget\" data-e-type=\"widget\" data-widget_type=\"button.default\">\n\t\t\t\t\t\t\t\t\t\t<a class=\"elementor-button elementor-button-link elementor-size-sm\" href=\"https:\/\/www.sprich.ch\/it\/prodotti\/scale\/scale-a-chiocciola\">\n\t\t\t\t\t\t<span class=\"elementor-button-content-wrapper\">\n\t\t\t\t\t\t<span class=\"elementor-button-icon\">\n\t\t\t\t<svg aria-hidden=\"true\" class=\"e-font-icon-svg e-fas-chevron-right\" viewBox=\"0 0 320 512\" xmlns=\"http:\/\/www.w3.org\/2000\/svg\"><path d=\"M285.476 272.971L91.132 467.314c-9.373 9.373-24.569 9.373-33.941 0l-22.667-22.667c-9.357-9.357-9.375-24.522-.04-33.901L188.505 256 34.484 101.255c-9.335-9.379-9.317-24.544.04-33.901l22.667-22.667c9.373-9.373 24.569-9.373 33.941 0L285.475 239.03c9.373 9.372 9.373 24.568.001 33.941z\"><\/path><\/svg>\t\t\t<\/span>\n\t\t\t\t\t\t\t\t\t<span class=\"elementor-button-text\">SCALE A CHIOCCIOLA<\/span>\n\t\t\t\t\t<\/span>\n\t\t\t\t\t<\/a>\n\t\t\t\t\t\t\t\t<\/div>\n\t\t\t\t<\/div>\n\t\t<div class=\"elementor-element elementor-element-99f5cb7 e-con-full e-flex wpr-particle-no wpr-jarallax-no wpr-parallax-no wpr-sticky-section-no wpr-equal-height-no e-con e-child\" data-id=\"99f5cb7\" data-element_type=\"container\" data-e-type=\"container\">\n\t\t\t\t<div class=\"elementor-element elementor-element-109a65a elementor-widget elementor-widget-image\" data-id=\"109a65a\" data-element_type=\"widget\" data-e-type=\"widget\" data-widget_type=\"image.default\">\n\t\t\t\t\t\t\t\t\t\t\t\t\t\t\t\t<a href=\"https:\/\/www.sprich.ch\/it\/prodotti\/scale\/sistemi-scale\/\">\n\t\t\t\t\t\t\t<img decoding=\"async\" width=\"1024\" height=\"1024\" src=\"https:\/\/www.sprich.ch\/wp-content\/uploads\/2025\/09\/sprich_gerade-treppen_nr01_2025-1024x1024.jpg\" class=\"attachment-large size-large wp-image-9662\" alt=\"sprich_gerade-treppen_nr01_2025\" srcset=\"https:\/\/www.sprich.ch\/wp-content\/uploads\/2025\/09\/sprich_gerade-treppen_nr01_2025-1024x1024.jpg 1024w, https:\/\/www.sprich.ch\/wp-content\/uploads\/2025\/09\/sprich_gerade-treppen_nr01_2025-300x300.jpg 300w, https:\/\/www.sprich.ch\/wp-content\/uploads\/2025\/09\/sprich_gerade-treppen_nr01_2025-150x150.jpg 150w, https:\/\/www.sprich.ch\/wp-content\/uploads\/2025\/09\/sprich_gerade-treppen_nr01_2025-768x768.jpg 768w, https:\/\/www.sprich.ch\/wp-content\/uploads\/2025\/09\/sprich_gerade-treppen_nr01_2025-600x600.jpg 600w, https:\/\/www.sprich.ch\/wp-content\/uploads\/2025\/09\/sprich_gerade-treppen_nr01_2025.jpg 1160w\" sizes=\"(max-width: 1024px) 100vw, 1024px\" \/>\t\t\t\t\t\t\t\t<\/a>\n\t\t\t\t\t\t\t\t\t\t\t\t\t\t\t<\/div>\n\t\t\t\t<div class=\"elementor-element elementor-element-f349aaf elementor-widget elementor-widget-button\" data-id=\"f349aaf\" data-element_type=\"widget\" data-e-type=\"widget\" data-widget_type=\"button.default\">\n\t\t\t\t\t\t\t\t\t\t<a class=\"elementor-button elementor-button-link elementor-size-sm\" href=\"https:\/\/www.sprich.ch\/it\/prodotti\/scale\/sistemi-scale\/\">\n\t\t\t\t\t\t<span class=\"elementor-button-content-wrapper\">\n\t\t\t\t\t\t<span class=\"elementor-button-icon\">\n\t\t\t\t<svg aria-hidden=\"true\" class=\"e-font-icon-svg e-fas-chevron-right\" viewBox=\"0 0 320 512\" xmlns=\"http:\/\/www.w3.org\/2000\/svg\"><path d=\"M285.476 272.971L91.132 467.314c-9.373 9.373-24.569 9.373-33.941 0l-22.667-22.667c-9.357-9.357-9.375-24.522-.04-33.901L188.505 256 34.484 101.255c-9.335-9.379-9.317-24.544.04-33.901l22.667-22.667c9.373-9.373 24.569-9.373 33.941 0L285.475 239.03c9.373 9.372 9.373 24.568.001 33.941z\"><\/path><\/svg>\t\t\t<\/span>\n\t\t\t\t\t\t\t\t\t<span class=\"elementor-button-text\">SISTEMI SCALE<\/span>\n\t\t\t\t\t<\/span>\n\t\t\t\t\t<\/a>\n\t\t\t\t\t\t\t\t<\/div>\n\t\t\t\t<\/div>\n\t\t\t\t<\/div>\n\t\t\t\t<div class=\"elementor-element elementor-element-9f7ad1d elementor-widget elementor-widget-spacer\" data-id=\"9f7ad1d\" data-element_type=\"widget\" data-e-type=\"widget\" data-widget_type=\"spacer.default\">\n\t\t\t\t\t\t\t<div class=\"elementor-spacer\">\n\t\t\t<div class=\"elementor-spacer-inner\"><\/div>\n\t\t<\/div>\n\t\t\t\t\t\t<\/div>\n\t\t\t\t<\/div>\n\t\t\t\t<\/div>\n\t\t","protected":false},"excerpt":{"rendered":"<p>LE NOSTRE SCALE Le scale a chiocciola SPRICH collegano i diversi piani con un ingombro minimo. Le scale a chiocciola sono eleganti e contemporaneamente economiche e salvaspazio. Le versioni possibili sono quasi infinite. Essenzialmente presentiamo due diversi tipi di scale a chiocciola:\u00a0Entry\u00a0e\u00a0Individual. Entrambe le scale sono idonee per punti di accesso industriali ad alta percorrenza, per vie di fuga in esterni, come scala di collegamento su diversi piani o per passare rapidamente dalla casa al giardino. Le scale a chiocciola SPRICH sono realizzate a misura di progetto, e quindi individualmente per le vostre esigenze. Solo la struttura costruttiva della scala resta immutata. Al termine della fase produttiva la scala a chiocciola viene nuovamente smontata in singoli componenti e sottoposta a trattamento di zincatura a caldo. Questo tipo di procedura offre ottimi vantaggi per il montaggio: la scala a chiocciola SPRICH si lascia infatti cos\u00ec montare e installare su diversi piani anche in locali chiusi, senza dover ricorrere a ulteriori mezzi di sollevamento. SCALE A CHIOCCIOLA SISTEMI SCALE<\/p>\n","protected":false},"author":1,"featured_media":0,"parent":11253,"menu_order":0,"comment_status":"closed","ping_status":"closed","template":"elementor_header_footer","meta":{"footnotes":""},"class_list":["post-11208","page","type-page","status-publish","hentry","entry"],"yoast_head":"<!-- This site is optimized with the Yoast SEO Premium plugin v27.4 (Yoast SEO v27.5) - https:\/\/yoast.com\/product\/yoast-seo-premium-wordpress\/ -->\n<title>Scale - SPRICH<\/title>\n<meta name=\"description\" content=\"SPRICH Spindeltreppen sind platzsparende, elegante Treppen f\u00fcr Industrie, Fluchtwege und mehr. Individuell gefertigt, flexibel montierbar und ideal f\u00fcr Verbindungen \u00fcber mehrere Etagen.\" \/>\n<meta name=\"robots\" content=\"index, follow, max-snippet:-1, max-image-preview:large, max-video-preview:-1\" \/>\n<link rel=\"canonical\" href=\"https:\/\/www.sprich.ch\/it\/prodotti\/scale\" \/>\n<meta property=\"og:locale\" content=\"it_IT\" \/>\n<meta property=\"og:type\" content=\"article\" \/>\n<meta property=\"og:title\" content=\"Scale\" \/>\n<meta property=\"og:description\" content=\"SPRICH Spindeltreppen sind platzsparende, elegante Treppen f\u00fcr Industrie, Fluchtwege und mehr. Individuell gefertigt, flexibel montierbar und ideal f\u00fcr Verbindungen \u00fcber mehrere Etagen.\" \/>\n<meta property=\"og:url\" content=\"https:\/\/www.sprich.ch\/it\/prodotti\/scale\" \/>\n<meta property=\"og:site_name\" content=\"SPRICH\" \/>\n<meta property=\"article:modified_time\" content=\"2025-12-18T07:34:14+00:00\" \/>\n<meta property=\"og:image\" content=\"https:\/\/www.sprich.ch\/wp-content\/uploads\/2025\/09\/sprich_spindeltreppe-individual_linksdrehend_stahl_header_nr01_2025.jpg\" \/>\n\t<meta property=\"og:image:width\" content=\"1200\" \/>\n\t<meta property=\"og:image:height\" content=\"1200\" \/>\n\t<meta property=\"og:image:type\" content=\"image\/jpeg\" \/>\n<meta name=\"twitter:card\" content=\"summary_large_image\" \/>\n<meta name=\"twitter:label1\" content=\"Tempo di lettura stimato\" \/>\n\t<meta name=\"twitter:data1\" content=\"1 minuto\" \/>\n<script type=\"application\/ld+json\" class=\"yoast-schema-graph\">{\"@context\":\"https:\\\/\\\/schema.org\",\"@graph\":[{\"@type\":\"WebPage\",\"@id\":\"https:\\\/\\\/www.sprich.ch\\\/it\\\/prodotti\\\/scale\",\"url\":\"https:\\\/\\\/www.sprich.ch\\\/it\\\/prodotti\\\/scale\",\"name\":\"Scale - SPRICH\",\"isPartOf\":{\"@id\":\"https:\\\/\\\/www.sprich.ch\\\/it#website\"},\"primaryImageOfPage\":{\"@id\":\"https:\\\/\\\/www.sprich.ch\\\/it\\\/prodotti\\\/scale#primaryimage\"},\"image\":{\"@id\":\"https:\\\/\\\/www.sprich.ch\\\/it\\\/prodotti\\\/scale#primaryimage\"},\"thumbnailUrl\":\"https:\\\/\\\/www.sprich.ch\\\/wp-content\\\/uploads\\\/2025\\\/09\\\/sprich_spindeltreppe-individual_linksdrehend_stahl_header_nr01_2025-1024x1024.jpg\",\"datePublished\":\"2025-09-26T13:38:03+00:00\",\"dateModified\":\"2025-12-18T07:34:14+00:00\",\"description\":\"SPRICH Spindeltreppen sind platzsparende, elegante Treppen f\u00fcr Industrie, Fluchtwege und mehr. Individuell gefertigt, flexibel montierbar und ideal f\u00fcr Verbindungen \u00fcber mehrere Etagen.\",\"breadcrumb\":{\"@id\":\"https:\\\/\\\/www.sprich.ch\\\/it\\\/prodotti\\\/scale#breadcrumb\"},\"inLanguage\":\"it-IT\",\"potentialAction\":[{\"@type\":\"ReadAction\",\"target\":[\"https:\\\/\\\/www.sprich.ch\\\/it\\\/prodotti\\\/scale\"]}]},{\"@type\":\"ImageObject\",\"inLanguage\":\"it-IT\",\"@id\":\"https:\\\/\\\/www.sprich.ch\\\/it\\\/prodotti\\\/scale#primaryimage\",\"url\":\"https:\\\/\\\/www.sprich.ch\\\/wp-content\\\/uploads\\\/2025\\\/09\\\/sprich_spindeltreppe-individual_linksdrehend_stahl_header_nr01_2025-1024x1024.jpg\",\"contentUrl\":\"https:\\\/\\\/www.sprich.ch\\\/wp-content\\\/uploads\\\/2025\\\/09\\\/sprich_spindeltreppe-individual_linksdrehend_stahl_header_nr01_2025-1024x1024.jpg\"},{\"@type\":\"BreadcrumbList\",\"@id\":\"https:\\\/\\\/www.sprich.ch\\\/it\\\/prodotti\\\/scale#breadcrumb\",\"itemListElement\":[{\"@type\":\"ListItem\",\"position\":1,\"name\":\"Home\",\"item\":\"https:\\\/\\\/www.sprich.ch\\\/it\"},{\"@type\":\"ListItem\",\"position\":2,\"name\":\"I nostri prodotti\",\"item\":\"https:\\\/\\\/www.sprich.ch\\\/it\\\/produkte\"},{\"@type\":\"ListItem\",\"position\":3,\"name\":\"Scale\"}]},{\"@type\":\"WebSite\",\"@id\":\"https:\\\/\\\/www.sprich.ch\\\/it#website\",\"url\":\"https:\\\/\\\/www.sprich.ch\\\/it\",\"name\":\"SPRICH\",\"description\":\"Gitterroste, Leitern, Treppen\",\"publisher\":{\"@id\":\"https:\\\/\\\/www.sprich.ch\\\/it#organization\"},\"potentialAction\":[{\"@type\":\"SearchAction\",\"target\":{\"@type\":\"EntryPoint\",\"urlTemplate\":\"https:\\\/\\\/www.sprich.ch\\\/it?s={search_term_string}\"},\"query-input\":{\"@type\":\"PropertyValueSpecification\",\"valueRequired\":true,\"valueName\":\"search_term_string\"}}],\"inLanguage\":\"it-IT\"},{\"@type\":\"Organization\",\"@id\":\"https:\\\/\\\/www.sprich.ch\\\/it#organization\",\"name\":\"SPRICH\",\"url\":\"https:\\\/\\\/www.sprich.ch\\\/it\",\"logo\":{\"@type\":\"ImageObject\",\"inLanguage\":\"it-IT\",\"@id\":\"https:\\\/\\\/www.sprich.ch\\\/it#\\\/schema\\\/logo\\\/image\\\/\",\"url\":\"https:\\\/\\\/www.sprich.ch\\\/wp-content\\\/uploads\\\/2025\\\/09\\\/Sprich_Logo_rgb_pos_quer_600dpi-1-scaled.png\",\"contentUrl\":\"https:\\\/\\\/www.sprich.ch\\\/wp-content\\\/uploads\\\/2025\\\/09\\\/Sprich_Logo_rgb_pos_quer_600dpi-1-scaled.png\",\"width\":2560,\"height\":695,\"caption\":\"SPRICH\"},\"image\":{\"@id\":\"https:\\\/\\\/www.sprich.ch\\\/it#\\\/schema\\\/logo\\\/image\\\/\"}}]}<\/script>\n<!-- \/ Yoast SEO Premium plugin. -->","yoast_head_json":{"title":"Scale - SPRICH","description":"SPRICH Spindeltreppen sind platzsparende, elegante Treppen f\u00fcr Industrie, Fluchtwege und mehr. Individuell gefertigt, flexibel montierbar und ideal f\u00fcr Verbindungen \u00fcber mehrere Etagen.","robots":{"index":"index","follow":"follow","max-snippet":"max-snippet:-1","max-image-preview":"max-image-preview:large","max-video-preview":"max-video-preview:-1"},"canonical":"https:\/\/www.sprich.ch\/it\/prodotti\/scale","og_locale":"it_IT","og_type":"article","og_title":"Scale","og_description":"SPRICH Spindeltreppen sind platzsparende, elegante Treppen f\u00fcr Industrie, Fluchtwege und mehr. Individuell gefertigt, flexibel montierbar und ideal f\u00fcr Verbindungen \u00fcber mehrere Etagen.","og_url":"https:\/\/www.sprich.ch\/it\/prodotti\/scale","og_site_name":"SPRICH","article_modified_time":"2025-12-18T07:34:14+00:00","og_image":[{"width":1200,"height":1200,"url":"https:\/\/www.sprich.ch\/wp-content\/uploads\/2025\/09\/sprich_spindeltreppe-individual_linksdrehend_stahl_header_nr01_2025.jpg","type":"image\/jpeg"}],"twitter_card":"summary_large_image","twitter_misc":{"Tempo di lettura stimato":"1 minuto"},"schema":{"@context":"https:\/\/schema.org","@graph":[{"@type":"WebPage","@id":"https:\/\/www.sprich.ch\/it\/prodotti\/scale","url":"https:\/\/www.sprich.ch\/it\/prodotti\/scale","name":"Scale - SPRICH","isPartOf":{"@id":"https:\/\/www.sprich.ch\/it#website"},"primaryImageOfPage":{"@id":"https:\/\/www.sprich.ch\/it\/prodotti\/scale#primaryimage"},"image":{"@id":"https:\/\/www.sprich.ch\/it\/prodotti\/scale#primaryimage"},"thumbnailUrl":"https:\/\/www.sprich.ch\/wp-content\/uploads\/2025\/09\/sprich_spindeltreppe-individual_linksdrehend_stahl_header_nr01_2025-1024x1024.jpg","datePublished":"2025-09-26T13:38:03+00:00","dateModified":"2025-12-18T07:34:14+00:00","description":"SPRICH Spindeltreppen sind platzsparende, elegante Treppen f\u00fcr Industrie, Fluchtwege und mehr. Individuell gefertigt, flexibel montierbar und ideal f\u00fcr Verbindungen \u00fcber mehrere Etagen.","breadcrumb":{"@id":"https:\/\/www.sprich.ch\/it\/prodotti\/scale#breadcrumb"},"inLanguage":"it-IT","potentialAction":[{"@type":"ReadAction","target":["https:\/\/www.sprich.ch\/it\/prodotti\/scale"]}]},{"@type":"ImageObject","inLanguage":"it-IT","@id":"https:\/\/www.sprich.ch\/it\/prodotti\/scale#primaryimage","url":"https:\/\/www.sprich.ch\/wp-content\/uploads\/2025\/09\/sprich_spindeltreppe-individual_linksdrehend_stahl_header_nr01_2025-1024x1024.jpg","contentUrl":"https:\/\/www.sprich.ch\/wp-content\/uploads\/2025\/09\/sprich_spindeltreppe-individual_linksdrehend_stahl_header_nr01_2025-1024x1024.jpg"},{"@type":"BreadcrumbList","@id":"https:\/\/www.sprich.ch\/it\/prodotti\/scale#breadcrumb","itemListElement":[{"@type":"ListItem","position":1,"name":"Home","item":"https:\/\/www.sprich.ch\/it"},{"@type":"ListItem","position":2,"name":"I nostri prodotti","item":"https:\/\/www.sprich.ch\/it\/produkte"},{"@type":"ListItem","position":3,"name":"Scale"}]},{"@type":"WebSite","@id":"https:\/\/www.sprich.ch\/it#website","url":"https:\/\/www.sprich.ch\/it","name":"SPRICH","description":"Gitterroste, Leitern, Treppen","publisher":{"@id":"https:\/\/www.sprich.ch\/it#organization"},"potentialAction":[{"@type":"SearchAction","target":{"@type":"EntryPoint","urlTemplate":"https:\/\/www.sprich.ch\/it?s={search_term_string}"},"query-input":{"@type":"PropertyValueSpecification","valueRequired":true,"valueName":"search_term_string"}}],"inLanguage":"it-IT"},{"@type":"Organization","@id":"https:\/\/www.sprich.ch\/it#organization","name":"SPRICH","url":"https:\/\/www.sprich.ch\/it","logo":{"@type":"ImageObject","inLanguage":"it-IT","@id":"https:\/\/www.sprich.ch\/it#\/schema\/logo\/image\/","url":"https:\/\/www.sprich.ch\/wp-content\/uploads\/2025\/09\/Sprich_Logo_rgb_pos_quer_600dpi-1-scaled.png","contentUrl":"https:\/\/www.sprich.ch\/wp-content\/uploads\/2025\/09\/Sprich_Logo_rgb_pos_quer_600dpi-1-scaled.png","width":2560,"height":695,"caption":"SPRICH"},"image":{"@id":"https:\/\/www.sprich.ch\/it#\/schema\/logo\/image\/"}}]}},"_links":{"self":[{"href":"https:\/\/www.sprich.ch\/it\/wp-json\/wp\/v2\/pages\/11208","targetHints":{"allow":["GET"]}}],"collection":[{"href":"https:\/\/www.sprich.ch\/it\/wp-json\/wp\/v2\/pages"}],"about":[{"href":"https:\/\/www.sprich.ch\/it\/wp-json\/wp\/v2\/types\/page"}],"author":[{"embeddable":true,"href":"https:\/\/www.sprich.ch\/it\/wp-json\/wp\/v2\/users\/1"}],"replies":[{"embeddable":true,"href":"https:\/\/www.sprich.ch\/it\/wp-json\/wp\/v2\/comments?post=11208"}],"version-history":[{"count":9,"href":"https:\/\/www.sprich.ch\/it\/wp-json\/wp\/v2\/pages\/11208\/revisions"}],"predecessor-version":[{"id":23952,"href":"https:\/\/www.sprich.ch\/it\/wp-json\/wp\/v2\/pages\/11208\/revisions\/23952"}],"up":[{"embeddable":true,"href":"https:\/\/www.sprich.ch\/it\/wp-json\/wp\/v2\/pages\/11253"}],"wp:attachment":[{"href":"https:\/\/www.sprich.ch\/it\/wp-json\/wp\/v2\/media?parent=11208"}],"curies":[{"name":"wp","href":"https:\/\/api.w.org\/{rel}","templated":true}]}}