{"id":11170,"date":"2025-11-10T19:18:47","date_gmt":"2025-11-10T19:18:47","guid":{"rendered":"https:\/\/www.sprich.ch\/scale-a-chiocciola\/"},"modified":"2025-12-10T15:28:37","modified_gmt":"2025-12-10T15:28:37","slug":"scale-a-chiocciola","status":"publish","type":"page","link":"https:\/\/www.sprich.ch\/it\/prodotti\/scale\/scale-a-chiocciola","title":{"rendered":"Scale a chiocciola"},"content":{"rendered":"\t\t<div data-elementor-type=\"wp-page\" data-elementor-id=\"11170\" class=\"elementor elementor-11170 elementor-7946\" data-elementor-post-type=\"page\">\n\t\t\t\t<div class=\"elementor-element elementor-element-39b67db e-con-full e-flex wpr-particle-no wpr-jarallax-no wpr-parallax-no wpr-sticky-section-no wpr-equal-height-no e-con e-parent\" data-id=\"39b67db\" data-element_type=\"container\" data-e-type=\"container\" data-settings=\"{&quot;background_background&quot;:&quot;classic&quot;}\">\n\t\t\t\t<\/div>\n\t\t<div class=\"elementor-element elementor-element-f719e3c e-con-full e-flex wpr-particle-no wpr-jarallax-no wpr-parallax-no wpr-sticky-section-no wpr-equal-height-no e-con e-parent\" data-id=\"f719e3c\" data-element_type=\"container\" data-e-type=\"container\">\n\t\t\t\t<div class=\"elementor-element elementor-element-ea0b4c3 elementor-widget elementor-widget-spacer\" data-id=\"ea0b4c3\" data-element_type=\"widget\" data-e-type=\"widget\" data-widget_type=\"spacer.default\">\n\t\t\t\t\t\t\t<div class=\"elementor-spacer\">\n\t\t\t<div class=\"elementor-spacer-inner\"><\/div>\n\t\t<\/div>\n\t\t\t\t\t\t<\/div>\n\t\t\t\t<div class=\"elementor-element elementor-element-7b4c8ac elementor-widget elementor-widget-heading\" data-id=\"7b4c8ac\" data-element_type=\"widget\" data-e-type=\"widget\" data-widget_type=\"heading.default\">\n\t\t\t\t\t<h2 class=\"elementor-heading-title elementor-size-default\">LE NOSTRE SCALE A CHIOCCIOLA<\/h2>\t\t\t\t<\/div>\n\t\t\t\t<div class=\"elementor-element elementor-element-df590e9 elementor-widget-divider--view-line elementor-widget elementor-widget-divider\" data-id=\"df590e9\" data-element_type=\"widget\" data-e-type=\"widget\" data-widget_type=\"divider.default\">\n\t\t\t\t\t\t\t<div class=\"elementor-divider\">\n\t\t\t<span class=\"elementor-divider-separator\">\n\t\t\t\t\t\t<\/span>\n\t\t<\/div>\n\t\t\t\t\t\t<\/div>\n\t\t<div class=\"elementor-element elementor-element-f06e309 e-grid e-con-full wpr-particle-no wpr-jarallax-no wpr-parallax-no wpr-sticky-section-no wpr-equal-height-no e-con e-child\" data-id=\"f06e309\" data-element_type=\"container\" data-e-type=\"container\">\n\t\t<div class=\"elementor-element elementor-element-9e94861 e-con-full e-flex wpr-particle-no wpr-jarallax-no wpr-parallax-no wpr-sticky-section-no wpr-equal-height-no e-con e-child\" data-id=\"9e94861\" data-element_type=\"container\" data-e-type=\"container\">\n\t\t\t\t<div class=\"elementor-element elementor-element-571bb87 elementor-widget elementor-widget-image\" data-id=\"571bb87\" data-element_type=\"widget\" data-e-type=\"widget\" data-widget_type=\"image.default\">\n\t\t\t\t\t\t\t\t\t\t\t\t\t\t\t\t<a href=\"https:\/\/www.sprich.ch\/it\/prodotti\/scale\/scale-a-chiocciola\/scala-a-chiocciola-tipo-entry\">\n\t\t\t\t\t\t\t<img fetchpriority=\"high\" decoding=\"async\" width=\"1024\" height=\"1024\" src=\"https:\/\/www.sprich.ch\/wp-content\/uploads\/2025\/10\/sprich_spindeltreppe-entry_feuerverzinkt_header_nr01_2025-1024x1024.jpg\" class=\"attachment-large size-large wp-image-9594\" alt=\"\" srcset=\"https:\/\/www.sprich.ch\/wp-content\/uploads\/2025\/10\/sprich_spindeltreppe-entry_feuerverzinkt_header_nr01_2025-1024x1024.jpg 1024w, https:\/\/www.sprich.ch\/wp-content\/uploads\/2025\/10\/sprich_spindeltreppe-entry_feuerverzinkt_header_nr01_2025-300x300.jpg 300w, https:\/\/www.sprich.ch\/wp-content\/uploads\/2025\/10\/sprich_spindeltreppe-entry_feuerverzinkt_header_nr01_2025-150x150.jpg 150w, https:\/\/www.sprich.ch\/wp-content\/uploads\/2025\/10\/sprich_spindeltreppe-entry_feuerverzinkt_header_nr01_2025-768x768.jpg 768w, https:\/\/www.sprich.ch\/wp-content\/uploads\/2025\/10\/sprich_spindeltreppe-entry_feuerverzinkt_header_nr01_2025-600x600.jpg 600w, https:\/\/www.sprich.ch\/wp-content\/uploads\/2025\/10\/sprich_spindeltreppe-entry_feuerverzinkt_header_nr01_2025.jpg 1160w\" sizes=\"(max-width: 1024px) 100vw, 1024px\" \/>\t\t\t\t\t\t\t\t<\/a>\n\t\t\t\t\t\t\t\t\t\t\t\t\t\t\t<\/div>\n\t\t\t\t<div class=\"elementor-element elementor-element-ce0fc20 elementor-widget elementor-widget-button\" data-id=\"ce0fc20\" data-element_type=\"widget\" data-e-type=\"widget\" data-widget_type=\"button.default\">\n\t\t\t\t\t\t\t\t\t\t<a class=\"elementor-button elementor-button-link elementor-size-sm\" href=\"https:\/\/www.sprich.ch\/it\/prodotti\/scale\/scale-a-chiocciola\/scala-a-chiocciola-tipo-entry\">\n\t\t\t\t\t\t<span class=\"elementor-button-content-wrapper\">\n\t\t\t\t\t\t<span class=\"elementor-button-icon\">\n\t\t\t\t<svg aria-hidden=\"true\" class=\"e-font-icon-svg e-fas-chevron-right\" viewBox=\"0 0 320 512\" xmlns=\"http:\/\/www.w3.org\/2000\/svg\"><path d=\"M285.476 272.971L91.132 467.314c-9.373 9.373-24.569 9.373-33.941 0l-22.667-22.667c-9.357-9.357-9.375-24.522-.04-33.901L188.505 256 34.484 101.255c-9.335-9.379-9.317-24.544.04-33.901l22.667-22.667c9.373-9.373 24.569-9.373 33.941 0L285.475 239.03c9.373 9.372 9.373 24.568.001 33.941z\"><\/path><\/svg>\t\t\t<\/span>\n\t\t\t\t\t\t\t\t\t<span class=\"elementor-button-text\">SCALE A CHIOCCIOLA ENTRY<\/span>\n\t\t\t\t\t<\/span>\n\t\t\t\t\t<\/a>\n\t\t\t\t\t\t\t\t<\/div>\n\t\t\t\t<\/div>\n\t\t<div class=\"elementor-element elementor-element-f8bf9ec e-con-full e-flex wpr-particle-no wpr-jarallax-no wpr-parallax-no wpr-sticky-section-no wpr-equal-height-no e-con e-child\" data-id=\"f8bf9ec\" data-element_type=\"container\" data-e-type=\"container\">\n\t\t\t\t<div class=\"elementor-element elementor-element-1a362e5 elementor-widget elementor-widget-image\" data-id=\"1a362e5\" data-element_type=\"widget\" data-e-type=\"widget\" data-widget_type=\"image.default\">\n\t\t\t\t\t\t\t\t\t\t\t\t\t\t\t\t<a href=\"https:\/\/www.sprich.ch\/it\/prodotti\/scale\/scale-a-chiocciola\/scala-a-chiocciola-tipo-individual\">\n\t\t\t\t\t\t\t<img decoding=\"async\" width=\"1024\" height=\"1024\" src=\"https:\/\/www.sprich.ch\/wp-content\/uploads\/2025\/10\/sprich_spindeltreppe-individual_stahl-feuerverzinkt_header_nr01_2025-1024x1024.jpg\" class=\"attachment-large size-large wp-image-9581\" alt=\"sprich_spindeltreppe-individual_stahl-feuerverzinkt_header_nr01_2025\" srcset=\"https:\/\/www.sprich.ch\/wp-content\/uploads\/2025\/10\/sprich_spindeltreppe-individual_stahl-feuerverzinkt_header_nr01_2025-1024x1024.jpg 1024w, https:\/\/www.sprich.ch\/wp-content\/uploads\/2025\/10\/sprich_spindeltreppe-individual_stahl-feuerverzinkt_header_nr01_2025-300x300.jpg 300w, https:\/\/www.sprich.ch\/wp-content\/uploads\/2025\/10\/sprich_spindeltreppe-individual_stahl-feuerverzinkt_header_nr01_2025-150x150.jpg 150w, https:\/\/www.sprich.ch\/wp-content\/uploads\/2025\/10\/sprich_spindeltreppe-individual_stahl-feuerverzinkt_header_nr01_2025-768x768.jpg 768w, https:\/\/www.sprich.ch\/wp-content\/uploads\/2025\/10\/sprich_spindeltreppe-individual_stahl-feuerverzinkt_header_nr01_2025-600x600.jpg 600w, https:\/\/www.sprich.ch\/wp-content\/uploads\/2025\/10\/sprich_spindeltreppe-individual_stahl-feuerverzinkt_header_nr01_2025.jpg 1200w\" sizes=\"(max-width: 1024px) 100vw, 1024px\" \/>\t\t\t\t\t\t\t\t<\/a>\n\t\t\t\t\t\t\t\t\t\t\t\t\t\t\t<\/div>\n\t\t\t\t<div class=\"elementor-element elementor-element-1773f3e elementor-widget elementor-widget-button\" data-id=\"1773f3e\" data-element_type=\"widget\" data-e-type=\"widget\" data-widget_type=\"button.default\">\n\t\t\t\t\t\t\t\t\t\t<a class=\"elementor-button elementor-button-link elementor-size-sm\" href=\"https:\/\/www.sprich.ch\/it\/prodotti\/scale\/scale-a-chiocciola\/scala-a-chiocciola-tipo-individual\">\n\t\t\t\t\t\t<span class=\"elementor-button-content-wrapper\">\n\t\t\t\t\t\t<span class=\"elementor-button-icon\">\n\t\t\t\t<svg aria-hidden=\"true\" class=\"e-font-icon-svg e-fas-chevron-right\" viewBox=\"0 0 320 512\" xmlns=\"http:\/\/www.w3.org\/2000\/svg\"><path d=\"M285.476 272.971L91.132 467.314c-9.373 9.373-24.569 9.373-33.941 0l-22.667-22.667c-9.357-9.357-9.375-24.522-.04-33.901L188.505 256 34.484 101.255c-9.335-9.379-9.317-24.544.04-33.901l22.667-22.667c9.373-9.373 24.569-9.373 33.941 0L285.475 239.03c9.373 9.372 9.373 24.568.001 33.941z\"><\/path><\/svg>\t\t\t<\/span>\n\t\t\t\t\t\t\t\t\t<span class=\"elementor-button-text\">SCALE A CHIOCCIOLA INDIVIDUAL<\/span>\n\t\t\t\t\t<\/span>\n\t\t\t\t\t<\/a>\n\t\t\t\t\t\t\t\t<\/div>\n\t\t\t\t<\/div>\n\t\t\t\t<\/div>\n\t\t\t\t<div class=\"elementor-element elementor-element-e06c7bd elementor-widget elementor-widget-spacer\" data-id=\"e06c7bd\" data-element_type=\"widget\" data-e-type=\"widget\" data-widget_type=\"spacer.default\">\n\t\t\t\t\t\t\t<div class=\"elementor-spacer\">\n\t\t\t<div class=\"elementor-spacer-inner\"><\/div>\n\t\t<\/div>\n\t\t\t\t\t\t<\/div>\n\t\t\t\t<\/div>\n\t\t\t\t<\/div>\n\t\t","protected":false},"excerpt":{"rendered":"<p>LE NOSTRE SCALE A CHIOCCIOLA SCALE A CHIOCCIOLA ENTRY SCALE A CHIOCCIOLA INDIVIDUAL<\/p>\n","protected":false},"author":1,"featured_media":0,"parent":11208,"menu_order":0,"comment_status":"closed","ping_status":"closed","template":"elementor_header_footer","meta":{"footnotes":""},"class_list":["post-11170","page","type-page","status-publish","hentry","entry"],"yoast_head":"<!-- This site is optimized with the Yoast SEO Premium plugin v27.4 (Yoast SEO v27.5) - https:\/\/yoast.com\/product\/yoast-seo-premium-wordpress\/ -->\n<title>Scale a chiocciola - SPRICH<\/title>\n<meta name=\"description\" content=\"SPRICH Spindeltreppen sind elegante, platzsparende L\u00f6sungen f\u00fcr Industrie, Fluchtwege oder private Zug\u00e4nge. Individuell gefertigt, vielseitig einsetzbar und dank Systembauweise einfach \u00fcber mehrere Etagen montierbar.\" \/>\n<meta name=\"robots\" content=\"index, follow, max-snippet:-1, max-image-preview:large, max-video-preview:-1\" \/>\n<link rel=\"canonical\" href=\"https:\/\/www.sprich.ch\/it\/prodotti\/scale\/scale-a-chiocciola\" \/>\n<meta property=\"og:locale\" content=\"it_IT\" \/>\n<meta property=\"og:type\" content=\"article\" \/>\n<meta property=\"og:title\" content=\"Scale a chiocciola\" \/>\n<meta property=\"og:description\" content=\"SPRICH Spindeltreppen sind elegante, platzsparende L\u00f6sungen f\u00fcr Industrie, Fluchtwege oder private Zug\u00e4nge. Individuell gefertigt, vielseitig einsetzbar und dank Systembauweise einfach \u00fcber mehrere Etagen montierbar.\" \/>\n<meta property=\"og:url\" content=\"https:\/\/www.sprich.ch\/it\/prodotti\/scale\/scale-a-chiocciola\" \/>\n<meta property=\"og:site_name\" content=\"SPRICH\" \/>\n<meta property=\"article:modified_time\" content=\"2025-12-10T15:28:37+00:00\" \/>\n<meta property=\"og:image\" content=\"https:\/\/www.sprich.ch\/wp-content\/uploads\/2025\/10\/sprich_spindeltreppe-entry_feuerverzinkt_header_nr01_2025.jpg\" \/>\n\t<meta property=\"og:image:width\" content=\"1160\" \/>\n\t<meta property=\"og:image:height\" content=\"1160\" \/>\n\t<meta property=\"og:image:type\" content=\"image\/jpeg\" \/>\n<meta name=\"twitter:card\" content=\"summary_large_image\" \/>\n<script type=\"application\/ld+json\" class=\"yoast-schema-graph\">{\"@context\":\"https:\\\/\\\/schema.org\",\"@graph\":[{\"@type\":\"WebPage\",\"@id\":\"https:\\\/\\\/www.sprich.ch\\\/it\\\/prodotti\\\/scale\\\/scale-a-chiocciola\",\"url\":\"https:\\\/\\\/www.sprich.ch\\\/it\\\/prodotti\\\/scale\\\/scale-a-chiocciola\",\"name\":\"Scale a chiocciola - SPRICH\",\"isPartOf\":{\"@id\":\"https:\\\/\\\/www.sprich.ch\\\/it#website\"},\"primaryImageOfPage\":{\"@id\":\"https:\\\/\\\/www.sprich.ch\\\/it\\\/prodotti\\\/scale\\\/scale-a-chiocciola#primaryimage\"},\"image\":{\"@id\":\"https:\\\/\\\/www.sprich.ch\\\/it\\\/prodotti\\\/scale\\\/scale-a-chiocciola#primaryimage\"},\"thumbnailUrl\":\"https:\\\/\\\/www.sprich.ch\\\/wp-content\\\/uploads\\\/2025\\\/10\\\/sprich_spindeltreppe-entry_feuerverzinkt_header_nr01_2025-1024x1024.jpg\",\"datePublished\":\"2025-11-10T19:18:47+00:00\",\"dateModified\":\"2025-12-10T15:28:37+00:00\",\"description\":\"SPRICH Spindeltreppen sind elegante, platzsparende L\u00f6sungen f\u00fcr Industrie, Fluchtwege oder private Zug\u00e4nge. Individuell gefertigt, vielseitig einsetzbar und dank Systembauweise einfach \u00fcber mehrere Etagen montierbar.\",\"breadcrumb\":{\"@id\":\"https:\\\/\\\/www.sprich.ch\\\/it\\\/prodotti\\\/scale\\\/scale-a-chiocciola#breadcrumb\"},\"inLanguage\":\"it-IT\",\"potentialAction\":[{\"@type\":\"ReadAction\",\"target\":[\"https:\\\/\\\/www.sprich.ch\\\/it\\\/prodotti\\\/scale\\\/scale-a-chiocciola\"]}]},{\"@type\":\"ImageObject\",\"inLanguage\":\"it-IT\",\"@id\":\"https:\\\/\\\/www.sprich.ch\\\/it\\\/prodotti\\\/scale\\\/scale-a-chiocciola#primaryimage\",\"url\":\"https:\\\/\\\/www.sprich.ch\\\/wp-content\\\/uploads\\\/2025\\\/10\\\/sprich_spindeltreppe-entry_feuerverzinkt_header_nr01_2025-1024x1024.jpg\",\"contentUrl\":\"https:\\\/\\\/www.sprich.ch\\\/wp-content\\\/uploads\\\/2025\\\/10\\\/sprich_spindeltreppe-entry_feuerverzinkt_header_nr01_2025-1024x1024.jpg\"},{\"@type\":\"BreadcrumbList\",\"@id\":\"https:\\\/\\\/www.sprich.ch\\\/it\\\/prodotti\\\/scale\\\/scale-a-chiocciola#breadcrumb\",\"itemListElement\":[{\"@type\":\"ListItem\",\"position\":1,\"name\":\"Home\",\"item\":\"https:\\\/\\\/www.sprich.ch\\\/it\"},{\"@type\":\"ListItem\",\"position\":2,\"name\":\"I nostri prodotti\",\"item\":\"https:\\\/\\\/www.sprich.ch\\\/it\\\/produkte\"},{\"@type\":\"ListItem\",\"position\":3,\"name\":\"Scale\",\"item\":\"https:\\\/\\\/www.sprich.ch\\\/it\\\/produkte\\\/treppen\"},{\"@type\":\"ListItem\",\"position\":4,\"name\":\"Scale a chiocciola\"}]},{\"@type\":\"WebSite\",\"@id\":\"https:\\\/\\\/www.sprich.ch\\\/it#website\",\"url\":\"https:\\\/\\\/www.sprich.ch\\\/it\",\"name\":\"SPRICH\",\"description\":\"Gitterroste, Leitern, Treppen\",\"publisher\":{\"@id\":\"https:\\\/\\\/www.sprich.ch\\\/it#organization\"},\"potentialAction\":[{\"@type\":\"SearchAction\",\"target\":{\"@type\":\"EntryPoint\",\"urlTemplate\":\"https:\\\/\\\/www.sprich.ch\\\/it?s={search_term_string}\"},\"query-input\":{\"@type\":\"PropertyValueSpecification\",\"valueRequired\":true,\"valueName\":\"search_term_string\"}}],\"inLanguage\":\"it-IT\"},{\"@type\":\"Organization\",\"@id\":\"https:\\\/\\\/www.sprich.ch\\\/it#organization\",\"name\":\"SPRICH\",\"url\":\"https:\\\/\\\/www.sprich.ch\\\/it\",\"logo\":{\"@type\":\"ImageObject\",\"inLanguage\":\"it-IT\",\"@id\":\"https:\\\/\\\/www.sprich.ch\\\/it#\\\/schema\\\/logo\\\/image\\\/\",\"url\":\"https:\\\/\\\/www.sprich.ch\\\/wp-content\\\/uploads\\\/2025\\\/09\\\/Sprich_Logo_rgb_pos_quer_600dpi-1-scaled.png\",\"contentUrl\":\"https:\\\/\\\/www.sprich.ch\\\/wp-content\\\/uploads\\\/2025\\\/09\\\/Sprich_Logo_rgb_pos_quer_600dpi-1-scaled.png\",\"width\":2560,\"height\":695,\"caption\":\"SPRICH\"},\"image\":{\"@id\":\"https:\\\/\\\/www.sprich.ch\\\/it#\\\/schema\\\/logo\\\/image\\\/\"}}]}<\/script>\n<!-- \/ Yoast SEO Premium plugin. -->","yoast_head_json":{"title":"Scale a chiocciola - SPRICH","description":"SPRICH Spindeltreppen sind elegante, platzsparende L\u00f6sungen f\u00fcr Industrie, Fluchtwege oder private Zug\u00e4nge. Individuell gefertigt, vielseitig einsetzbar und dank Systembauweise einfach \u00fcber mehrere Etagen montierbar.","robots":{"index":"index","follow":"follow","max-snippet":"max-snippet:-1","max-image-preview":"max-image-preview:large","max-video-preview":"max-video-preview:-1"},"canonical":"https:\/\/www.sprich.ch\/it\/prodotti\/scale\/scale-a-chiocciola","og_locale":"it_IT","og_type":"article","og_title":"Scale a chiocciola","og_description":"SPRICH Spindeltreppen sind elegante, platzsparende L\u00f6sungen f\u00fcr Industrie, Fluchtwege oder private Zug\u00e4nge. Individuell gefertigt, vielseitig einsetzbar und dank Systembauweise einfach \u00fcber mehrere Etagen montierbar.","og_url":"https:\/\/www.sprich.ch\/it\/prodotti\/scale\/scale-a-chiocciola","og_site_name":"SPRICH","article_modified_time":"2025-12-10T15:28:37+00:00","og_image":[{"width":1160,"height":1160,"url":"https:\/\/www.sprich.ch\/wp-content\/uploads\/2025\/10\/sprich_spindeltreppe-entry_feuerverzinkt_header_nr01_2025.jpg","type":"image\/jpeg"}],"twitter_card":"summary_large_image","schema":{"@context":"https:\/\/schema.org","@graph":[{"@type":"WebPage","@id":"https:\/\/www.sprich.ch\/it\/prodotti\/scale\/scale-a-chiocciola","url":"https:\/\/www.sprich.ch\/it\/prodotti\/scale\/scale-a-chiocciola","name":"Scale a chiocciola - SPRICH","isPartOf":{"@id":"https:\/\/www.sprich.ch\/it#website"},"primaryImageOfPage":{"@id":"https:\/\/www.sprich.ch\/it\/prodotti\/scale\/scale-a-chiocciola#primaryimage"},"image":{"@id":"https:\/\/www.sprich.ch\/it\/prodotti\/scale\/scale-a-chiocciola#primaryimage"},"thumbnailUrl":"https:\/\/www.sprich.ch\/wp-content\/uploads\/2025\/10\/sprich_spindeltreppe-entry_feuerverzinkt_header_nr01_2025-1024x1024.jpg","datePublished":"2025-11-10T19:18:47+00:00","dateModified":"2025-12-10T15:28:37+00:00","description":"SPRICH Spindeltreppen sind elegante, platzsparende L\u00f6sungen f\u00fcr Industrie, Fluchtwege oder private Zug\u00e4nge. Individuell gefertigt, vielseitig einsetzbar und dank Systembauweise einfach \u00fcber mehrere Etagen montierbar.","breadcrumb":{"@id":"https:\/\/www.sprich.ch\/it\/prodotti\/scale\/scale-a-chiocciola#breadcrumb"},"inLanguage":"it-IT","potentialAction":[{"@type":"ReadAction","target":["https:\/\/www.sprich.ch\/it\/prodotti\/scale\/scale-a-chiocciola"]}]},{"@type":"ImageObject","inLanguage":"it-IT","@id":"https:\/\/www.sprich.ch\/it\/prodotti\/scale\/scale-a-chiocciola#primaryimage","url":"https:\/\/www.sprich.ch\/wp-content\/uploads\/2025\/10\/sprich_spindeltreppe-entry_feuerverzinkt_header_nr01_2025-1024x1024.jpg","contentUrl":"https:\/\/www.sprich.ch\/wp-content\/uploads\/2025\/10\/sprich_spindeltreppe-entry_feuerverzinkt_header_nr01_2025-1024x1024.jpg"},{"@type":"BreadcrumbList","@id":"https:\/\/www.sprich.ch\/it\/prodotti\/scale\/scale-a-chiocciola#breadcrumb","itemListElement":[{"@type":"ListItem","position":1,"name":"Home","item":"https:\/\/www.sprich.ch\/it"},{"@type":"ListItem","position":2,"name":"I nostri prodotti","item":"https:\/\/www.sprich.ch\/it\/produkte"},{"@type":"ListItem","position":3,"name":"Scale","item":"https:\/\/www.sprich.ch\/it\/produkte\/treppen"},{"@type":"ListItem","position":4,"name":"Scale a chiocciola"}]},{"@type":"WebSite","@id":"https:\/\/www.sprich.ch\/it#website","url":"https:\/\/www.sprich.ch\/it","name":"SPRICH","description":"Gitterroste, Leitern, Treppen","publisher":{"@id":"https:\/\/www.sprich.ch\/it#organization"},"potentialAction":[{"@type":"SearchAction","target":{"@type":"EntryPoint","urlTemplate":"https:\/\/www.sprich.ch\/it?s={search_term_string}"},"query-input":{"@type":"PropertyValueSpecification","valueRequired":true,"valueName":"search_term_string"}}],"inLanguage":"it-IT"},{"@type":"Organization","@id":"https:\/\/www.sprich.ch\/it#organization","name":"SPRICH","url":"https:\/\/www.sprich.ch\/it","logo":{"@type":"ImageObject","inLanguage":"it-IT","@id":"https:\/\/www.sprich.ch\/it#\/schema\/logo\/image\/","url":"https:\/\/www.sprich.ch\/wp-content\/uploads\/2025\/09\/Sprich_Logo_rgb_pos_quer_600dpi-1-scaled.png","contentUrl":"https:\/\/www.sprich.ch\/wp-content\/uploads\/2025\/09\/Sprich_Logo_rgb_pos_quer_600dpi-1-scaled.png","width":2560,"height":695,"caption":"SPRICH"},"image":{"@id":"https:\/\/www.sprich.ch\/it#\/schema\/logo\/image\/"}}]}},"_links":{"self":[{"href":"https:\/\/www.sprich.ch\/it\/wp-json\/wp\/v2\/pages\/11170","targetHints":{"allow":["GET"]}}],"collection":[{"href":"https:\/\/www.sprich.ch\/it\/wp-json\/wp\/v2\/pages"}],"about":[{"href":"https:\/\/www.sprich.ch\/it\/wp-json\/wp\/v2\/types\/page"}],"author":[{"embeddable":true,"href":"https:\/\/www.sprich.ch\/it\/wp-json\/wp\/v2\/users\/1"}],"replies":[{"embeddable":true,"href":"https:\/\/www.sprich.ch\/it\/wp-json\/wp\/v2\/comments?post=11170"}],"version-history":[{"count":6,"href":"https:\/\/www.sprich.ch\/it\/wp-json\/wp\/v2\/pages\/11170\/revisions"}],"predecessor-version":[{"id":20343,"href":"https:\/\/www.sprich.ch\/it\/wp-json\/wp\/v2\/pages\/11170\/revisions\/20343"}],"up":[{"embeddable":true,"href":"https:\/\/www.sprich.ch\/it\/wp-json\/wp\/v2\/pages\/11208"}],"wp:attachment":[{"href":"https:\/\/www.sprich.ch\/it\/wp-json\/wp\/v2\/media?parent=11170"}],"curies":[{"name":"wp","href":"https:\/\/api.w.org\/{rel}","templated":true}]}}