{"id":7759,"date":"2025-10-29T10:51:19","date_gmt":"2025-10-29T10:51:19","guid":{"rendered":"https:\/\/www.sprich.ch\/production-de-caillebotis\/"},"modified":"2025-12-10T14:16:41","modified_gmt":"2025-12-10T14:16:41","slug":"production-de-caillebotis","status":"publish","type":"page","link":"https:\/\/www.sprich.ch\/fr\/produits\/production\/production-de-caillebotis","title":{"rendered":"Production de caillebotis"},"content":{"rendered":"\t\t<div data-elementor-type=\"wp-page\" data-elementor-id=\"7759\" class=\"elementor elementor-7759 elementor-4720\" data-elementor-post-type=\"page\">\n\t\t\t\t<div class=\"elementor-element elementor-element-2a327fe e-con-full e-flex wpr-particle-no wpr-jarallax-no wpr-parallax-no wpr-sticky-section-no wpr-equal-height-no e-con e-parent\" data-id=\"2a327fe\" data-element_type=\"container\" data-e-type=\"container\" data-settings=\"{&quot;background_background&quot;:&quot;classic&quot;}\">\n\t\t\t\t<\/div>\n\t\t<div class=\"elementor-element elementor-element-ef4e88b e-con-full e-flex wpr-particle-no wpr-jarallax-no wpr-parallax-no wpr-sticky-section-no wpr-equal-height-no e-con e-parent\" data-id=\"ef4e88b\" data-element_type=\"container\" data-e-type=\"container\">\n\t\t\t\t<div class=\"elementor-element elementor-element-2d64c69 elementor-widget elementor-widget-spacer\" data-id=\"2d64c69\" data-element_type=\"widget\" data-e-type=\"widget\" data-widget_type=\"spacer.default\">\n\t\t\t\t\t\t\t<div class=\"elementor-spacer\">\n\t\t\t<div class=\"elementor-spacer-inner\"><\/div>\n\t\t<\/div>\n\t\t\t\t\t\t<\/div>\n\t\t\t\t<div class=\"elementor-element elementor-element-55b4792 elementor-widget elementor-widget-heading\" data-id=\"55b4792\" data-element_type=\"widget\" data-e-type=\"widget\" data-widget_type=\"heading.default\">\n\t\t\t\t\t<h2 class=\"elementor-heading-title elementor-size-default\">NOTRE PRODUCTION DE CAILLEBOTIS EN T\u00d4LE<\/h2>\t\t\t\t<\/div>\n\t\t\t\t<div class=\"elementor-element elementor-element-35031e9 elementor-widget-divider--view-line elementor-widget elementor-widget-divider\" data-id=\"35031e9\" data-element_type=\"widget\" data-e-type=\"widget\" data-widget_type=\"divider.default\">\n\t\t\t\t\t\t\t<div class=\"elementor-divider\">\n\t\t\t<span class=\"elementor-divider-separator\">\n\t\t\t\t\t\t<\/span>\n\t\t<\/div>\n\t\t\t\t\t\t<\/div>\n\t\t\t\t<\/div>\n\t\t<div class=\"elementor-element elementor-element-cc39e8d e-con-full e-flex wpr-particle-no wpr-jarallax-no wpr-parallax-no wpr-sticky-section-no wpr-equal-height-no e-con e-parent\" data-id=\"cc39e8d\" data-element_type=\"container\" data-e-type=\"container\">\n\t\t<div class=\"elementor-element elementor-element-caf5492 e-con-full e-flex wpr-particle-no wpr-jarallax-no wpr-parallax-no wpr-sticky-section-no wpr-equal-height-no e-con e-child\" data-id=\"caf5492\" data-element_type=\"container\" data-e-type=\"container\">\n\t\t\t\t<div class=\"elementor-element elementor-element-39ad4a7 elementor-widget elementor-widget-text-editor\" data-id=\"39ad4a7\" data-element_type=\"widget\" data-e-type=\"widget\" data-widget_type=\"text-editor.default\">\n\t\t\t\t\t\t\t\t\t<h4>Un coup d&rsquo;\u0153il dans les coulisses<\/h4>\n<p><\/p>\n<div class=\"column medium-6\">\n<div id=\"c5201\" class=\"frame frame-default frame-type-textmedia frame-layout-0\">\n<div class=\"ce-textpic ce-right ce-below\">\n<div class=\"ce-bodytext\">\n<p>D\u00e9couvrez comment nos caillebotis en t\u00f4le sont fabriqu\u00e9s et jetez un coup d&rsquo;\u0153il sur nos machines.<\/p>\n<\/div>\n<p><\/div>\n<p><\/div>\n<p><\/div>\n<p><\/p>\n<div class=\"column medium-6\">\n<div id=\"c5200\" class=\"frame frame-default frame-type-textmedia frame-layout-0\">\n<div class=\"ce-textpic ce-right ce-below\">\n<div class=\"ce-bodytext\">\n<p>Nous fabriquons des solutions individuelles pour vous. Demandez-nous &#8211; notre exp\u00e9rience vous fera avancer dans votre projet.<\/p>\n<\/div>\n<p><\/div>\n<p><\/div>\n<p><\/div>\n\t\t\t\t\t\t\t\t<\/div>\n\t\t\t\t<\/div>\n\t\t<div class=\"elementor-element elementor-element-7ff84f1 e-con-full e-flex wpr-particle-no wpr-jarallax-no wpr-parallax-no wpr-sticky-section-no wpr-equal-height-no e-con e-child\" data-id=\"7ff84f1\" data-element_type=\"container\" data-e-type=\"container\">\n\t\t\t\t<div class=\"elementor-element elementor-element-5ba9263 elementor-widget-tablet__width-initial elementor-widget elementor-widget-video\" data-id=\"5ba9263\" data-element_type=\"widget\" data-e-type=\"widget\" data-settings=\"{&quot;youtube_url&quot;:&quot;https:\\\/\\\/youtu.be\\\/2Frk8jRNZG8&quot;,&quot;autoplay&quot;:&quot;yes&quot;,&quot;play_on_mobile&quot;:&quot;yes&quot;,&quot;mute&quot;:&quot;yes&quot;,&quot;video_type&quot;:&quot;youtube&quot;,&quot;controls&quot;:&quot;yes&quot;}\" data-widget_type=\"video.default\">\n\t\t\t\t\t\t\t<div class=\"elementor-wrapper elementor-open-inline\">\n\t\t\t<div class=\"elementor-video\"><\/div>\t\t<\/div>\n\t\t\t\t\t\t<\/div>\n\t\t\t\t<\/div>\n\t\t\t\t<\/div>\n\t\t<div class=\"elementor-element elementor-element-bf53a4e e-flex e-con-boxed wpr-particle-no wpr-jarallax-no wpr-parallax-no wpr-sticky-section-no wpr-equal-height-no e-con e-parent\" data-id=\"bf53a4e\" data-element_type=\"container\" data-e-type=\"container\">\n\t\t\t\t\t<div class=\"e-con-inner\">\n\t\t\t\t<div class=\"elementor-element elementor-element-00cc6e5 elementor-widget elementor-widget-spacer\" data-id=\"00cc6e5\" data-element_type=\"widget\" data-e-type=\"widget\" data-widget_type=\"spacer.default\">\n\t\t\t\t\t\t\t<div class=\"elementor-spacer\">\n\t\t\t<div class=\"elementor-spacer-inner\"><\/div>\n\t\t<\/div>\n\t\t\t\t\t\t<\/div>\n\t\t\t\t\t<\/div>\n\t\t\t\t<\/div>\n\t\t\t\t<\/div>\n\t\t","protected":false},"excerpt":{"rendered":"<p>NOTRE PRODUCTION DE CAILLEBOTIS EN T\u00d4LE Un coup d&rsquo;\u0153il dans les coulisses D\u00e9couvrez comment nos caillebotis en t\u00f4le sont fabriqu\u00e9s et jetez un coup d&rsquo;\u0153il sur nos machines. Nous fabriquons des solutions individuelles pour vous. Demandez-nous &#8211; notre exp\u00e9rience vous fera avancer dans votre projet.<\/p>\n","protected":false},"author":1,"featured_media":0,"parent":8218,"menu_order":0,"comment_status":"closed","ping_status":"closed","template":"elementor_header_footer","meta":{"footnotes":""},"class_list":["post-7759","page","type-page","status-publish","hentry","entry"],"yoast_head":"<!-- This site is optimized with the Yoast SEO Premium plugin v27.4 (Yoast SEO v27.5) - https:\/\/yoast.com\/product\/yoast-seo-premium-wordpress\/ -->\n<title>Production de caillebotis - SPRICH<\/title>\n<meta name=\"description\" content=\"Aper\u00e7u de la production de caillebotis profil\u00e9s : SPRICH fabrique des solutions sur mesure avec des machines modernes \u2013 pr\u00e9cises, flexibles et orient\u00e9es projet.\" \/>\n<meta name=\"robots\" content=\"index, follow, max-snippet:-1, max-image-preview:large, max-video-preview:-1\" \/>\n<link rel=\"canonical\" href=\"https:\/\/www.sprich.ch\/fr\/produits\/production\/production-de-caillebotis\" \/>\n<meta property=\"og:locale\" content=\"fr_FR\" \/>\n<meta property=\"og:type\" content=\"article\" \/>\n<meta property=\"og:title\" content=\"Production de caillebotis\" \/>\n<meta property=\"og:description\" content=\"Aper\u00e7u de la production de caillebotis profil\u00e9s : SPRICH fabrique des solutions sur mesure avec des machines modernes \u2013 pr\u00e9cises, flexibles et orient\u00e9es projet.\" \/>\n<meta property=\"og:url\" content=\"https:\/\/www.sprich.ch\/fr\/produits\/production\/production-de-caillebotis\" \/>\n<meta property=\"og:site_name\" content=\"SPRICH\" \/>\n<meta property=\"article:modified_time\" content=\"2025-12-10T14:16:41+00:00\" \/>\n<meta name=\"twitter:card\" content=\"summary_large_image\" \/>\n<script type=\"application\/ld+json\" class=\"yoast-schema-graph\">{\"@context\":\"https:\\\/\\\/schema.org\",\"@graph\":[{\"@type\":\"WebPage\",\"@id\":\"https:\\\/\\\/www.sprich.ch\\\/fr\\\/produits\\\/production\\\/production-de-caillebotis\",\"url\":\"https:\\\/\\\/www.sprich.ch\\\/fr\\\/produits\\\/production\\\/production-de-caillebotis\",\"name\":\"Production de caillebotis - SPRICH\",\"isPartOf\":{\"@id\":\"https:\\\/\\\/www.sprich.ch\\\/fr#website\"},\"datePublished\":\"2025-10-29T10:51:19+00:00\",\"dateModified\":\"2025-12-10T14:16:41+00:00\",\"description\":\"Aper\u00e7u de la production de caillebotis profil\u00e9s : SPRICH fabrique des solutions sur mesure avec des machines modernes \u2013 pr\u00e9cises, flexibles et orient\u00e9es projet.\",\"breadcrumb\":{\"@id\":\"https:\\\/\\\/www.sprich.ch\\\/fr\\\/produits\\\/production\\\/production-de-caillebotis#breadcrumb\"},\"inLanguage\":\"fr-FR\",\"potentialAction\":[{\"@type\":\"ReadAction\",\"target\":[\"https:\\\/\\\/www.sprich.ch\\\/fr\\\/produits\\\/production\\\/production-de-caillebotis\"]}]},{\"@type\":\"BreadcrumbList\",\"@id\":\"https:\\\/\\\/www.sprich.ch\\\/fr\\\/produits\\\/production\\\/production-de-caillebotis#breadcrumb\",\"itemListElement\":[{\"@type\":\"ListItem\",\"position\":1,\"name\":\"Home\",\"item\":\"https:\\\/\\\/www.sprich.ch\\\/fr\"},{\"@type\":\"ListItem\",\"position\":2,\"name\":\"Nos produits\",\"item\":\"https:\\\/\\\/www.sprich.ch\\\/fr\\\/produkte\"},{\"@type\":\"ListItem\",\"position\":3,\"name\":\"Production\",\"item\":\"https:\\\/\\\/www.sprich.ch\\\/fr\\\/produkte\\\/produktionen\"},{\"@type\":\"ListItem\",\"position\":4,\"name\":\"Production de caillebotis\"}]},{\"@type\":\"WebSite\",\"@id\":\"https:\\\/\\\/www.sprich.ch\\\/fr#website\",\"url\":\"https:\\\/\\\/www.sprich.ch\\\/fr\",\"name\":\"SPRICH\",\"description\":\"Gitterroste, Leitern, Treppen\",\"publisher\":{\"@id\":\"https:\\\/\\\/www.sprich.ch\\\/fr#organization\"},\"potentialAction\":[{\"@type\":\"SearchAction\",\"target\":{\"@type\":\"EntryPoint\",\"urlTemplate\":\"https:\\\/\\\/www.sprich.ch\\\/fr?s={search_term_string}\"},\"query-input\":{\"@type\":\"PropertyValueSpecification\",\"valueRequired\":true,\"valueName\":\"search_term_string\"}}],\"inLanguage\":\"fr-FR\"},{\"@type\":\"Organization\",\"@id\":\"https:\\\/\\\/www.sprich.ch\\\/fr#organization\",\"name\":\"SPRICH\",\"url\":\"https:\\\/\\\/www.sprich.ch\\\/fr\",\"logo\":{\"@type\":\"ImageObject\",\"inLanguage\":\"fr-FR\",\"@id\":\"https:\\\/\\\/www.sprich.ch\\\/fr#\\\/schema\\\/logo\\\/image\\\/\",\"url\":\"https:\\\/\\\/www.sprich.ch\\\/wp-content\\\/uploads\\\/2025\\\/09\\\/Sprich_Logo_rgb_pos_quer_600dpi-1-scaled.png\",\"contentUrl\":\"https:\\\/\\\/www.sprich.ch\\\/wp-content\\\/uploads\\\/2025\\\/09\\\/Sprich_Logo_rgb_pos_quer_600dpi-1-scaled.png\",\"width\":2560,\"height\":695,\"caption\":\"SPRICH\"},\"image\":{\"@id\":\"https:\\\/\\\/www.sprich.ch\\\/fr#\\\/schema\\\/logo\\\/image\\\/\"}}]}<\/script>\n<!-- \/ Yoast SEO Premium plugin. -->","yoast_head_json":{"title":"Production de caillebotis - SPRICH","description":"Aper\u00e7u de la production de caillebotis profil\u00e9s : SPRICH fabrique des solutions sur mesure avec des machines modernes \u2013 pr\u00e9cises, flexibles et orient\u00e9es projet.","robots":{"index":"index","follow":"follow","max-snippet":"max-snippet:-1","max-image-preview":"max-image-preview:large","max-video-preview":"max-video-preview:-1"},"canonical":"https:\/\/www.sprich.ch\/fr\/produits\/production\/production-de-caillebotis","og_locale":"fr_FR","og_type":"article","og_title":"Production de caillebotis","og_description":"Aper\u00e7u de la production de caillebotis profil\u00e9s : SPRICH fabrique des solutions sur mesure avec des machines modernes \u2013 pr\u00e9cises, flexibles et orient\u00e9es projet.","og_url":"https:\/\/www.sprich.ch\/fr\/produits\/production\/production-de-caillebotis","og_site_name":"SPRICH","article_modified_time":"2025-12-10T14:16:41+00:00","twitter_card":"summary_large_image","schema":{"@context":"https:\/\/schema.org","@graph":[{"@type":"WebPage","@id":"https:\/\/www.sprich.ch\/fr\/produits\/production\/production-de-caillebotis","url":"https:\/\/www.sprich.ch\/fr\/produits\/production\/production-de-caillebotis","name":"Production de caillebotis - SPRICH","isPartOf":{"@id":"https:\/\/www.sprich.ch\/fr#website"},"datePublished":"2025-10-29T10:51:19+00:00","dateModified":"2025-12-10T14:16:41+00:00","description":"Aper\u00e7u de la production de caillebotis profil\u00e9s : SPRICH fabrique des solutions sur mesure avec des machines modernes \u2013 pr\u00e9cises, flexibles et orient\u00e9es projet.","breadcrumb":{"@id":"https:\/\/www.sprich.ch\/fr\/produits\/production\/production-de-caillebotis#breadcrumb"},"inLanguage":"fr-FR","potentialAction":[{"@type":"ReadAction","target":["https:\/\/www.sprich.ch\/fr\/produits\/production\/production-de-caillebotis"]}]},{"@type":"BreadcrumbList","@id":"https:\/\/www.sprich.ch\/fr\/produits\/production\/production-de-caillebotis#breadcrumb","itemListElement":[{"@type":"ListItem","position":1,"name":"Home","item":"https:\/\/www.sprich.ch\/fr"},{"@type":"ListItem","position":2,"name":"Nos produits","item":"https:\/\/www.sprich.ch\/fr\/produkte"},{"@type":"ListItem","position":3,"name":"Production","item":"https:\/\/www.sprich.ch\/fr\/produkte\/produktionen"},{"@type":"ListItem","position":4,"name":"Production de caillebotis"}]},{"@type":"WebSite","@id":"https:\/\/www.sprich.ch\/fr#website","url":"https:\/\/www.sprich.ch\/fr","name":"SPRICH","description":"Gitterroste, Leitern, Treppen","publisher":{"@id":"https:\/\/www.sprich.ch\/fr#organization"},"potentialAction":[{"@type":"SearchAction","target":{"@type":"EntryPoint","urlTemplate":"https:\/\/www.sprich.ch\/fr?s={search_term_string}"},"query-input":{"@type":"PropertyValueSpecification","valueRequired":true,"valueName":"search_term_string"}}],"inLanguage":"fr-FR"},{"@type":"Organization","@id":"https:\/\/www.sprich.ch\/fr#organization","name":"SPRICH","url":"https:\/\/www.sprich.ch\/fr","logo":{"@type":"ImageObject","inLanguage":"fr-FR","@id":"https:\/\/www.sprich.ch\/fr#\/schema\/logo\/image\/","url":"https:\/\/www.sprich.ch\/wp-content\/uploads\/2025\/09\/Sprich_Logo_rgb_pos_quer_600dpi-1-scaled.png","contentUrl":"https:\/\/www.sprich.ch\/wp-content\/uploads\/2025\/09\/Sprich_Logo_rgb_pos_quer_600dpi-1-scaled.png","width":2560,"height":695,"caption":"SPRICH"},"image":{"@id":"https:\/\/www.sprich.ch\/fr#\/schema\/logo\/image\/"}}]}},"_links":{"self":[{"href":"https:\/\/www.sprich.ch\/fr\/wp-json\/wp\/v2\/pages\/7759","targetHints":{"allow":["GET"]}}],"collection":[{"href":"https:\/\/www.sprich.ch\/fr\/wp-json\/wp\/v2\/pages"}],"about":[{"href":"https:\/\/www.sprich.ch\/fr\/wp-json\/wp\/v2\/types\/page"}],"author":[{"embeddable":true,"href":"https:\/\/www.sprich.ch\/fr\/wp-json\/wp\/v2\/users\/1"}],"replies":[{"embeddable":true,"href":"https:\/\/www.sprich.ch\/fr\/wp-json\/wp\/v2\/comments?post=7759"}],"version-history":[{"count":6,"href":"https:\/\/www.sprich.ch\/fr\/wp-json\/wp\/v2\/pages\/7759\/revisions"}],"predecessor-version":[{"id":20260,"href":"https:\/\/www.sprich.ch\/fr\/wp-json\/wp\/v2\/pages\/7759\/revisions\/20260"}],"up":[{"embeddable":true,"href":"https:\/\/www.sprich.ch\/fr\/wp-json\/wp\/v2\/pages\/8218"}],"wp:attachment":[{"href":"https:\/\/www.sprich.ch\/fr\/wp-json\/wp\/v2\/media?parent=7759"}],"curies":[{"name":"wp","href":"https:\/\/api.w.org\/{rel}","templated":true}]}}