{"id":7752,"date":"2025-09-23T12:06:02","date_gmt":"2025-09-23T12:06:02","guid":{"rendered":"https:\/\/www.sprich.ch\/formation-professionnelle\/"},"modified":"2025-12-10T15:36:59","modified_gmt":"2025-12-10T15:36:59","slug":"formation-professionnelle","status":"publish","type":"page","link":"https:\/\/www.sprich.ch\/fr\/entreprise\/travailler-chez-sprich\/formation-professionnelle","title":{"rendered":"Formation Professionnelle"},"content":{"rendered":"\t\t<div data-elementor-type=\"wp-page\" data-elementor-id=\"7752\" class=\"elementor elementor-7752 elementor-817\" data-elementor-post-type=\"page\">\n\t\t\t\t<div class=\"elementor-element elementor-element-541607d e-con-full e-flex wpr-particle-no wpr-jarallax-no wpr-parallax-no wpr-sticky-section-no wpr-equal-height-no e-con e-parent\" data-id=\"541607d\" data-element_type=\"container\" data-e-type=\"container\" data-settings=\"{&quot;background_background&quot;:&quot;classic&quot;}\">\n\t\t\t\t<\/div>\n\t\t<div class=\"elementor-element elementor-element-07b10bd e-con-full e-flex wpr-particle-no wpr-jarallax-no wpr-parallax-no wpr-sticky-section-no wpr-equal-height-no e-con e-parent\" data-id=\"07b10bd\" data-element_type=\"container\" data-e-type=\"container\">\n\t\t\t\t<div class=\"elementor-element elementor-element-a1a5758 elementor-widget elementor-widget-spacer\" data-id=\"a1a5758\" data-element_type=\"widget\" data-e-type=\"widget\" data-widget_type=\"spacer.default\">\n\t\t\t\t\t\t\t<div class=\"elementor-spacer\">\n\t\t\t<div class=\"elementor-spacer-inner\"><\/div>\n\t\t<\/div>\n\t\t\t\t\t\t<\/div>\n\t\t\t\t<div class=\"elementor-element elementor-element-d0d118e elementor-widget elementor-widget-heading\" data-id=\"d0d118e\" data-element_type=\"widget\" data-e-type=\"widget\" data-widget_type=\"heading.default\">\n\t\t\t\t\t<h2 class=\"elementor-heading-title elementor-size-default\">FORMATION PROFESSIONNELLE<\/h2>\t\t\t\t<\/div>\n\t\t\t\t<div class=\"elementor-element elementor-element-0c9da7c elementor-widget-divider--view-line elementor-widget elementor-widget-divider\" data-id=\"0c9da7c\" data-element_type=\"widget\" data-e-type=\"widget\" data-widget_type=\"divider.default\">\n\t\t\t\t\t\t\t<div class=\"elementor-divider\">\n\t\t\t<span class=\"elementor-divider-separator\">\n\t\t\t\t\t\t<\/span>\n\t\t<\/div>\n\t\t\t\t\t\t<\/div>\n\t\t\t\t<div class=\"elementor-element elementor-element-9f2cb45 elementor-widget elementor-widget-text-editor\" data-id=\"9f2cb45\" data-element_type=\"widget\" data-e-type=\"widget\" data-widget_type=\"text-editor.default\">\n\t\t\t\t\t\t\t\t\t<p><strong>La formation professionnelle chez nous\u00a0: ton avenir dans le domaine commercial<\/strong><\/p>\n<p>Nous attachons une grande importance \u00e0 la formation des jeunes talents. C\u2019est pourquoi nous offrons aux jeunes motiv\u00e9s la possibilit\u00e9 de suivre chez nous une <strong>formation commerciale initiale (CFC) dans la branche du commerce<\/strong> .<\/p>\n<p>Notre <strong>formation de trois ans<\/strong> te permet d\u2019acqu\u00e9rir une large base de connaissances sp\u00e9cialis\u00e9es et d\u2019exp\u00e9rience pratique. Pendant ton apprentissage, tu passeras par diff\u00e9rents d\u00e9partements et auras ainsi un aper\u00e7u passionnant de diff\u00e9rents domaines d\u2019activit\u00e9 :<\/p>\n<ul>\n<li><strong>Achats<\/strong> &#8211; de la demande d\u2019offre \u00e0 l\u2019achat de marchandises<\/li>\n<li><strong>Service interne des ventes<\/strong> &#8211; contact direct avec la client\u00e8le et traitement des commandes<\/li>\n<li><strong>Service technico-commercial<\/strong> &#8211; interface entre les clients et la technique<\/li>\n<li><strong>Marketing<\/strong> &#8211; projets cr\u00e9atifs et strat\u00e9gies de communication<\/li>\n<li><strong>Technique<\/strong> &#8211; compr\u00e9hension de nos produits et services<\/li>\n<li><strong>Comptabilit\u00e9<\/strong> &#8211; chiffres, factures et processus financiers<\/li>\n<\/ul>\n<p>Gr\u00e2ce \u00e0 cette polyvalence, tu seras pr\u00e9par\u00e9 de mani\u00e8re optimale au monde du travail. Apr\u00e8s avoir termin\u00e9 l\u2019apprentissage avec succ\u00e8s, il est possible d\u2019obtenir un <strong>emploi fixe<\/strong> dans notre entreprise.<\/p>\n<p>Outre la formation initiale, nous proposons \u00e9galement <strong>des places de stage<\/strong> dans le domaine commercial\u00a0: une occasion id\u00e9ale d\u2019acqu\u00e9rir une premi\u00e8re exp\u00e9rience professionnelle et de d\u00e9couvrir le commerce de l\u2019int\u00e9rieur.<\/p>\n<p>Commence ton avenir chez nous\u00a0! Nous nous r\u00e9jouissons d\u2019accueillir des apprentis motiv\u00e9s qui souhaitent grandir avec nous.<\/p>\n<p>Nous attendons ta candidature num\u00e9rique spontan\u00e9e : <a href=\"mailto:personalabteilung@sprich.ch\">personalabteilung@sprich.ch<\/a><\/p>\n\t\t\t\t\t\t\t\t<\/div>\n\t\t\t\t<div class=\"elementor-element elementor-element-f0945c2 elementor-widget elementor-widget-spacer\" data-id=\"f0945c2\" data-element_type=\"widget\" data-e-type=\"widget\" data-widget_type=\"spacer.default\">\n\t\t\t\t\t\t\t<div class=\"elementor-spacer\">\n\t\t\t<div class=\"elementor-spacer-inner\"><\/div>\n\t\t<\/div>\n\t\t\t\t\t\t<\/div>\n\t\t\t\t<\/div>\n\t\t\t\t<\/div>\n\t\t","protected":false},"excerpt":{"rendered":"<p>FORMATION PROFESSIONNELLE La formation professionnelle chez nous\u00a0: ton avenir dans le domaine commercial Nous attachons une grande importance \u00e0 la formation des jeunes talents. C\u2019est pourquoi nous offrons aux jeunes motiv\u00e9s la possibilit\u00e9 de suivre chez nous une formation commerciale initiale (CFC) dans la branche du commerce . Notre formation de trois ans te permet d\u2019acqu\u00e9rir une large base de connaissances sp\u00e9cialis\u00e9es et d\u2019exp\u00e9rience pratique. Pendant ton apprentissage, tu passeras par diff\u00e9rents d\u00e9partements et auras ainsi un aper\u00e7u passionnant de diff\u00e9rents domaines d\u2019activit\u00e9 : Achats &#8211; de la demande d\u2019offre \u00e0 l\u2019achat de marchandises Service interne des ventes &#8211; contact direct avec la client\u00e8le et traitement des commandes Service technico-commercial &#8211; interface entre les clients et la technique Marketing &#8211; projets cr\u00e9atifs et strat\u00e9gies de communication Technique &#8211; compr\u00e9hension de nos produits et services Comptabilit\u00e9 &#8211; chiffres, factures et processus financiers Gr\u00e2ce \u00e0 cette polyvalence, tu seras pr\u00e9par\u00e9 de mani\u00e8re optimale au monde du travail. Apr\u00e8s avoir termin\u00e9 l\u2019apprentissage avec succ\u00e8s, il est possible d\u2019obtenir un emploi fixe dans notre entreprise. Outre la formation initiale, nous proposons \u00e9galement des places de stage dans le domaine commercial\u00a0: une occasion id\u00e9ale d\u2019acqu\u00e9rir une premi\u00e8re exp\u00e9rience professionnelle et de d\u00e9couvrir le commerce de l\u2019int\u00e9rieur. Commence ton avenir chez nous\u00a0! Nous nous r\u00e9jouissons d\u2019accueillir des apprentis motiv\u00e9s qui souhaitent grandir avec nous. Nous attendons ta candidature num\u00e9rique spontan\u00e9e : personalabteilung@sprich.ch<\/p>\n","protected":false},"author":1,"featured_media":0,"parent":9842,"menu_order":0,"comment_status":"closed","ping_status":"closed","template":"elementor_header_footer","meta":{"footnotes":""},"class_list":["post-7752","page","type-page","status-publish","hentry","entry"],"yoast_head":"<!-- This site is optimized with the Yoast SEO Premium plugin v27.4 (Yoast SEO v27.5) - https:\/\/yoast.com\/product\/yoast-seo-premium-wordpress\/ -->\n<title>Formation Professionnelle - SPRICH<\/title>\n<meta name=\"description\" content=\"Qualifizierte Ausbildung mit Praxisbezug, pers\u00f6nlicher Betreuung und starken Zukunftsperspektiven f\u00fcr Lernende.\" \/>\n<meta name=\"robots\" content=\"index, follow, max-snippet:-1, max-image-preview:large, max-video-preview:-1\" \/>\n<link rel=\"canonical\" href=\"https:\/\/www.sprich.ch\/fr\/entreprise\/travailler-chez-sprich\/formation-professionnelle\" \/>\n<meta property=\"og:locale\" content=\"fr_FR\" \/>\n<meta property=\"og:type\" content=\"article\" \/>\n<meta property=\"og:title\" content=\"Formation Professionnelle\" \/>\n<meta property=\"og:description\" content=\"Qualifizierte Ausbildung mit Praxisbezug, pers\u00f6nlicher Betreuung und starken Zukunftsperspektiven f\u00fcr Lernende.\" \/>\n<meta property=\"og:url\" content=\"https:\/\/www.sprich.ch\/fr\/entreprise\/travailler-chez-sprich\/formation-professionnelle\" \/>\n<meta property=\"og:site_name\" content=\"SPRICH\" \/>\n<meta property=\"article:modified_time\" content=\"2025-12-10T15:36:59+00:00\" \/>\n<meta name=\"twitter:card\" content=\"summary_large_image\" \/>\n<meta name=\"twitter:label1\" content=\"Dur\u00e9e de lecture estim\u00e9e\" \/>\n\t<meta name=\"twitter:data1\" content=\"1 minute\" \/>\n<script type=\"application\/ld+json\" class=\"yoast-schema-graph\">{\"@context\":\"https:\\\/\\\/schema.org\",\"@graph\":[{\"@type\":\"WebPage\",\"@id\":\"https:\\\/\\\/www.sprich.ch\\\/fr\\\/entreprise\\\/travailler-chez-sprich\\\/formation-professionnelle\",\"url\":\"https:\\\/\\\/www.sprich.ch\\\/fr\\\/entreprise\\\/travailler-chez-sprich\\\/formation-professionnelle\",\"name\":\"Formation Professionnelle - SPRICH\",\"isPartOf\":{\"@id\":\"https:\\\/\\\/www.sprich.ch\\\/fr#website\"},\"datePublished\":\"2025-09-23T12:06:02+00:00\",\"dateModified\":\"2025-12-10T15:36:59+00:00\",\"description\":\"Qualifizierte Ausbildung mit Praxisbezug, pers\u00f6nlicher Betreuung und starken Zukunftsperspektiven f\u00fcr Lernende.\",\"breadcrumb\":{\"@id\":\"https:\\\/\\\/www.sprich.ch\\\/fr\\\/entreprise\\\/travailler-chez-sprich\\\/formation-professionnelle#breadcrumb\"},\"inLanguage\":\"fr-FR\",\"potentialAction\":[{\"@type\":\"ReadAction\",\"target\":[\"https:\\\/\\\/www.sprich.ch\\\/fr\\\/entreprise\\\/travailler-chez-sprich\\\/formation-professionnelle\"]}]},{\"@type\":\"BreadcrumbList\",\"@id\":\"https:\\\/\\\/www.sprich.ch\\\/fr\\\/entreprise\\\/travailler-chez-sprich\\\/formation-professionnelle#breadcrumb\",\"itemListElement\":[{\"@type\":\"ListItem\",\"position\":1,\"name\":\"Home\",\"item\":\"https:\\\/\\\/www.sprich.ch\\\/fr\"},{\"@type\":\"ListItem\",\"position\":2,\"name\":\"Entreprise\",\"item\":\"https:\\\/\\\/www.sprich.ch\\\/fr\\\/unternehmen\"},{\"@type\":\"ListItem\",\"position\":3,\"name\":\"Travailler chez SPRICH\",\"item\":\"https:\\\/\\\/www.sprich.ch\\\/fr\\\/entreprise\\\/travailler-chez-sprich\"},{\"@type\":\"ListItem\",\"position\":4,\"name\":\"Formation Professionnelle\"}]},{\"@type\":\"WebSite\",\"@id\":\"https:\\\/\\\/www.sprich.ch\\\/fr#website\",\"url\":\"https:\\\/\\\/www.sprich.ch\\\/fr\",\"name\":\"SPRICH\",\"description\":\"Gitterroste, Leitern, Treppen\",\"publisher\":{\"@id\":\"https:\\\/\\\/www.sprich.ch\\\/fr#organization\"},\"potentialAction\":[{\"@type\":\"SearchAction\",\"target\":{\"@type\":\"EntryPoint\",\"urlTemplate\":\"https:\\\/\\\/www.sprich.ch\\\/fr?s={search_term_string}\"},\"query-input\":{\"@type\":\"PropertyValueSpecification\",\"valueRequired\":true,\"valueName\":\"search_term_string\"}}],\"inLanguage\":\"fr-FR\"},{\"@type\":\"Organization\",\"@id\":\"https:\\\/\\\/www.sprich.ch\\\/fr#organization\",\"name\":\"SPRICH\",\"url\":\"https:\\\/\\\/www.sprich.ch\\\/fr\",\"logo\":{\"@type\":\"ImageObject\",\"inLanguage\":\"fr-FR\",\"@id\":\"https:\\\/\\\/www.sprich.ch\\\/fr#\\\/schema\\\/logo\\\/image\\\/\",\"url\":\"https:\\\/\\\/www.sprich.ch\\\/wp-content\\\/uploads\\\/2025\\\/09\\\/Sprich_Logo_rgb_pos_quer_600dpi-1-scaled.png\",\"contentUrl\":\"https:\\\/\\\/www.sprich.ch\\\/wp-content\\\/uploads\\\/2025\\\/09\\\/Sprich_Logo_rgb_pos_quer_600dpi-1-scaled.png\",\"width\":2560,\"height\":695,\"caption\":\"SPRICH\"},\"image\":{\"@id\":\"https:\\\/\\\/www.sprich.ch\\\/fr#\\\/schema\\\/logo\\\/image\\\/\"}}]}<\/script>\n<!-- \/ Yoast SEO Premium plugin. -->","yoast_head_json":{"title":"Formation Professionnelle - SPRICH","description":"Qualifizierte Ausbildung mit Praxisbezug, pers\u00f6nlicher Betreuung und starken Zukunftsperspektiven f\u00fcr Lernende.","robots":{"index":"index","follow":"follow","max-snippet":"max-snippet:-1","max-image-preview":"max-image-preview:large","max-video-preview":"max-video-preview:-1"},"canonical":"https:\/\/www.sprich.ch\/fr\/entreprise\/travailler-chez-sprich\/formation-professionnelle","og_locale":"fr_FR","og_type":"article","og_title":"Formation Professionnelle","og_description":"Qualifizierte Ausbildung mit Praxisbezug, pers\u00f6nlicher Betreuung und starken Zukunftsperspektiven f\u00fcr Lernende.","og_url":"https:\/\/www.sprich.ch\/fr\/entreprise\/travailler-chez-sprich\/formation-professionnelle","og_site_name":"SPRICH","article_modified_time":"2025-12-10T15:36:59+00:00","twitter_card":"summary_large_image","twitter_misc":{"Dur\u00e9e de lecture estim\u00e9e":"1 minute"},"schema":{"@context":"https:\/\/schema.org","@graph":[{"@type":"WebPage","@id":"https:\/\/www.sprich.ch\/fr\/entreprise\/travailler-chez-sprich\/formation-professionnelle","url":"https:\/\/www.sprich.ch\/fr\/entreprise\/travailler-chez-sprich\/formation-professionnelle","name":"Formation Professionnelle - SPRICH","isPartOf":{"@id":"https:\/\/www.sprich.ch\/fr#website"},"datePublished":"2025-09-23T12:06:02+00:00","dateModified":"2025-12-10T15:36:59+00:00","description":"Qualifizierte Ausbildung mit Praxisbezug, pers\u00f6nlicher Betreuung und starken Zukunftsperspektiven f\u00fcr Lernende.","breadcrumb":{"@id":"https:\/\/www.sprich.ch\/fr\/entreprise\/travailler-chez-sprich\/formation-professionnelle#breadcrumb"},"inLanguage":"fr-FR","potentialAction":[{"@type":"ReadAction","target":["https:\/\/www.sprich.ch\/fr\/entreprise\/travailler-chez-sprich\/formation-professionnelle"]}]},{"@type":"BreadcrumbList","@id":"https:\/\/www.sprich.ch\/fr\/entreprise\/travailler-chez-sprich\/formation-professionnelle#breadcrumb","itemListElement":[{"@type":"ListItem","position":1,"name":"Home","item":"https:\/\/www.sprich.ch\/fr"},{"@type":"ListItem","position":2,"name":"Entreprise","item":"https:\/\/www.sprich.ch\/fr\/unternehmen"},{"@type":"ListItem","position":3,"name":"Travailler chez SPRICH","item":"https:\/\/www.sprich.ch\/fr\/entreprise\/travailler-chez-sprich"},{"@type":"ListItem","position":4,"name":"Formation Professionnelle"}]},{"@type":"WebSite","@id":"https:\/\/www.sprich.ch\/fr#website","url":"https:\/\/www.sprich.ch\/fr","name":"SPRICH","description":"Gitterroste, Leitern, Treppen","publisher":{"@id":"https:\/\/www.sprich.ch\/fr#organization"},"potentialAction":[{"@type":"SearchAction","target":{"@type":"EntryPoint","urlTemplate":"https:\/\/www.sprich.ch\/fr?s={search_term_string}"},"query-input":{"@type":"PropertyValueSpecification","valueRequired":true,"valueName":"search_term_string"}}],"inLanguage":"fr-FR"},{"@type":"Organization","@id":"https:\/\/www.sprich.ch\/fr#organization","name":"SPRICH","url":"https:\/\/www.sprich.ch\/fr","logo":{"@type":"ImageObject","inLanguage":"fr-FR","@id":"https:\/\/www.sprich.ch\/fr#\/schema\/logo\/image\/","url":"https:\/\/www.sprich.ch\/wp-content\/uploads\/2025\/09\/Sprich_Logo_rgb_pos_quer_600dpi-1-scaled.png","contentUrl":"https:\/\/www.sprich.ch\/wp-content\/uploads\/2025\/09\/Sprich_Logo_rgb_pos_quer_600dpi-1-scaled.png","width":2560,"height":695,"caption":"SPRICH"},"image":{"@id":"https:\/\/www.sprich.ch\/fr#\/schema\/logo\/image\/"}}]}},"_links":{"self":[{"href":"https:\/\/www.sprich.ch\/fr\/wp-json\/wp\/v2\/pages\/7752","targetHints":{"allow":["GET"]}}],"collection":[{"href":"https:\/\/www.sprich.ch\/fr\/wp-json\/wp\/v2\/pages"}],"about":[{"href":"https:\/\/www.sprich.ch\/fr\/wp-json\/wp\/v2\/types\/page"}],"author":[{"embeddable":true,"href":"https:\/\/www.sprich.ch\/fr\/wp-json\/wp\/v2\/users\/1"}],"replies":[{"embeddable":true,"href":"https:\/\/www.sprich.ch\/fr\/wp-json\/wp\/v2\/comments?post=7752"}],"version-history":[{"count":3,"href":"https:\/\/www.sprich.ch\/fr\/wp-json\/wp\/v2\/pages\/7752\/revisions"}],"predecessor-version":[{"id":20395,"href":"https:\/\/www.sprich.ch\/fr\/wp-json\/wp\/v2\/pages\/7752\/revisions\/20395"}],"up":[{"embeddable":true,"href":"https:\/\/www.sprich.ch\/fr\/wp-json\/wp\/v2\/pages\/9842"}],"wp:attachment":[{"href":"https:\/\/www.sprich.ch\/fr\/wp-json\/wp\/v2\/media?parent=7752"}],"curies":[{"name":"wp","href":"https:\/\/api.w.org\/{rel}","templated":true}]}}