{"id":10617,"date":"2025-09-29T07:51:04","date_gmt":"2025-09-29T07:51:04","guid":{"rendered":"https:\/\/www.sprich.ch\/echelles-production\/"},"modified":"2026-02-12T08:01:28","modified_gmt":"2026-02-12T08:01:28","slug":"echelles-production","status":"publish","type":"page","link":"https:\/\/www.sprich.ch\/fr\/produits\/production\/echelles-production","title":{"rendered":"\u00c9chelles Production"},"content":{"rendered":"\t\t<div data-elementor-type=\"wp-page\" data-elementor-id=\"10617\" class=\"elementor elementor-10617 elementor-1211\" data-elementor-post-type=\"page\">\n\t\t\t\t<div class=\"elementor-element elementor-element-0821c0f e-con-full e-flex wpr-particle-no wpr-jarallax-no wpr-parallax-no wpr-sticky-section-no wpr-equal-height-no e-con e-parent\" data-id=\"0821c0f\" data-element_type=\"container\" data-e-type=\"container\" data-settings=\"{&quot;background_background&quot;:&quot;classic&quot;}\">\n\t\t\t\t<\/div>\n\t\t<div class=\"elementor-element elementor-element-63aca6f e-con-full e-flex wpr-particle-no wpr-jarallax-no wpr-parallax-no wpr-sticky-section-no wpr-equal-height-no e-con e-parent\" data-id=\"63aca6f\" data-element_type=\"container\" data-e-type=\"container\">\n\t\t\t\t<div class=\"elementor-element elementor-element-8dd0a27 elementor-widget elementor-widget-spacer\" data-id=\"8dd0a27\" data-element_type=\"widget\" data-e-type=\"widget\" data-widget_type=\"spacer.default\">\n\t\t\t\t\t\t\t<div class=\"elementor-spacer\">\n\t\t\t<div class=\"elementor-spacer-inner\"><\/div>\n\t\t<\/div>\n\t\t\t\t\t\t<\/div>\n\t\t\t\t<div class=\"elementor-element elementor-element-c3e8a45 elementor-widget elementor-widget-heading\" data-id=\"c3e8a45\" data-element_type=\"widget\" data-e-type=\"widget\" data-widget_type=\"heading.default\">\n\t\t\t\t\t<h2 class=\"elementor-heading-title elementor-size-default\">NOTRE PRODUCTION D\u2019\u00c9CHELLES<\/h2>\t\t\t\t<\/div>\n\t\t\t\t<div class=\"elementor-element elementor-element-45875e5 elementor-widget-divider--view-line elementor-widget elementor-widget-divider\" data-id=\"45875e5\" data-element_type=\"widget\" data-e-type=\"widget\" data-widget_type=\"divider.default\">\n\t\t\t\t\t\t\t<div class=\"elementor-divider\">\n\t\t\t<span class=\"elementor-divider-separator\">\n\t\t\t\t\t\t<\/span>\n\t\t<\/div>\n\t\t\t\t\t\t<\/div>\n\t\t\t\t<\/div>\n\t\t<div class=\"elementor-element elementor-element-11eefe8 e-con-full e-flex wpr-particle-no wpr-jarallax-no wpr-parallax-no wpr-sticky-section-no wpr-equal-height-no e-con e-parent\" data-id=\"11eefe8\" data-element_type=\"container\" data-e-type=\"container\">\n\t\t<div class=\"elementor-element elementor-element-1123d27 e-con-full e-flex wpr-particle-no wpr-jarallax-no wpr-parallax-no wpr-sticky-section-no wpr-equal-height-no e-con e-child\" data-id=\"1123d27\" data-element_type=\"container\" data-e-type=\"container\">\n\t\t\t\t<div class=\"elementor-element elementor-element-7314b7e elementor-widget elementor-widget-text-editor\" data-id=\"7314b7e\" data-element_type=\"widget\" data-e-type=\"widget\" data-widget_type=\"text-editor.default\">\n\t\t\t\t\t\t\t\t\t<div class=\"column medium-6\">\n<div id=\"c3681\" class=\"frame frame-default frame-type-text frame-layout-0\">\n<p>Nous souhaitons vous donner un petit aper\u00e7u de l\u2019\u00e9largissement de notre production \u00e0 Wangen. Depuis janvier 2022, nos \u00e9chelles SPRICH sont fabriqu\u00e9es sur ce site. M\u00eame si le label \u00abFabriqu\u00e9 en Suisse\u00bb existait d\u00e9j\u00e0 avant, les clients profitent d\u00e9sormais de nombreux autres avantages\u00a0:<\/p>\n<ul>\n<li>Aucun retard ni aucun passage en douanes requis en raison de l\u2019importation<\/li>\n<li>Enl\u00e8vement des marchandises par le client lui-m\u00eame possible<\/li>\n<li>Fabrication personnalis\u00e9e selon les souhaits du client et ses cotes pr\u00e9cises<\/li>\n<li>Montage simple et rapide gr\u00e2ce \u00e0 des produits personnalis\u00e9s<\/li>\n<li>Traitement des commandes de A \u00e0 Z (conseils, plans, fabrication, livraison et montage)<\/li>\n<\/ul>\n<\/div>\n<p><\/div>\n<p><\/p>\n<div class=\"column medium-6\">\n<div id=\"c3680\" class=\"frame frame-default frame-type-text frame-layout-0\">\n<p>Voici comment les \u00e9chelles SPRICH sont produites\u00a0:<\/p>\n<\/div>\n<p><\/div>\n\t\t\t\t\t\t\t\t<\/div>\n\t\t\t\t<\/div>\n\t\t<div class=\"elementor-element elementor-element-3e335a7 e-con-full e-flex wpr-particle-no wpr-jarallax-no wpr-parallax-no wpr-sticky-section-no wpr-equal-height-no e-con e-child\" data-id=\"3e335a7\" data-element_type=\"container\" data-e-type=\"container\">\n\t\t\t\t<div class=\"elementor-element elementor-element-34be4c2 elementor-widget-tablet__width-initial elementor-widget elementor-widget-video\" data-id=\"34be4c2\" data-element_type=\"widget\" data-e-type=\"widget\" data-settings=\"{&quot;youtube_url&quot;:&quot;https:\\\/\\\/youtu.be\\\/ppZKD0cLRcY&quot;,&quot;autoplay&quot;:&quot;yes&quot;,&quot;play_on_mobile&quot;:&quot;yes&quot;,&quot;mute&quot;:&quot;yes&quot;,&quot;video_type&quot;:&quot;youtube&quot;,&quot;controls&quot;:&quot;yes&quot;}\" data-widget_type=\"video.default\">\n\t\t\t\t\t\t\t<div class=\"elementor-wrapper elementor-open-inline\">\n\t\t\t<div class=\"elementor-video\"><\/div>\t\t<\/div>\n\t\t\t\t\t\t<\/div>\n\t\t\t\t<\/div>\n\t\t\t\t<\/div>\n\t\t<div class=\"elementor-element elementor-element-72d5aef e-con-full e-flex wpr-particle-no wpr-jarallax-no wpr-parallax-no wpr-sticky-section-no wpr-equal-height-no e-con e-parent\" data-id=\"72d5aef\" data-element_type=\"container\" data-e-type=\"container\">\n\t\t\t\t<div class=\"elementor-element elementor-element-f265ba5 elementor-widget elementor-widget-spacer\" data-id=\"f265ba5\" data-element_type=\"widget\" data-e-type=\"widget\" data-widget_type=\"spacer.default\">\n\t\t\t\t\t\t\t<div class=\"elementor-spacer\">\n\t\t\t<div class=\"elementor-spacer-inner\"><\/div>\n\t\t<\/div>\n\t\t\t\t\t\t<\/div>\n\t\t\t\t<div class=\"elementor-element elementor-element-19b37e5 elementor-widget elementor-widget-heading\" data-id=\"19b37e5\" data-element_type=\"widget\" data-e-type=\"widget\" data-widget_type=\"heading.default\">\n\t\t\t\t\t<h2 class=\"elementor-heading-title elementor-size-default\">SHOWROOM<\/h2>\t\t\t\t<\/div>\n\t\t\t\t<div class=\"elementor-element elementor-element-ceb348a elementor-widget-divider--view-line elementor-widget elementor-widget-divider\" data-id=\"ceb348a\" data-element_type=\"widget\" data-e-type=\"widget\" data-widget_type=\"divider.default\">\n\t\t\t\t\t\t\t<div class=\"elementor-divider\">\n\t\t\t<span class=\"elementor-divider-separator\">\n\t\t\t\t\t\t<\/span>\n\t\t<\/div>\n\t\t\t\t\t\t<\/div>\n\t\t\t\t<div class=\"elementor-element elementor-element-b00e949 elementor-widget elementor-widget-text-editor\" data-id=\"b00e949\" data-element_type=\"widget\" data-e-type=\"widget\" data-widget_type=\"text-editor.default\">\n\t\t\t\t\t\t\t\t\t<p>Vous pouvez d\u00e9couvrir notre large gamme d\u2019\u00e9chelles dans notre showroom de Baar. Nos experts se font un plaisir de vous expliquer les avantages de nos accessoires. Qu&rsquo;il s\u2019agisse d\u2019un syst\u00e8me \u00e0 crinoline, d\u2019un caillebotis pivotant verrouillable, de chapeaux amovibles ou de portes \u00e0 fermeture automatique, nous trouverons toujours une solution adapt\u00e9e pour votre \u00e9chelle personnalis\u00e9e.<\/p>\t\t\t\t\t\t\t\t<\/div>\n\t\t<div class=\"elementor-element elementor-element-642c1d0 e-grid e-con-full wpr-particle-no wpr-jarallax-no wpr-parallax-no wpr-sticky-section-no wpr-equal-height-no e-con e-child\" data-id=\"642c1d0\" data-element_type=\"container\" data-e-type=\"container\">\n\t\t\t\t<div class=\"elementor-element elementor-element-fbff84b elementor-widget elementor-widget-image\" data-id=\"fbff84b\" data-element_type=\"widget\" data-e-type=\"widget\" data-widget_type=\"image.default\">\n\t\t\t\t\t\t\t\t\t\t\t\t\t\t\t<img fetchpriority=\"high\" decoding=\"async\" width=\"683\" height=\"1024\" src=\"https:\/\/www.sprich.ch\/wp-content\/uploads\/2025\/11\/sprich_showroom-1_nr01_2025.jpg\" class=\"attachment-large size-large wp-image-9625\" alt=\"\" srcset=\"https:\/\/www.sprich.ch\/wp-content\/uploads\/2025\/11\/sprich_showroom-1_nr01_2025.jpg 683w, https:\/\/www.sprich.ch\/wp-content\/uploads\/2025\/11\/sprich_showroom-1_nr01_2025-200x300.jpg 200w\" sizes=\"(max-width: 683px) 100vw, 683px\" \/>\t\t\t\t\t\t\t\t\t\t\t\t\t\t\t<\/div>\n\t\t\t\t<div class=\"elementor-element elementor-element-69022b7 elementor-widget elementor-widget-image\" data-id=\"69022b7\" data-element_type=\"widget\" data-e-type=\"widget\" data-widget_type=\"image.default\">\n\t\t\t\t\t\t\t\t\t\t\t\t\t\t\t<img decoding=\"async\" width=\"683\" height=\"1024\" src=\"https:\/\/www.sprich.ch\/wp-content\/uploads\/2025\/11\/sprich_showroom-3_nr01_2025.jpg.jpg\" class=\"attachment-large size-large wp-image-9626\" alt=\"\" srcset=\"https:\/\/www.sprich.ch\/wp-content\/uploads\/2025\/11\/sprich_showroom-3_nr01_2025.jpg.jpg 683w, https:\/\/www.sprich.ch\/wp-content\/uploads\/2025\/11\/sprich_showroom-3_nr01_2025.jpg-200x300.jpg 200w\" sizes=\"(max-width: 683px) 100vw, 683px\" \/>\t\t\t\t\t\t\t\t\t\t\t\t\t\t\t<\/div>\n\t\t\t\t<div class=\"elementor-element elementor-element-6f153ae elementor-widget elementor-widget-image\" data-id=\"6f153ae\" data-element_type=\"widget\" data-e-type=\"widget\" data-widget_type=\"image.default\">\n\t\t\t\t\t\t\t\t\t\t\t\t\t\t\t<img decoding=\"async\" width=\"683\" height=\"1024\" src=\"https:\/\/www.sprich.ch\/wp-content\/uploads\/2025\/11\/sprich_showroom-21_nr01_2025.jpg.jpg\" class=\"attachment-large size-large wp-image-9627\" alt=\"\" srcset=\"https:\/\/www.sprich.ch\/wp-content\/uploads\/2025\/11\/sprich_showroom-21_nr01_2025.jpg.jpg 683w, https:\/\/www.sprich.ch\/wp-content\/uploads\/2025\/11\/sprich_showroom-21_nr01_2025.jpg-200x300.jpg 200w\" sizes=\"(max-width: 683px) 100vw, 683px\" \/>\t\t\t\t\t\t\t\t\t\t\t\t\t\t\t<\/div>\n\t\t\t\t<\/div>\n\t\t\t\t<div class=\"elementor-element elementor-element-a2bc900 elementor-widget elementor-widget-spacer\" data-id=\"a2bc900\" data-element_type=\"widget\" data-e-type=\"widget\" data-widget_type=\"spacer.default\">\n\t\t\t\t\t\t\t<div class=\"elementor-spacer\">\n\t\t\t<div class=\"elementor-spacer-inner\"><\/div>\n\t\t<\/div>\n\t\t\t\t\t\t<\/div>\n\t\t\t\t<\/div>\n\t\t\t\t<\/div>\n\t\t","protected":false},"excerpt":{"rendered":"<p>NOTRE PRODUCTION D\u2019\u00c9CHELLES Nous souhaitons vous donner un petit aper\u00e7u de l\u2019\u00e9largissement de notre production \u00e0 Wangen. Depuis janvier 2022, nos \u00e9chelles SPRICH sont fabriqu\u00e9es sur ce site. M\u00eame si le label \u00abFabriqu\u00e9 en Suisse\u00bb existait d\u00e9j\u00e0 avant, les clients profitent d\u00e9sormais de nombreux autres avantages\u00a0: Aucun retard ni aucun passage en douanes requis en raison de l\u2019importation Enl\u00e8vement des marchandises par le client lui-m\u00eame possible Fabrication personnalis\u00e9e selon les souhaits du client et ses cotes pr\u00e9cises Montage simple et rapide gr\u00e2ce \u00e0 des produits personnalis\u00e9s Traitement des commandes de A \u00e0 Z (conseils, plans, fabrication, livraison et montage) Voici comment les \u00e9chelles SPRICH sont produites\u00a0: SHOWROOM Vous pouvez d\u00e9couvrir notre large gamme d\u2019\u00e9chelles dans notre showroom de Baar. Nos experts se font un plaisir de vous expliquer les avantages de nos accessoires. Qu&rsquo;il s\u2019agisse d\u2019un syst\u00e8me \u00e0 crinoline, d\u2019un caillebotis pivotant verrouillable, de chapeaux amovibles ou de portes \u00e0 fermeture automatique, nous trouverons toujours une solution adapt\u00e9e pour votre \u00e9chelle personnalis\u00e9e.<\/p>\n","protected":false},"author":1,"featured_media":0,"parent":8218,"menu_order":0,"comment_status":"closed","ping_status":"closed","template":"elementor_header_footer","meta":{"footnotes":""},"class_list":["post-10617","page","type-page","status-publish","hentry","entry"],"yoast_head":"<!-- This site is optimized with the Yoast SEO Premium plugin v27.4 (Yoast SEO v27.5) - https:\/\/yoast.com\/product\/yoast-seo-premium-wordpress\/ -->\n<title>\u00c9chelles Production - SPRICH<\/title>\n<meta name=\"description\" content=\"Aper\u00e7u de la production des \u00e9chelles : fabrication sur mesure, montage rapide et accompagnement complet \u2013 directement depuis Wangen.\" \/>\n<meta name=\"robots\" content=\"index, follow, max-snippet:-1, max-image-preview:large, max-video-preview:-1\" \/>\n<link rel=\"canonical\" href=\"https:\/\/www.sprich.ch\/fr\/produits\/production\/echelles-production\" \/>\n<meta property=\"og:locale\" content=\"fr_FR\" \/>\n<meta property=\"og:type\" content=\"article\" \/>\n<meta property=\"og:title\" content=\"\u00c9chelles Production\" \/>\n<meta property=\"og:description\" content=\"Aper\u00e7u de la production des \u00e9chelles : fabrication sur mesure, montage rapide et accompagnement complet \u2013 directement depuis Wangen.\" \/>\n<meta property=\"og:url\" content=\"https:\/\/www.sprich.ch\/fr\/produits\/production\/echelles-production\" \/>\n<meta property=\"og:site_name\" content=\"SPRICH\" \/>\n<meta property=\"article:modified_time\" content=\"2026-02-12T08:01:28+00:00\" \/>\n<meta property=\"og:image\" content=\"https:\/\/www.sprich.ch\/wp-content\/uploads\/2025\/11\/sprich_showroom-1_nr01_2025.jpg\" \/>\n\t<meta property=\"og:image:width\" content=\"683\" \/>\n\t<meta property=\"og:image:height\" content=\"1024\" \/>\n\t<meta property=\"og:image:type\" content=\"image\/jpeg\" \/>\n<meta name=\"twitter:card\" content=\"summary_large_image\" \/>\n<meta name=\"twitter:label1\" content=\"Dur\u00e9e de lecture estim\u00e9e\" \/>\n\t<meta name=\"twitter:data1\" content=\"1 minute\" \/>\n<script type=\"application\/ld+json\" class=\"yoast-schema-graph\">{\"@context\":\"https:\\\/\\\/schema.org\",\"@graph\":[{\"@type\":\"WebPage\",\"@id\":\"https:\\\/\\\/www.sprich.ch\\\/fr\\\/produits\\\/production\\\/echelles-production\",\"url\":\"https:\\\/\\\/www.sprich.ch\\\/fr\\\/produits\\\/production\\\/echelles-production\",\"name\":\"\u00c9chelles Production - SPRICH\",\"isPartOf\":{\"@id\":\"https:\\\/\\\/www.sprich.ch\\\/fr#website\"},\"primaryImageOfPage\":{\"@id\":\"https:\\\/\\\/www.sprich.ch\\\/fr\\\/produits\\\/production\\\/echelles-production#primaryimage\"},\"image\":{\"@id\":\"https:\\\/\\\/www.sprich.ch\\\/fr\\\/produits\\\/production\\\/echelles-production#primaryimage\"},\"thumbnailUrl\":\"https:\\\/\\\/www.sprich.ch\\\/wp-content\\\/uploads\\\/2025\\\/11\\\/sprich_showroom-1_nr01_2025.jpg\",\"datePublished\":\"2025-09-29T07:51:04+00:00\",\"dateModified\":\"2026-02-12T08:01:28+00:00\",\"description\":\"Aper\u00e7u de la production des \u00e9chelles : fabrication sur mesure, montage rapide et accompagnement complet \u2013 directement depuis Wangen.\",\"breadcrumb\":{\"@id\":\"https:\\\/\\\/www.sprich.ch\\\/fr\\\/produits\\\/production\\\/echelles-production#breadcrumb\"},\"inLanguage\":\"fr-FR\",\"potentialAction\":[{\"@type\":\"ReadAction\",\"target\":[\"https:\\\/\\\/www.sprich.ch\\\/fr\\\/produits\\\/production\\\/echelles-production\"]}]},{\"@type\":\"ImageObject\",\"inLanguage\":\"fr-FR\",\"@id\":\"https:\\\/\\\/www.sprich.ch\\\/fr\\\/produits\\\/production\\\/echelles-production#primaryimage\",\"url\":\"https:\\\/\\\/www.sprich.ch\\\/wp-content\\\/uploads\\\/2025\\\/11\\\/sprich_showroom-1_nr01_2025.jpg\",\"contentUrl\":\"https:\\\/\\\/www.sprich.ch\\\/wp-content\\\/uploads\\\/2025\\\/11\\\/sprich_showroom-1_nr01_2025.jpg\"},{\"@type\":\"BreadcrumbList\",\"@id\":\"https:\\\/\\\/www.sprich.ch\\\/fr\\\/produits\\\/production\\\/echelles-production#breadcrumb\",\"itemListElement\":[{\"@type\":\"ListItem\",\"position\":1,\"name\":\"Home\",\"item\":\"https:\\\/\\\/www.sprich.ch\\\/fr\"},{\"@type\":\"ListItem\",\"position\":2,\"name\":\"Nos produits\",\"item\":\"https:\\\/\\\/www.sprich.ch\\\/fr\\\/produkte\"},{\"@type\":\"ListItem\",\"position\":3,\"name\":\"Production\",\"item\":\"https:\\\/\\\/www.sprich.ch\\\/fr\\\/produkte\\\/produktionen\"},{\"@type\":\"ListItem\",\"position\":4,\"name\":\"\u00c9chelles Production\"}]},{\"@type\":\"WebSite\",\"@id\":\"https:\\\/\\\/www.sprich.ch\\\/fr#website\",\"url\":\"https:\\\/\\\/www.sprich.ch\\\/fr\",\"name\":\"SPRICH\",\"description\":\"Gitterroste, Leitern, Treppen\",\"publisher\":{\"@id\":\"https:\\\/\\\/www.sprich.ch\\\/fr#organization\"},\"potentialAction\":[{\"@type\":\"SearchAction\",\"target\":{\"@type\":\"EntryPoint\",\"urlTemplate\":\"https:\\\/\\\/www.sprich.ch\\\/fr?s={search_term_string}\"},\"query-input\":{\"@type\":\"PropertyValueSpecification\",\"valueRequired\":true,\"valueName\":\"search_term_string\"}}],\"inLanguage\":\"fr-FR\"},{\"@type\":\"Organization\",\"@id\":\"https:\\\/\\\/www.sprich.ch\\\/fr#organization\",\"name\":\"SPRICH\",\"url\":\"https:\\\/\\\/www.sprich.ch\\\/fr\",\"logo\":{\"@type\":\"ImageObject\",\"inLanguage\":\"fr-FR\",\"@id\":\"https:\\\/\\\/www.sprich.ch\\\/fr#\\\/schema\\\/logo\\\/image\\\/\",\"url\":\"https:\\\/\\\/www.sprich.ch\\\/wp-content\\\/uploads\\\/2025\\\/09\\\/Sprich_Logo_rgb_pos_quer_600dpi-1-scaled.png\",\"contentUrl\":\"https:\\\/\\\/www.sprich.ch\\\/wp-content\\\/uploads\\\/2025\\\/09\\\/Sprich_Logo_rgb_pos_quer_600dpi-1-scaled.png\",\"width\":2560,\"height\":695,\"caption\":\"SPRICH\"},\"image\":{\"@id\":\"https:\\\/\\\/www.sprich.ch\\\/fr#\\\/schema\\\/logo\\\/image\\\/\"}}]}<\/script>\n<!-- \/ Yoast SEO Premium plugin. -->","yoast_head_json":{"title":"\u00c9chelles Production - SPRICH","description":"Aper\u00e7u de la production des \u00e9chelles : fabrication sur mesure, montage rapide et accompagnement complet \u2013 directement depuis Wangen.","robots":{"index":"index","follow":"follow","max-snippet":"max-snippet:-1","max-image-preview":"max-image-preview:large","max-video-preview":"max-video-preview:-1"},"canonical":"https:\/\/www.sprich.ch\/fr\/produits\/production\/echelles-production","og_locale":"fr_FR","og_type":"article","og_title":"\u00c9chelles Production","og_description":"Aper\u00e7u de la production des \u00e9chelles : fabrication sur mesure, montage rapide et accompagnement complet \u2013 directement depuis Wangen.","og_url":"https:\/\/www.sprich.ch\/fr\/produits\/production\/echelles-production","og_site_name":"SPRICH","article_modified_time":"2026-02-12T08:01:28+00:00","og_image":[{"width":683,"height":1024,"url":"https:\/\/www.sprich.ch\/wp-content\/uploads\/2025\/11\/sprich_showroom-1_nr01_2025.jpg","type":"image\/jpeg"}],"twitter_card":"summary_large_image","twitter_misc":{"Dur\u00e9e de lecture estim\u00e9e":"1 minute"},"schema":{"@context":"https:\/\/schema.org","@graph":[{"@type":"WebPage","@id":"https:\/\/www.sprich.ch\/fr\/produits\/production\/echelles-production","url":"https:\/\/www.sprich.ch\/fr\/produits\/production\/echelles-production","name":"\u00c9chelles Production - SPRICH","isPartOf":{"@id":"https:\/\/www.sprich.ch\/fr#website"},"primaryImageOfPage":{"@id":"https:\/\/www.sprich.ch\/fr\/produits\/production\/echelles-production#primaryimage"},"image":{"@id":"https:\/\/www.sprich.ch\/fr\/produits\/production\/echelles-production#primaryimage"},"thumbnailUrl":"https:\/\/www.sprich.ch\/wp-content\/uploads\/2025\/11\/sprich_showroom-1_nr01_2025.jpg","datePublished":"2025-09-29T07:51:04+00:00","dateModified":"2026-02-12T08:01:28+00:00","description":"Aper\u00e7u de la production des \u00e9chelles : fabrication sur mesure, montage rapide et accompagnement complet \u2013 directement depuis Wangen.","breadcrumb":{"@id":"https:\/\/www.sprich.ch\/fr\/produits\/production\/echelles-production#breadcrumb"},"inLanguage":"fr-FR","potentialAction":[{"@type":"ReadAction","target":["https:\/\/www.sprich.ch\/fr\/produits\/production\/echelles-production"]}]},{"@type":"ImageObject","inLanguage":"fr-FR","@id":"https:\/\/www.sprich.ch\/fr\/produits\/production\/echelles-production#primaryimage","url":"https:\/\/www.sprich.ch\/wp-content\/uploads\/2025\/11\/sprich_showroom-1_nr01_2025.jpg","contentUrl":"https:\/\/www.sprich.ch\/wp-content\/uploads\/2025\/11\/sprich_showroom-1_nr01_2025.jpg"},{"@type":"BreadcrumbList","@id":"https:\/\/www.sprich.ch\/fr\/produits\/production\/echelles-production#breadcrumb","itemListElement":[{"@type":"ListItem","position":1,"name":"Home","item":"https:\/\/www.sprich.ch\/fr"},{"@type":"ListItem","position":2,"name":"Nos produits","item":"https:\/\/www.sprich.ch\/fr\/produkte"},{"@type":"ListItem","position":3,"name":"Production","item":"https:\/\/www.sprich.ch\/fr\/produkte\/produktionen"},{"@type":"ListItem","position":4,"name":"\u00c9chelles Production"}]},{"@type":"WebSite","@id":"https:\/\/www.sprich.ch\/fr#website","url":"https:\/\/www.sprich.ch\/fr","name":"SPRICH","description":"Gitterroste, Leitern, Treppen","publisher":{"@id":"https:\/\/www.sprich.ch\/fr#organization"},"potentialAction":[{"@type":"SearchAction","target":{"@type":"EntryPoint","urlTemplate":"https:\/\/www.sprich.ch\/fr?s={search_term_string}"},"query-input":{"@type":"PropertyValueSpecification","valueRequired":true,"valueName":"search_term_string"}}],"inLanguage":"fr-FR"},{"@type":"Organization","@id":"https:\/\/www.sprich.ch\/fr#organization","name":"SPRICH","url":"https:\/\/www.sprich.ch\/fr","logo":{"@type":"ImageObject","inLanguage":"fr-FR","@id":"https:\/\/www.sprich.ch\/fr#\/schema\/logo\/image\/","url":"https:\/\/www.sprich.ch\/wp-content\/uploads\/2025\/09\/Sprich_Logo_rgb_pos_quer_600dpi-1-scaled.png","contentUrl":"https:\/\/www.sprich.ch\/wp-content\/uploads\/2025\/09\/Sprich_Logo_rgb_pos_quer_600dpi-1-scaled.png","width":2560,"height":695,"caption":"SPRICH"},"image":{"@id":"https:\/\/www.sprich.ch\/fr#\/schema\/logo\/image\/"}}]}},"_links":{"self":[{"href":"https:\/\/www.sprich.ch\/fr\/wp-json\/wp\/v2\/pages\/10617","targetHints":{"allow":["GET"]}}],"collection":[{"href":"https:\/\/www.sprich.ch\/fr\/wp-json\/wp\/v2\/pages"}],"about":[{"href":"https:\/\/www.sprich.ch\/fr\/wp-json\/wp\/v2\/types\/page"}],"author":[{"embeddable":true,"href":"https:\/\/www.sprich.ch\/fr\/wp-json\/wp\/v2\/users\/1"}],"replies":[{"embeddable":true,"href":"https:\/\/www.sprich.ch\/fr\/wp-json\/wp\/v2\/comments?post=10617"}],"version-history":[{"count":7,"href":"https:\/\/www.sprich.ch\/fr\/wp-json\/wp\/v2\/pages\/10617\/revisions"}],"predecessor-version":[{"id":27157,"href":"https:\/\/www.sprich.ch\/fr\/wp-json\/wp\/v2\/pages\/10617\/revisions\/27157"}],"up":[{"embeddable":true,"href":"https:\/\/www.sprich.ch\/fr\/wp-json\/wp\/v2\/pages\/8218"}],"wp:attachment":[{"href":"https:\/\/www.sprich.ch\/fr\/wp-json\/wp\/v2\/media?parent=10617"}],"curies":[{"name":"wp","href":"https:\/\/api.w.org\/{rel}","templated":true}]}}