{"id":10614,"date":"2025-09-23T08:21:32","date_gmt":"2025-09-23T08:21:32","guid":{"rendered":"https:\/\/www.sprich.ch\/statique\/"},"modified":"2025-12-10T12:32:16","modified_gmt":"2025-12-10T12:32:16","slug":"statique","status":"publish","type":"page","link":"https:\/\/www.sprich.ch\/fr\/nos-services\/statique","title":{"rendered":"Statique"},"content":{"rendered":"\t\t<div data-elementor-type=\"wp-page\" data-elementor-id=\"10614\" class=\"elementor elementor-10614 elementor-704\" data-elementor-post-type=\"page\">\n\t\t\t\t<div class=\"elementor-element elementor-element-6f427bb e-con-full e-flex wpr-particle-no wpr-jarallax-no wpr-parallax-no wpr-sticky-section-no wpr-column-slider-no wpr-equal-height-no e-con e-parent\" data-id=\"6f427bb\" data-element_type=\"container\" data-e-type=\"container\" data-settings=\"{&quot;background_background&quot;:&quot;classic&quot;}\">\n\t\t\t\t<\/div>\n\t\t<div class=\"elementor-element elementor-element-8cf0bf7 e-con-full e-flex wpr-particle-no wpr-jarallax-no wpr-parallax-no wpr-sticky-section-no wpr-column-slider-no wpr-equal-height-no e-con e-parent\" data-id=\"8cf0bf7\" data-element_type=\"container\" data-e-type=\"container\">\n\t\t\t\t<div class=\"elementor-element elementor-element-86904f6 elementor-widget elementor-widget-spacer\" data-id=\"86904f6\" data-element_type=\"widget\" data-e-type=\"widget\" data-widget_type=\"spacer.default\">\n\t\t\t\t\t\t\t<div class=\"elementor-spacer\">\n\t\t\t<div class=\"elementor-spacer-inner\"><\/div>\n\t\t<\/div>\n\t\t\t\t\t\t<\/div>\n\t\t\t\t<div class=\"elementor-element elementor-element-8aca970 elementor-widget elementor-widget-heading\" data-id=\"8aca970\" data-element_type=\"widget\" data-e-type=\"widget\" data-widget_type=\"heading.default\">\n\t\t\t\t\t<h2 class=\"elementor-heading-title elementor-size-default\">STATIQUE<\/h2>\t\t\t\t<\/div>\n\t\t\t\t<div class=\"elementor-element elementor-element-9df8e63 elementor-widget-divider--view-line elementor-widget elementor-widget-divider\" data-id=\"9df8e63\" data-element_type=\"widget\" data-e-type=\"widget\" data-widget_type=\"divider.default\">\n\t\t\t\t\t\t\t<div class=\"elementor-divider\">\n\t\t\t<span class=\"elementor-divider-separator\">\n\t\t\t\t\t\t<\/span>\n\t\t<\/div>\n\t\t\t\t\t\t<\/div>\n\t\t\t\t<div class=\"elementor-element elementor-element-3fa9583 elementor-widget elementor-widget-text-editor\" data-id=\"3fa9583\" data-element_type=\"widget\" data-e-type=\"widget\" data-widget_type=\"text-editor.default\">\n\t\t\t\t\t\t\t\t\t<p>Le programme Statique calcule la charge des caillebotis selon les valeurs RAL, SIA et SPRICH. Ce programme a \u00e9t\u00e9 d\u00e9velopp\u00e9 sur une p\u00e9riode de plusieurs mois en collaboration avec la\u00a0<a href=\"https:\/\/www.hslu.ch\/de-ch\/\" target=\"_blank\" rel=\"noopener noreferrer\">Haute \u00c9cole de Lucerne<\/a>\u00a0(HSLU).<\/p>\n<p>Toutes les valeurs scientifiques \u00e9prouv\u00e9es sont incluses dans le programme Statique afin de permettre un calcul rapide pour toutes les normes suisses et europ\u00e9ennes. SPRICH peut ainsi conseiller imm\u00e9diatement ses clients sur les charges des caillebotis et \u00e9tablir des certificats Fv (charge en surface) et Fp (charge ponctuelle) selon SIA, RAL et SPRICH. Actuellement, ces calculs sont possibles pour l\u2019acier, l\u2019acier inoxydable et l\u2019aluminium en diff\u00e9rents alliages.<\/p>\n<p>Afin de pouvoir calculer d\u2019autres certificats pour notre gamme de produits (par ex. marches, caillebotis en t\u00f4le profil\u00e9e, caillebotis en PRV, etc.), la collaboration avec la HSLU a \u00e9t\u00e9 poursuivie. Pour la phase actuelle, le projet, actuellement unique en Suisse, est soutenu par\u00a0<a href=\"mailto:https:\/\/www.innosuisse.ch\/inno\/de\/home.html\" target=\"_blank\" rel=\"noopener\">Innosuisse<\/a>, l\u2019agence suisse pour l\u2019encouragement de l\u2019innovation.<\/p>\n<p>Vous avez besoin des charges selon RAL\/SIA pour votre projet\u00a0? Appelez-nous au <a href=\"tel:+41 41 768 10 90\">+41 41 768 10 90<\/a> ou contactez-nous par e-mail \u00e0\u00a0vente@sprich.ch.<\/p>\n\t\t\t\t\t\t\t\t<\/div>\n\t\t\t\t<div class=\"elementor-element elementor-element-f5d7da7 elementor-widget elementor-widget-spacer\" data-id=\"f5d7da7\" data-element_type=\"widget\" data-e-type=\"widget\" data-widget_type=\"spacer.default\">\n\t\t\t\t\t\t\t<div class=\"elementor-spacer\">\n\t\t\t<div class=\"elementor-spacer-inner\"><\/div>\n\t\t<\/div>\n\t\t\t\t\t\t<\/div>\n\t\t\t\t<\/div>\n\t\t<div class=\"elementor-element elementor-element-af2a0e1 e-con-full e-flex wpr-particle-no wpr-jarallax-no wpr-parallax-no wpr-sticky-section-no wpr-column-slider-no wpr-equal-height-no e-con e-parent\" data-id=\"af2a0e1\" data-element_type=\"container\" data-e-type=\"container\">\n\t\t<div class=\"elementor-element elementor-element-510db18 e-con-full e-flex wpr-particle-no wpr-jarallax-no wpr-parallax-no wpr-sticky-section-no wpr-column-slider-no wpr-equal-height-no e-con e-child\" data-id=\"510db18\" data-element_type=\"container\" data-e-type=\"container\">\n\t\t\t\t<div class=\"elementor-element elementor-element-b6d9824 elementor-widget elementor-widget-image\" data-id=\"b6d9824\" data-element_type=\"widget\" data-e-type=\"widget\" data-widget_type=\"image.default\">\n\t\t\t\t\t\t\t\t\t\t\t\t\t\t\t<img fetchpriority=\"high\" decoding=\"async\" width=\"580\" height=\"423\" src=\"https:\/\/www.sprich.ch\/wp-content\/uploads\/2025\/09\/sprich_zertifikat-statik_2025.webp\" class=\"attachment-large size-large wp-image-9603\" alt=\"sprich_zertifikat-statik_2025\" srcset=\"https:\/\/www.sprich.ch\/wp-content\/uploads\/2025\/09\/sprich_zertifikat-statik_2025.webp 580w, https:\/\/www.sprich.ch\/wp-content\/uploads\/2025\/09\/sprich_zertifikat-statik_2025-300x219.webp 300w\" sizes=\"(max-width: 580px) 100vw, 580px\" \/>\t\t\t\t\t\t\t\t\t\t\t\t\t\t\t<\/div>\n\t\t\t\t<\/div>\n\t\t<div class=\"elementor-element elementor-element-197f85c e-con-full e-flex wpr-particle-no wpr-jarallax-no wpr-parallax-no wpr-sticky-section-no wpr-column-slider-no wpr-equal-height-no e-con e-child\" data-id=\"197f85c\" data-element_type=\"container\" data-e-type=\"container\">\n\t\t\t\t<div class=\"elementor-element elementor-element-d15473a elementor-widget elementor-widget-heading\" data-id=\"d15473a\" data-element_type=\"widget\" data-e-type=\"widget\" data-widget_type=\"heading.default\">\n\t\t\t\t\t<h2 class=\"elementor-heading-title elementor-size-default\">EXEMPLE DE CALCUL<\/h2>\t\t\t\t<\/div>\n\t\t\t\t<div class=\"elementor-element elementor-element-e7c0056 elementor-widget elementor-widget-text-editor\" data-id=\"e7c0056\" data-element_type=\"widget\" data-e-type=\"widget\" data-widget_type=\"text-editor.default\">\n\t\t\t\t\t\t\t\t\t<header>\n<h5 class=\"\">Charge ponctuel caillebotis press\u00e9<\/h5>\n<\/header>\n<p><\/p>\n<div class=\"ce-textpic ce-right ce-intext\">\n<div class=\"ce-bodytext\">\n<ul>\n<li>S235<\/li>\n<li>Barre porteuse: 30\/2 mm<\/li>\n<li>Maille: 22&#215;22 mm<\/li>\n<li>Longueur x largeur: 1200&#215;750 mm avec 1.5kN<\/li>\n<\/ul>\n<\/div>\n<p><\/div>\n\t\t\t\t\t\t\t\t<\/div>\n\t\t\t\t<\/div>\n\t\t\t\t<\/div>\n\t\t<div class=\"elementor-element elementor-element-6d9e27e e-con-full e-flex wpr-particle-no wpr-jarallax-no wpr-parallax-no wpr-sticky-section-no wpr-column-slider-no wpr-equal-height-no e-con e-parent\" data-id=\"6d9e27e\" data-element_type=\"container\" data-e-type=\"container\">\n\t\t<div class=\"elementor-element elementor-element-f78fa7f e-con-full e-flex wpr-particle-no wpr-jarallax-no wpr-parallax-no wpr-sticky-section-no wpr-column-slider-no wpr-equal-height-no e-con e-child\" data-id=\"f78fa7f\" data-element_type=\"container\" data-e-type=\"container\">\n\t\t\t\t<div class=\"elementor-element elementor-element-2388437 elementor-widget elementor-widget-image\" data-id=\"2388437\" data-element_type=\"widget\" data-e-type=\"widget\" data-widget_type=\"image.default\">\n\t\t\t\t\t\t\t\t\t\t\t\t\t\t\t<img decoding=\"async\" width=\"580\" height=\"462\" src=\"https:\/\/www.sprich.ch\/wp-content\/uploads\/2025\/09\/sprich_zertifikat-statik-2_2025.webp\" class=\"attachment-large size-large wp-image-9604\" alt=\"sprich_zertifikat-statik-2_2025\" srcset=\"https:\/\/www.sprich.ch\/wp-content\/uploads\/2025\/09\/sprich_zertifikat-statik-2_2025.webp 580w, https:\/\/www.sprich.ch\/wp-content\/uploads\/2025\/09\/sprich_zertifikat-statik-2_2025-300x239.webp 300w\" sizes=\"(max-width: 580px) 100vw, 580px\" \/>\t\t\t\t\t\t\t\t\t\t\t\t\t\t\t<\/div>\n\t\t\t\t<\/div>\n\t\t<div class=\"elementor-element elementor-element-b2b8fcc e-con-full e-flex wpr-particle-no wpr-jarallax-no wpr-parallax-no wpr-sticky-section-no wpr-column-slider-no wpr-equal-height-no e-con e-child\" data-id=\"b2b8fcc\" data-element_type=\"container\" data-e-type=\"container\">\n\t\t\t\t<div class=\"elementor-element elementor-element-8662162 elementor-widget elementor-widget-heading\" data-id=\"8662162\" data-element_type=\"widget\" data-e-type=\"widget\" data-widget_type=\"heading.default\">\n\t\t\t\t\t<h2 class=\"elementor-heading-title elementor-size-default\">R\u00c9PARTITIONS DE LA CHARGE POUR L\u2019EXEMPLE DE CALCUL CI-DESSUS<\/h2>\t\t\t\t<\/div>\n\t\t\t\t<div class=\"elementor-element elementor-element-503b8ac elementor-widget elementor-widget-text-editor\" data-id=\"503b8ac\" data-element_type=\"widget\" data-e-type=\"widget\" data-widget_type=\"text-editor.default\">\n\t\t\t\t\t\t\t\t\t<p>La conversion manuelle de la charge \u00e0 partir du tableau des charges appartient au pass\u00e9. Les collaborateurs SPRICH disposent d\u2019un g\u00e9n\u00e9rateur de conversions gr\u00e2ce auquel ils peuvent calculer de mani\u00e8re s\u00fbre et rapide les charges admissibles pour Fv et Fp selon RAL et SIA et\/ou pour diff\u00e9rents mat\u00e9riaux.<\/p>\n\t\t\t\t\t\t\t\t<\/div>\n\t\t\t\t<\/div>\n\t\t\t\t<\/div>\n\t\t<div class=\"elementor-element elementor-element-57f5880 e-con-full e-flex wpr-particle-no wpr-jarallax-no wpr-parallax-no wpr-sticky-section-no wpr-column-slider-no wpr-equal-height-no e-con e-parent\" data-id=\"57f5880\" data-element_type=\"container\" data-e-type=\"container\">\n\t\t<div class=\"elementor-element elementor-element-4f0f319 e-con-full e-flex wpr-particle-no wpr-jarallax-no wpr-parallax-no wpr-sticky-section-no wpr-column-slider-no wpr-equal-height-no e-con e-child\" data-id=\"4f0f319\" data-element_type=\"container\" data-e-type=\"container\">\n\t\t\t\t<div class=\"elementor-element elementor-element-a46eb57 elementor-widget elementor-widget-image\" data-id=\"a46eb57\" data-element_type=\"widget\" data-e-type=\"widget\" data-widget_type=\"image.default\">\n\t\t\t\t\t\t\t\t\t\t\t\t\t\t\t<img decoding=\"async\" width=\"580\" height=\"815\" src=\"https:\/\/www.sprich.ch\/wp-content\/uploads\/2025\/09\/sprich_zertifikat-statik-3_2025.webp\" class=\"attachment-large size-large wp-image-9605\" alt=\"sprich_zertifikat-statik-3_2025\" srcset=\"https:\/\/www.sprich.ch\/wp-content\/uploads\/2025\/09\/sprich_zertifikat-statik-3_2025.webp 580w, https:\/\/www.sprich.ch\/wp-content\/uploads\/2025\/09\/sprich_zertifikat-statik-3_2025-213x300.webp 213w\" sizes=\"(max-width: 580px) 100vw, 580px\" \/>\t\t\t\t\t\t\t\t\t\t\t\t\t\t\t<\/div>\n\t\t\t\t<\/div>\n\t\t<div class=\"elementor-element elementor-element-d362007 e-con-full e-flex wpr-particle-no wpr-jarallax-no wpr-parallax-no wpr-sticky-section-no wpr-column-slider-no wpr-equal-height-no e-con e-child\" data-id=\"d362007\" data-element_type=\"container\" data-e-type=\"container\">\n\t\t\t\t<div class=\"elementor-element elementor-element-9cdf11d elementor-widget elementor-widget-heading\" data-id=\"9cdf11d\" data-element_type=\"widget\" data-e-type=\"widget\" data-widget_type=\"heading.default\">\n\t\t\t\t\t<h2 class=\"elementor-heading-title elementor-size-default\">CERTIFICAT DU CALCUL D\u2019EXEMPLE<\/h2>\t\t\t\t<\/div>\n\t\t\t\t<div class=\"elementor-element elementor-element-89da6d8 elementor-widget elementor-widget-text-editor\" data-id=\"89da6d8\" data-element_type=\"widget\" data-e-type=\"widget\" data-widget_type=\"text-editor.default\">\n\t\t\t\t\t\t\t\t\t<p>Apr\u00e8s le calcul, nous vous remettons avec plaisir un certificat selon RAL\/SIA ou SPRICH.<\/p>\n\t\t\t\t\t\t\t\t<\/div>\n\t\t\t\t<\/div>\n\t\t\t\t<\/div>\n\t\t<div class=\"elementor-element elementor-element-901de71 e-flex e-con-boxed wpr-particle-no wpr-jarallax-no wpr-parallax-no wpr-sticky-section-no wpr-column-slider-no wpr-equal-height-no e-con e-parent\" data-id=\"901de71\" data-element_type=\"container\" data-e-type=\"container\">\n\t\t\t\t\t<div class=\"e-con-inner\">\n\t\t\t\t<div class=\"elementor-element elementor-element-bd0a9d1 elementor-widget elementor-widget-spacer\" data-id=\"bd0a9d1\" data-element_type=\"widget\" data-e-type=\"widget\" data-widget_type=\"spacer.default\">\n\t\t\t\t\t\t\t<div class=\"elementor-spacer\">\n\t\t\t<div class=\"elementor-spacer-inner\"><\/div>\n\t\t<\/div>\n\t\t\t\t\t\t<\/div>\n\t\t\t\t\t<\/div>\n\t\t\t\t<\/div>\n\t\t\t\t<\/div>\n\t\t","protected":false},"excerpt":{"rendered":"<p>STATIQUE Le programme Statique calcule la charge des caillebotis selon les valeurs RAL, SIA et SPRICH. Ce programme a \u00e9t\u00e9 d\u00e9velopp\u00e9 sur une p\u00e9riode de plusieurs mois en collaboration avec la\u00a0Haute \u00c9cole de Lucerne\u00a0(HSLU). Toutes les valeurs scientifiques \u00e9prouv\u00e9es sont incluses dans le programme Statique afin de permettre un calcul rapide pour toutes les normes suisses et europ\u00e9ennes. SPRICH peut ainsi conseiller imm\u00e9diatement ses clients sur les charges des caillebotis et \u00e9tablir des certificats Fv (charge en surface) et Fp (charge ponctuelle) selon SIA, RAL et SPRICH. Actuellement, ces calculs sont possibles pour l\u2019acier, l\u2019acier inoxydable et l\u2019aluminium en diff\u00e9rents alliages. Afin de pouvoir calculer d\u2019autres certificats pour notre gamme de produits (par ex. marches, caillebotis en t\u00f4le profil\u00e9e, caillebotis en PRV, etc.), la collaboration avec la HSLU a \u00e9t\u00e9 poursuivie. Pour la phase actuelle, le projet, actuellement unique en Suisse, est soutenu par\u00a0Innosuisse, l\u2019agence suisse pour l\u2019encouragement de l\u2019innovation. Vous avez besoin des charges selon RAL\/SIA pour votre projet\u00a0? Appelez-nous au +41 41 768 10 90 ou contactez-nous par e-mail \u00e0\u00a0vente@sprich.ch. EXEMPLE DE CALCUL Charge ponctuel caillebotis press\u00e9 S235 Barre porteuse: 30\/2 mm Maille: 22&#215;22 mm Longueur x largeur: 1200&#215;750 mm avec 1.5kN R\u00c9PARTITIONS DE LA CHARGE POUR L\u2019EXEMPLE DE CALCUL CI-DESSUS La conversion manuelle de la charge \u00e0 partir du tableau des charges appartient au pass\u00e9. Les collaborateurs SPRICH disposent d\u2019un g\u00e9n\u00e9rateur de conversions gr\u00e2ce auquel ils peuvent calculer de mani\u00e8re s\u00fbre et rapide les charges admissibles pour Fv et Fp selon RAL et SIA et\/ou pour diff\u00e9rents mat\u00e9riaux. CERTIFICAT DU CALCUL D\u2019EXEMPLE Apr\u00e8s le calcul, nous vous remettons avec plaisir un certificat selon RAL\/SIA ou SPRICH.<\/p>\n","protected":false},"author":1,"featured_media":0,"parent":8237,"menu_order":0,"comment_status":"closed","ping_status":"closed","template":"elementor_header_footer","meta":{"footnotes":""},"class_list":["post-10614","page","type-page","status-publish","hentry","entry"],"yoast_head":"<!-- This site is optimized with the Yoast SEO Premium plugin v27.4 (Yoast SEO v27.6) - https:\/\/yoast.com\/product\/yoast-seo-premium-wordpress\/ -->\n<title>Statique - SPRICH<\/title>\n<meta name=\"description\" content=\"Service de statique SPRICH : calcul des charges selon RAL\/SIA \u2013 caillebotis, escaliers, \u00e9chelles. Preuves certifi\u00e9es incluses.\" \/>\n<meta name=\"robots\" content=\"index, follow, max-snippet:-1, max-image-preview:large, max-video-preview:-1\" \/>\n<link rel=\"canonical\" href=\"https:\/\/www.sprich.ch\/fr\/nos-services\/statique\" \/>\n<meta property=\"og:locale\" content=\"fr_FR\" \/>\n<meta property=\"og:type\" content=\"article\" \/>\n<meta property=\"og:title\" content=\"Statique\" \/>\n<meta property=\"og:description\" content=\"Service de statique SPRICH : calcul des charges selon RAL\/SIA \u2013 caillebotis, escaliers, \u00e9chelles. Preuves certifi\u00e9es incluses.\" \/>\n<meta property=\"og:url\" content=\"https:\/\/www.sprich.ch\/fr\/nos-services\/statique\" \/>\n<meta property=\"og:site_name\" content=\"SPRICH\" \/>\n<meta property=\"article:modified_time\" content=\"2025-12-10T12:32:16+00:00\" \/>\n<meta property=\"og:image\" content=\"https:\/\/www.sprich.ch\/wp-content\/uploads\/2025\/09\/sprich_zertifikat-statik_2025.webp\" \/>\n\t<meta property=\"og:image:width\" content=\"580\" \/>\n\t<meta property=\"og:image:height\" content=\"423\" \/>\n\t<meta property=\"og:image:type\" content=\"image\/webp\" \/>\n<meta name=\"twitter:card\" content=\"summary_large_image\" \/>\n<meta name=\"twitter:label1\" content=\"Dur\u00e9e de lecture estim\u00e9e\" \/>\n\t<meta name=\"twitter:data1\" content=\"1 minute\" \/>\n<script type=\"application\/ld+json\" class=\"yoast-schema-graph\">{\"@context\":\"https:\\\/\\\/schema.org\",\"@graph\":[{\"@type\":\"WebPage\",\"@id\":\"https:\\\/\\\/www.sprich.ch\\\/fr\\\/nos-services\\\/statique\",\"url\":\"https:\\\/\\\/www.sprich.ch\\\/fr\\\/nos-services\\\/statique\",\"name\":\"Statique - SPRICH\",\"isPartOf\":{\"@id\":\"https:\\\/\\\/www.sprich.ch\\\/fr#website\"},\"primaryImageOfPage\":{\"@id\":\"https:\\\/\\\/www.sprich.ch\\\/fr\\\/nos-services\\\/statique#primaryimage\"},\"image\":{\"@id\":\"https:\\\/\\\/www.sprich.ch\\\/fr\\\/nos-services\\\/statique#primaryimage\"},\"thumbnailUrl\":\"https:\\\/\\\/www.sprich.ch\\\/wp-content\\\/uploads\\\/2025\\\/09\\\/sprich_zertifikat-statik_2025.webp\",\"datePublished\":\"2025-09-23T08:21:32+00:00\",\"dateModified\":\"2025-12-10T12:32:16+00:00\",\"description\":\"Service de statique SPRICH : calcul des charges selon RAL\\\/SIA \u2013 caillebotis, escaliers, \u00e9chelles. Preuves certifi\u00e9es incluses.\",\"breadcrumb\":{\"@id\":\"https:\\\/\\\/www.sprich.ch\\\/fr\\\/nos-services\\\/statique#breadcrumb\"},\"inLanguage\":\"fr-FR\",\"potentialAction\":[{\"@type\":\"ReadAction\",\"target\":[\"https:\\\/\\\/www.sprich.ch\\\/fr\\\/nos-services\\\/statique\"]}]},{\"@type\":\"ImageObject\",\"inLanguage\":\"fr-FR\",\"@id\":\"https:\\\/\\\/www.sprich.ch\\\/fr\\\/nos-services\\\/statique#primaryimage\",\"url\":\"https:\\\/\\\/www.sprich.ch\\\/wp-content\\\/uploads\\\/2025\\\/09\\\/sprich_zertifikat-statik_2025.webp\",\"contentUrl\":\"https:\\\/\\\/www.sprich.ch\\\/wp-content\\\/uploads\\\/2025\\\/09\\\/sprich_zertifikat-statik_2025.webp\"},{\"@type\":\"BreadcrumbList\",\"@id\":\"https:\\\/\\\/www.sprich.ch\\\/fr\\\/nos-services\\\/statique#breadcrumb\",\"itemListElement\":[{\"@type\":\"ListItem\",\"position\":1,\"name\":\"Home\",\"item\":\"https:\\\/\\\/www.sprich.ch\\\/fr\"},{\"@type\":\"ListItem\",\"position\":2,\"name\":\"Nos services\",\"item\":\"https:\\\/\\\/www.sprich.ch\\\/fr\\\/nos-services\"},{\"@type\":\"ListItem\",\"position\":3,\"name\":\"Statique\"}]},{\"@type\":\"WebSite\",\"@id\":\"https:\\\/\\\/www.sprich.ch\\\/fr#website\",\"url\":\"https:\\\/\\\/www.sprich.ch\\\/fr\",\"name\":\"SPRICH\",\"description\":\"Gitterroste, Leitern, Treppen\",\"publisher\":{\"@id\":\"https:\\\/\\\/www.sprich.ch\\\/fr#organization\"},\"potentialAction\":[{\"@type\":\"SearchAction\",\"target\":{\"@type\":\"EntryPoint\",\"urlTemplate\":\"https:\\\/\\\/www.sprich.ch\\\/fr?s={search_term_string}\"},\"query-input\":{\"@type\":\"PropertyValueSpecification\",\"valueRequired\":true,\"valueName\":\"search_term_string\"}}],\"inLanguage\":\"fr-FR\"},{\"@type\":\"Organization\",\"@id\":\"https:\\\/\\\/www.sprich.ch\\\/fr#organization\",\"name\":\"SPRICH\",\"url\":\"https:\\\/\\\/www.sprich.ch\\\/fr\",\"logo\":{\"@type\":\"ImageObject\",\"inLanguage\":\"fr-FR\",\"@id\":\"https:\\\/\\\/www.sprich.ch\\\/fr#\\\/schema\\\/logo\\\/image\\\/\",\"url\":\"https:\\\/\\\/www.sprich.ch\\\/wp-content\\\/uploads\\\/2025\\\/09\\\/Sprich_Logo_rgb_pos_quer_600dpi-1-scaled.png\",\"contentUrl\":\"https:\\\/\\\/www.sprich.ch\\\/wp-content\\\/uploads\\\/2025\\\/09\\\/Sprich_Logo_rgb_pos_quer_600dpi-1-scaled.png\",\"width\":2560,\"height\":695,\"caption\":\"SPRICH\"},\"image\":{\"@id\":\"https:\\\/\\\/www.sprich.ch\\\/fr#\\\/schema\\\/logo\\\/image\\\/\"}}]}<\/script>\n<!-- \/ Yoast SEO Premium plugin. -->","yoast_head_json":{"title":"Statique - SPRICH","description":"Service de statique SPRICH : calcul des charges selon RAL\/SIA \u2013 caillebotis, escaliers, \u00e9chelles. Preuves certifi\u00e9es incluses.","robots":{"index":"index","follow":"follow","max-snippet":"max-snippet:-1","max-image-preview":"max-image-preview:large","max-video-preview":"max-video-preview:-1"},"canonical":"https:\/\/www.sprich.ch\/fr\/nos-services\/statique","og_locale":"fr_FR","og_type":"article","og_title":"Statique","og_description":"Service de statique SPRICH : calcul des charges selon RAL\/SIA \u2013 caillebotis, escaliers, \u00e9chelles. Preuves certifi\u00e9es incluses.","og_url":"https:\/\/www.sprich.ch\/fr\/nos-services\/statique","og_site_name":"SPRICH","article_modified_time":"2025-12-10T12:32:16+00:00","og_image":[{"width":580,"height":423,"url":"https:\/\/www.sprich.ch\/wp-content\/uploads\/2025\/09\/sprich_zertifikat-statik_2025.webp","type":"image\/webp"}],"twitter_card":"summary_large_image","twitter_misc":{"Dur\u00e9e de lecture estim\u00e9e":"1 minute"},"schema":{"@context":"https:\/\/schema.org","@graph":[{"@type":"WebPage","@id":"https:\/\/www.sprich.ch\/fr\/nos-services\/statique","url":"https:\/\/www.sprich.ch\/fr\/nos-services\/statique","name":"Statique - SPRICH","isPartOf":{"@id":"https:\/\/www.sprich.ch\/fr#website"},"primaryImageOfPage":{"@id":"https:\/\/www.sprich.ch\/fr\/nos-services\/statique#primaryimage"},"image":{"@id":"https:\/\/www.sprich.ch\/fr\/nos-services\/statique#primaryimage"},"thumbnailUrl":"https:\/\/www.sprich.ch\/wp-content\/uploads\/2025\/09\/sprich_zertifikat-statik_2025.webp","datePublished":"2025-09-23T08:21:32+00:00","dateModified":"2025-12-10T12:32:16+00:00","description":"Service de statique SPRICH : calcul des charges selon RAL\/SIA \u2013 caillebotis, escaliers, \u00e9chelles. Preuves certifi\u00e9es incluses.","breadcrumb":{"@id":"https:\/\/www.sprich.ch\/fr\/nos-services\/statique#breadcrumb"},"inLanguage":"fr-FR","potentialAction":[{"@type":"ReadAction","target":["https:\/\/www.sprich.ch\/fr\/nos-services\/statique"]}]},{"@type":"ImageObject","inLanguage":"fr-FR","@id":"https:\/\/www.sprich.ch\/fr\/nos-services\/statique#primaryimage","url":"https:\/\/www.sprich.ch\/wp-content\/uploads\/2025\/09\/sprich_zertifikat-statik_2025.webp","contentUrl":"https:\/\/www.sprich.ch\/wp-content\/uploads\/2025\/09\/sprich_zertifikat-statik_2025.webp"},{"@type":"BreadcrumbList","@id":"https:\/\/www.sprich.ch\/fr\/nos-services\/statique#breadcrumb","itemListElement":[{"@type":"ListItem","position":1,"name":"Home","item":"https:\/\/www.sprich.ch\/fr"},{"@type":"ListItem","position":2,"name":"Nos services","item":"https:\/\/www.sprich.ch\/fr\/nos-services"},{"@type":"ListItem","position":3,"name":"Statique"}]},{"@type":"WebSite","@id":"https:\/\/www.sprich.ch\/fr#website","url":"https:\/\/www.sprich.ch\/fr","name":"SPRICH","description":"Gitterroste, Leitern, Treppen","publisher":{"@id":"https:\/\/www.sprich.ch\/fr#organization"},"potentialAction":[{"@type":"SearchAction","target":{"@type":"EntryPoint","urlTemplate":"https:\/\/www.sprich.ch\/fr?s={search_term_string}"},"query-input":{"@type":"PropertyValueSpecification","valueRequired":true,"valueName":"search_term_string"}}],"inLanguage":"fr-FR"},{"@type":"Organization","@id":"https:\/\/www.sprich.ch\/fr#organization","name":"SPRICH","url":"https:\/\/www.sprich.ch\/fr","logo":{"@type":"ImageObject","inLanguage":"fr-FR","@id":"https:\/\/www.sprich.ch\/fr#\/schema\/logo\/image\/","url":"https:\/\/www.sprich.ch\/wp-content\/uploads\/2025\/09\/Sprich_Logo_rgb_pos_quer_600dpi-1-scaled.png","contentUrl":"https:\/\/www.sprich.ch\/wp-content\/uploads\/2025\/09\/Sprich_Logo_rgb_pos_quer_600dpi-1-scaled.png","width":2560,"height":695,"caption":"SPRICH"},"image":{"@id":"https:\/\/www.sprich.ch\/fr#\/schema\/logo\/image\/"}}]}},"_links":{"self":[{"href":"https:\/\/www.sprich.ch\/fr\/wp-json\/wp\/v2\/pages\/10614","targetHints":{"allow":["GET"]}}],"collection":[{"href":"https:\/\/www.sprich.ch\/fr\/wp-json\/wp\/v2\/pages"}],"about":[{"href":"https:\/\/www.sprich.ch\/fr\/wp-json\/wp\/v2\/types\/page"}],"author":[{"embeddable":true,"href":"https:\/\/www.sprich.ch\/fr\/wp-json\/wp\/v2\/users\/1"}],"replies":[{"embeddable":true,"href":"https:\/\/www.sprich.ch\/fr\/wp-json\/wp\/v2\/comments?post=10614"}],"version-history":[{"count":6,"href":"https:\/\/www.sprich.ch\/fr\/wp-json\/wp\/v2\/pages\/10614\/revisions"}],"predecessor-version":[{"id":20099,"href":"https:\/\/www.sprich.ch\/fr\/wp-json\/wp\/v2\/pages\/10614\/revisions\/20099"}],"up":[{"embeddable":true,"href":"https:\/\/www.sprich.ch\/fr\/wp-json\/wp\/v2\/pages\/8237"}],"wp:attachment":[{"href":"https:\/\/www.sprich.ch\/fr\/wp-json\/wp\/v2\/media?parent=10614"}],"curies":[{"name":"wp","href":"https:\/\/api.w.org\/{rel}","templated":true}]}}