{"id":10608,"date":"2025-09-26T11:40:46","date_gmt":"2025-09-26T11:40:46","guid":{"rendered":"https:\/\/www.sprich.ch\/echelles\/"},"modified":"2026-02-12T07:57:43","modified_gmt":"2026-02-12T07:57:43","slug":"echelles","status":"publish","type":"page","link":"https:\/\/www.sprich.ch\/fr\/produits\/echelles","title":{"rendered":"\u00c9chelles"},"content":{"rendered":"\t\t<div data-elementor-type=\"wp-page\" data-elementor-id=\"10608\" class=\"elementor elementor-10608 elementor-1129\" data-elementor-post-type=\"page\">\n\t\t\t\t<div class=\"elementor-element elementor-element-ee62f81 e-con-full e-flex wpr-particle-no wpr-jarallax-no wpr-parallax-no wpr-sticky-section-no wpr-equal-height-no e-con e-parent\" data-id=\"ee62f81\" data-element_type=\"container\" data-e-type=\"container\" data-settings=\"{&quot;background_background&quot;:&quot;classic&quot;}\">\n\t\t\t\t<\/div>\n\t\t<div class=\"elementor-element elementor-element-f12e73b e-con-full e-flex wpr-particle-no wpr-jarallax-no wpr-parallax-no wpr-sticky-section-no wpr-equal-height-no e-con e-parent\" data-id=\"f12e73b\" data-element_type=\"container\" data-e-type=\"container\">\n\t\t\t\t<div class=\"elementor-element elementor-element-56a33cc elementor-widget elementor-widget-spacer\" data-id=\"56a33cc\" data-element_type=\"widget\" data-e-type=\"widget\" data-widget_type=\"spacer.default\">\n\t\t\t\t\t\t\t<div class=\"elementor-spacer\">\n\t\t\t<div class=\"elementor-spacer-inner\"><\/div>\n\t\t<\/div>\n\t\t\t\t\t\t<\/div>\n\t\t\t\t<div class=\"elementor-element elementor-element-d65118e elementor-widget elementor-widget-heading\" data-id=\"d65118e\" data-element_type=\"widget\" data-e-type=\"widget\" data-widget_type=\"heading.default\">\n\t\t\t\t\t<h2 class=\"elementor-heading-title elementor-size-default\">NOS \u00c9CHELLES<\/h2>\t\t\t\t<\/div>\n\t\t\t\t<div class=\"elementor-element elementor-element-0632b0f elementor-widget-divider--view-line elementor-widget elementor-widget-divider\" data-id=\"0632b0f\" data-element_type=\"widget\" data-e-type=\"widget\" data-widget_type=\"divider.default\">\n\t\t\t\t\t\t\t<div class=\"elementor-divider\">\n\t\t\t<span class=\"elementor-divider-separator\">\n\t\t\t\t\t\t<\/span>\n\t\t<\/div>\n\t\t\t\t\t\t<\/div>\n\t\t\t\t<div class=\"elementor-element elementor-element-9e35c49 elementor-widget elementor-widget-text-editor\" data-id=\"9e35c49\" data-element_type=\"widget\" data-e-type=\"widget\" data-widget_type=\"text-editor.default\">\n\t\t\t\t\t\t\t\t\t<p>Les \u00e9chelles de SPRICH conviennent pour des acc\u00e8s peu encombrants dans diff\u00e9rents domaines.<\/p><p>Elles sont disponibles en acier galvanis\u00e9 \u00e0 chaud ainsi qu\u2019en acier inoxydable et peuvent \u00eatre planifi\u00e9es et adapt\u00e9es individuellement selon les souhaits.<\/p><p>De la planification au montage, nous vous accompagnons de mani\u00e8re fiable.<\/p>\t\t\t\t\t\t\t\t<\/div>\n\t\t<div class=\"elementor-element elementor-element-df1f748 e-grid e-con-full wpr-particle-no wpr-jarallax-no wpr-parallax-no wpr-sticky-section-no wpr-equal-height-no e-con e-child\" data-id=\"df1f748\" data-element_type=\"container\" data-e-type=\"container\">\n\t\t<div class=\"elementor-element elementor-element-6ace1a5 e-con-full e-flex wpr-particle-no wpr-jarallax-no wpr-parallax-no wpr-sticky-section-no wpr-equal-height-no e-con e-child\" data-id=\"6ace1a5\" data-element_type=\"container\" data-e-type=\"container\">\n\t\t\t\t<div class=\"elementor-element elementor-element-912dc04 elementor-widget elementor-widget-image\" data-id=\"912dc04\" data-element_type=\"widget\" data-e-type=\"widget\" data-widget_type=\"image.default\">\n\t\t\t\t\t\t\t\t\t\t\t\t\t\t\t\t<a href=\"https:\/\/www.sprich.ch\/fr\/produits\/echelles\/echelle\">\n\t\t\t\t\t\t\t<img fetchpriority=\"high\" decoding=\"async\" width=\"1024\" height=\"1024\" src=\"https:\/\/www.sprich.ch\/wp-content\/uploads\/2025\/09\/sprich_steigleiter_mit-rueckenschutz_nr01_2025-1024x1024.jpg\" class=\"attachment-large size-large wp-image-9326\" alt=\"sprich_steigleiter_mit-rueckenschutz_nr01_2025\" srcset=\"https:\/\/www.sprich.ch\/wp-content\/uploads\/2025\/09\/sprich_steigleiter_mit-rueckenschutz_nr01_2025-1024x1024.jpg 1024w, https:\/\/www.sprich.ch\/wp-content\/uploads\/2025\/09\/sprich_steigleiter_mit-rueckenschutz_nr01_2025-300x300.jpg 300w, https:\/\/www.sprich.ch\/wp-content\/uploads\/2025\/09\/sprich_steigleiter_mit-rueckenschutz_nr01_2025-150x150.jpg 150w, https:\/\/www.sprich.ch\/wp-content\/uploads\/2025\/09\/sprich_steigleiter_mit-rueckenschutz_nr01_2025-768x768.jpg 768w, https:\/\/www.sprich.ch\/wp-content\/uploads\/2025\/09\/sprich_steigleiter_mit-rueckenschutz_nr01_2025-600x600.jpg 600w, https:\/\/www.sprich.ch\/wp-content\/uploads\/2025\/09\/sprich_steigleiter_mit-rueckenschutz_nr01_2025.jpg 1200w\" sizes=\"(max-width: 1024px) 100vw, 1024px\" \/>\t\t\t\t\t\t\t\t<\/a>\n\t\t\t\t\t\t\t\t\t\t\t\t\t\t\t<\/div>\n\t\t\t\t<div class=\"elementor-element elementor-element-28cad3a elementor-widget elementor-widget-button\" data-id=\"28cad3a\" data-element_type=\"widget\" data-e-type=\"widget\" data-widget_type=\"button.default\">\n\t\t\t\t\t\t\t\t\t\t<a class=\"elementor-button elementor-button-link elementor-size-sm\" href=\"https:\/\/www.sprich.ch\/fr\/produits\/echelles\/echelle\">\n\t\t\t\t\t\t<span class=\"elementor-button-content-wrapper\">\n\t\t\t\t\t\t<span class=\"elementor-button-icon\">\n\t\t\t\t<svg aria-hidden=\"true\" class=\"e-font-icon-svg e-fas-chevron-right\" viewBox=\"0 0 320 512\" xmlns=\"http:\/\/www.w3.org\/2000\/svg\"><path d=\"M285.476 272.971L91.132 467.314c-9.373 9.373-24.569 9.373-33.941 0l-22.667-22.667c-9.357-9.357-9.375-24.522-.04-33.901L188.505 256 34.484 101.255c-9.335-9.379-9.317-24.544.04-33.901l22.667-22.667c9.373-9.373 24.569-9.373 33.941 0L285.475 239.03c9.373 9.372 9.373 24.568.001 33.941z\"><\/path><\/svg>\t\t\t<\/span>\n\t\t\t\t\t\t\t\t\t<span class=\"elementor-button-text\">\u00c9CHELLES<\/span>\n\t\t\t\t\t<\/span>\n\t\t\t\t\t<\/a>\n\t\t\t\t\t\t\t\t<\/div>\n\t\t\t\t<\/div>\n\t\t<div class=\"elementor-element elementor-element-2ceaf14 e-con-full e-flex wpr-particle-no wpr-jarallax-no wpr-parallax-no wpr-sticky-section-no wpr-equal-height-no e-con e-child\" data-id=\"2ceaf14\" data-element_type=\"container\" data-e-type=\"container\">\n\t\t\t\t<div class=\"elementor-element elementor-element-385be30 elementor-widget elementor-widget-image\" data-id=\"385be30\" data-element_type=\"widget\" data-e-type=\"widget\" data-widget_type=\"image.default\">\n\t\t\t\t\t\t\t\t\t\t\t\t\t\t\t\t<a href=\"https:\/\/www.sprich.ch\/fr\/produits\/accessoires\/accessoires-pour-echelles-de-securite\">\n\t\t\t\t\t\t\t<img decoding=\"async\" width=\"1024\" height=\"1024\" src=\"https:\/\/www.sprich.ch\/wp-content\/uploads\/2025\/10\/sprich_zubehoer_leiter_Leitersprosse_2000x50_doppelreihig_nr01_2025-1024x1024.jpg\" class=\"attachment-large size-large wp-image-9327\" alt=\"sprich_zubehoer_leiter_Leitersprosse_2000x50_doppelreihig_nr01_2025\" srcset=\"https:\/\/www.sprich.ch\/wp-content\/uploads\/2025\/10\/sprich_zubehoer_leiter_Leitersprosse_2000x50_doppelreihig_nr01_2025-1024x1024.jpg 1024w, https:\/\/www.sprich.ch\/wp-content\/uploads\/2025\/10\/sprich_zubehoer_leiter_Leitersprosse_2000x50_doppelreihig_nr01_2025-300x300.jpg 300w, https:\/\/www.sprich.ch\/wp-content\/uploads\/2025\/10\/sprich_zubehoer_leiter_Leitersprosse_2000x50_doppelreihig_nr01_2025-150x150.jpg 150w, https:\/\/www.sprich.ch\/wp-content\/uploads\/2025\/10\/sprich_zubehoer_leiter_Leitersprosse_2000x50_doppelreihig_nr01_2025-768x768.jpg 768w, https:\/\/www.sprich.ch\/wp-content\/uploads\/2025\/10\/sprich_zubehoer_leiter_Leitersprosse_2000x50_doppelreihig_nr01_2025-600x600.jpg 600w, https:\/\/www.sprich.ch\/wp-content\/uploads\/2025\/10\/sprich_zubehoer_leiter_Leitersprosse_2000x50_doppelreihig_nr01_2025.jpg 1160w\" sizes=\"(max-width: 1024px) 100vw, 1024px\" \/>\t\t\t\t\t\t\t\t<\/a>\n\t\t\t\t\t\t\t\t\t\t\t\t\t\t\t<\/div>\n\t\t\t\t<div class=\"elementor-element elementor-element-81db132 elementor-widget elementor-widget-button\" data-id=\"81db132\" data-element_type=\"widget\" data-e-type=\"widget\" data-widget_type=\"button.default\">\n\t\t\t\t\t\t\t\t\t\t<a class=\"elementor-button elementor-button-link elementor-size-sm\" href=\"https:\/\/www.sprich.ch\/fr\/produits\/accessoires\/accessoires-pour-echelles-de-securite\">\n\t\t\t\t\t\t<span class=\"elementor-button-content-wrapper\">\n\t\t\t\t\t\t<span class=\"elementor-button-icon\">\n\t\t\t\t<svg aria-hidden=\"true\" class=\"e-font-icon-svg e-fas-chevron-right\" viewBox=\"0 0 320 512\" xmlns=\"http:\/\/www.w3.org\/2000\/svg\"><path d=\"M285.476 272.971L91.132 467.314c-9.373 9.373-24.569 9.373-33.941 0l-22.667-22.667c-9.357-9.357-9.375-24.522-.04-33.901L188.505 256 34.484 101.255c-9.335-9.379-9.317-24.544.04-33.901l22.667-22.667c9.373-9.373 24.569-9.373 33.941 0L285.475 239.03c9.373 9.372 9.373 24.568.001 33.941z\"><\/path><\/svg>\t\t\t<\/span>\n\t\t\t\t\t\t\t\t\t<span class=\"elementor-button-text\">ACCESSOIRES<\/span>\n\t\t\t\t\t<\/span>\n\t\t\t\t\t<\/a>\n\t\t\t\t\t\t\t\t<\/div>\n\t\t\t\t<\/div>\n\t\t\t\t<\/div>\n\t\t\t\t<div class=\"elementor-element elementor-element-dacc5c4 elementor-widget elementor-widget-spacer\" data-id=\"dacc5c4\" data-element_type=\"widget\" data-e-type=\"widget\" data-widget_type=\"spacer.default\">\n\t\t\t\t\t\t\t<div class=\"elementor-spacer\">\n\t\t\t<div class=\"elementor-spacer-inner\"><\/div>\n\t\t<\/div>\n\t\t\t\t\t\t<\/div>\n\t\t\t\t<\/div>\n\t\t\t\t<\/div>\n\t\t","protected":false},"excerpt":{"rendered":"<p>NOS \u00c9CHELLES Les \u00e9chelles de SPRICH conviennent pour des acc\u00e8s peu encombrants dans diff\u00e9rents domaines. Elles sont disponibles en acier galvanis\u00e9 \u00e0 chaud ainsi qu\u2019en acier inoxydable et peuvent \u00eatre planifi\u00e9es et adapt\u00e9es individuellement selon les souhaits. De la planification au montage, nous vous accompagnons de mani\u00e8re fiable. \u00c9CHELLES ACCESSOIRES<\/p>\n","protected":false},"author":1,"featured_media":0,"parent":10629,"menu_order":0,"comment_status":"closed","ping_status":"closed","template":"elementor_header_footer","meta":{"footnotes":""},"class_list":["post-10608","page","type-page","status-publish","hentry","entry"],"yoast_head":"<!-- This site is optimized with the Yoast SEO Premium plugin v27.4 (Yoast SEO v27.5) - https:\/\/yoast.com\/product\/yoast-seo-premium-wordpress\/ -->\n<title>\u00c9chelles - SPRICH<\/title>\n<meta name=\"description\" content=\"Les \u00e9chelles d\u2019acc\u00e8s verticales de SPRICH offrent des acc\u00e8s peu encombrants, sont disponibles en acier galvanis\u00e9 ou en acier inoxydable et peuvent \u00eatre planifi\u00e9es individuellement \u2013 avec un accompagnement fiable de la planification jusqu\u2019au montage.\" \/>\n<meta name=\"robots\" content=\"index, follow, max-snippet:-1, max-image-preview:large, max-video-preview:-1\" \/>\n<link rel=\"canonical\" href=\"https:\/\/www.sprich.ch\/fr\/produits\/echelles\" \/>\n<meta property=\"og:locale\" content=\"fr_FR\" \/>\n<meta property=\"og:type\" content=\"article\" \/>\n<meta property=\"og:title\" content=\"\u00c9chelles\" \/>\n<meta property=\"og:description\" content=\"Les \u00e9chelles d\u2019acc\u00e8s verticales de SPRICH offrent des acc\u00e8s peu encombrants, sont disponibles en acier galvanis\u00e9 ou en acier inoxydable et peuvent \u00eatre planifi\u00e9es individuellement \u2013 avec un accompagnement fiable de la planification jusqu\u2019au montage.\" \/>\n<meta property=\"og:url\" content=\"https:\/\/www.sprich.ch\/fr\/produits\/echelles\" \/>\n<meta property=\"og:site_name\" content=\"SPRICH\" \/>\n<meta property=\"article:modified_time\" content=\"2026-02-12T07:57:43+00:00\" \/>\n<meta property=\"og:image\" content=\"https:\/\/www.sprich.ch\/wp-content\/uploads\/2025\/09\/sprich_steigleiter_mit-rueckenschutz_nr01_2025.jpg\" \/>\n\t<meta property=\"og:image:width\" content=\"1200\" \/>\n\t<meta property=\"og:image:height\" content=\"1200\" \/>\n\t<meta property=\"og:image:type\" content=\"image\/jpeg\" \/>\n<meta name=\"twitter:card\" content=\"summary_large_image\" \/>\n<meta name=\"twitter:label1\" content=\"Dur\u00e9e de lecture estim\u00e9e\" \/>\n\t<meta name=\"twitter:data1\" content=\"1 minute\" \/>\n<script type=\"application\/ld+json\" class=\"yoast-schema-graph\">{\"@context\":\"https:\\\/\\\/schema.org\",\"@graph\":[{\"@type\":\"WebPage\",\"@id\":\"https:\\\/\\\/www.sprich.ch\\\/fr\\\/produits\\\/echelles\",\"url\":\"https:\\\/\\\/www.sprich.ch\\\/fr\\\/produits\\\/echelles\",\"name\":\"\u00c9chelles - SPRICH\",\"isPartOf\":{\"@id\":\"https:\\\/\\\/www.sprich.ch\\\/fr#website\"},\"primaryImageOfPage\":{\"@id\":\"https:\\\/\\\/www.sprich.ch\\\/fr\\\/produits\\\/echelles#primaryimage\"},\"image\":{\"@id\":\"https:\\\/\\\/www.sprich.ch\\\/fr\\\/produits\\\/echelles#primaryimage\"},\"thumbnailUrl\":\"https:\\\/\\\/www.sprich.ch\\\/wp-content\\\/uploads\\\/2025\\\/09\\\/sprich_steigleiter_mit-rueckenschutz_nr01_2025-1024x1024.jpg\",\"datePublished\":\"2025-09-26T11:40:46+00:00\",\"dateModified\":\"2026-02-12T07:57:43+00:00\",\"description\":\"Les \u00e9chelles d\u2019acc\u00e8s verticales de SPRICH offrent des acc\u00e8s peu encombrants, sont disponibles en acier galvanis\u00e9 ou en acier inoxydable et peuvent \u00eatre planifi\u00e9es individuellement \u2013 avec un accompagnement fiable de la planification jusqu\u2019au montage.\",\"breadcrumb\":{\"@id\":\"https:\\\/\\\/www.sprich.ch\\\/fr\\\/produits\\\/echelles#breadcrumb\"},\"inLanguage\":\"fr-FR\",\"potentialAction\":[{\"@type\":\"ReadAction\",\"target\":[\"https:\\\/\\\/www.sprich.ch\\\/fr\\\/produits\\\/echelles\"]}]},{\"@type\":\"ImageObject\",\"inLanguage\":\"fr-FR\",\"@id\":\"https:\\\/\\\/www.sprich.ch\\\/fr\\\/produits\\\/echelles#primaryimage\",\"url\":\"https:\\\/\\\/www.sprich.ch\\\/wp-content\\\/uploads\\\/2025\\\/09\\\/sprich_steigleiter_mit-rueckenschutz_nr01_2025-1024x1024.jpg\",\"contentUrl\":\"https:\\\/\\\/www.sprich.ch\\\/wp-content\\\/uploads\\\/2025\\\/09\\\/sprich_steigleiter_mit-rueckenschutz_nr01_2025-1024x1024.jpg\"},{\"@type\":\"BreadcrumbList\",\"@id\":\"https:\\\/\\\/www.sprich.ch\\\/fr\\\/produits\\\/echelles#breadcrumb\",\"itemListElement\":[{\"@type\":\"ListItem\",\"position\":1,\"name\":\"Home\",\"item\":\"https:\\\/\\\/www.sprich.ch\\\/fr\"},{\"@type\":\"ListItem\",\"position\":2,\"name\":\"Nos produits\",\"item\":\"https:\\\/\\\/www.sprich.ch\\\/fr\\\/produkte\"},{\"@type\":\"ListItem\",\"position\":3,\"name\":\"\u00c9chelles\"}]},{\"@type\":\"WebSite\",\"@id\":\"https:\\\/\\\/www.sprich.ch\\\/fr#website\",\"url\":\"https:\\\/\\\/www.sprich.ch\\\/fr\",\"name\":\"SPRICH\",\"description\":\"Gitterroste, Leitern, Treppen\",\"publisher\":{\"@id\":\"https:\\\/\\\/www.sprich.ch\\\/fr#organization\"},\"potentialAction\":[{\"@type\":\"SearchAction\",\"target\":{\"@type\":\"EntryPoint\",\"urlTemplate\":\"https:\\\/\\\/www.sprich.ch\\\/fr?s={search_term_string}\"},\"query-input\":{\"@type\":\"PropertyValueSpecification\",\"valueRequired\":true,\"valueName\":\"search_term_string\"}}],\"inLanguage\":\"fr-FR\"},{\"@type\":\"Organization\",\"@id\":\"https:\\\/\\\/www.sprich.ch\\\/fr#organization\",\"name\":\"SPRICH\",\"url\":\"https:\\\/\\\/www.sprich.ch\\\/fr\",\"logo\":{\"@type\":\"ImageObject\",\"inLanguage\":\"fr-FR\",\"@id\":\"https:\\\/\\\/www.sprich.ch\\\/fr#\\\/schema\\\/logo\\\/image\\\/\",\"url\":\"https:\\\/\\\/www.sprich.ch\\\/wp-content\\\/uploads\\\/2025\\\/09\\\/Sprich_Logo_rgb_pos_quer_600dpi-1-scaled.png\",\"contentUrl\":\"https:\\\/\\\/www.sprich.ch\\\/wp-content\\\/uploads\\\/2025\\\/09\\\/Sprich_Logo_rgb_pos_quer_600dpi-1-scaled.png\",\"width\":2560,\"height\":695,\"caption\":\"SPRICH\"},\"image\":{\"@id\":\"https:\\\/\\\/www.sprich.ch\\\/fr#\\\/schema\\\/logo\\\/image\\\/\"}}]}<\/script>\n<!-- \/ Yoast SEO Premium plugin. -->","yoast_head_json":{"title":"\u00c9chelles - SPRICH","description":"Les \u00e9chelles d\u2019acc\u00e8s verticales de SPRICH offrent des acc\u00e8s peu encombrants, sont disponibles en acier galvanis\u00e9 ou en acier inoxydable et peuvent \u00eatre planifi\u00e9es individuellement \u2013 avec un accompagnement fiable de la planification jusqu\u2019au montage.","robots":{"index":"index","follow":"follow","max-snippet":"max-snippet:-1","max-image-preview":"max-image-preview:large","max-video-preview":"max-video-preview:-1"},"canonical":"https:\/\/www.sprich.ch\/fr\/produits\/echelles","og_locale":"fr_FR","og_type":"article","og_title":"\u00c9chelles","og_description":"Les \u00e9chelles d\u2019acc\u00e8s verticales de SPRICH offrent des acc\u00e8s peu encombrants, sont disponibles en acier galvanis\u00e9 ou en acier inoxydable et peuvent \u00eatre planifi\u00e9es individuellement \u2013 avec un accompagnement fiable de la planification jusqu\u2019au montage.","og_url":"https:\/\/www.sprich.ch\/fr\/produits\/echelles","og_site_name":"SPRICH","article_modified_time":"2026-02-12T07:57:43+00:00","og_image":[{"width":1200,"height":1200,"url":"https:\/\/www.sprich.ch\/wp-content\/uploads\/2025\/09\/sprich_steigleiter_mit-rueckenschutz_nr01_2025.jpg","type":"image\/jpeg"}],"twitter_card":"summary_large_image","twitter_misc":{"Dur\u00e9e de lecture estim\u00e9e":"1 minute"},"schema":{"@context":"https:\/\/schema.org","@graph":[{"@type":"WebPage","@id":"https:\/\/www.sprich.ch\/fr\/produits\/echelles","url":"https:\/\/www.sprich.ch\/fr\/produits\/echelles","name":"\u00c9chelles - SPRICH","isPartOf":{"@id":"https:\/\/www.sprich.ch\/fr#website"},"primaryImageOfPage":{"@id":"https:\/\/www.sprich.ch\/fr\/produits\/echelles#primaryimage"},"image":{"@id":"https:\/\/www.sprich.ch\/fr\/produits\/echelles#primaryimage"},"thumbnailUrl":"https:\/\/www.sprich.ch\/wp-content\/uploads\/2025\/09\/sprich_steigleiter_mit-rueckenschutz_nr01_2025-1024x1024.jpg","datePublished":"2025-09-26T11:40:46+00:00","dateModified":"2026-02-12T07:57:43+00:00","description":"Les \u00e9chelles d\u2019acc\u00e8s verticales de SPRICH offrent des acc\u00e8s peu encombrants, sont disponibles en acier galvanis\u00e9 ou en acier inoxydable et peuvent \u00eatre planifi\u00e9es individuellement \u2013 avec un accompagnement fiable de la planification jusqu\u2019au montage.","breadcrumb":{"@id":"https:\/\/www.sprich.ch\/fr\/produits\/echelles#breadcrumb"},"inLanguage":"fr-FR","potentialAction":[{"@type":"ReadAction","target":["https:\/\/www.sprich.ch\/fr\/produits\/echelles"]}]},{"@type":"ImageObject","inLanguage":"fr-FR","@id":"https:\/\/www.sprich.ch\/fr\/produits\/echelles#primaryimage","url":"https:\/\/www.sprich.ch\/wp-content\/uploads\/2025\/09\/sprich_steigleiter_mit-rueckenschutz_nr01_2025-1024x1024.jpg","contentUrl":"https:\/\/www.sprich.ch\/wp-content\/uploads\/2025\/09\/sprich_steigleiter_mit-rueckenschutz_nr01_2025-1024x1024.jpg"},{"@type":"BreadcrumbList","@id":"https:\/\/www.sprich.ch\/fr\/produits\/echelles#breadcrumb","itemListElement":[{"@type":"ListItem","position":1,"name":"Home","item":"https:\/\/www.sprich.ch\/fr"},{"@type":"ListItem","position":2,"name":"Nos produits","item":"https:\/\/www.sprich.ch\/fr\/produkte"},{"@type":"ListItem","position":3,"name":"\u00c9chelles"}]},{"@type":"WebSite","@id":"https:\/\/www.sprich.ch\/fr#website","url":"https:\/\/www.sprich.ch\/fr","name":"SPRICH","description":"Gitterroste, Leitern, Treppen","publisher":{"@id":"https:\/\/www.sprich.ch\/fr#organization"},"potentialAction":[{"@type":"SearchAction","target":{"@type":"EntryPoint","urlTemplate":"https:\/\/www.sprich.ch\/fr?s={search_term_string}"},"query-input":{"@type":"PropertyValueSpecification","valueRequired":true,"valueName":"search_term_string"}}],"inLanguage":"fr-FR"},{"@type":"Organization","@id":"https:\/\/www.sprich.ch\/fr#organization","name":"SPRICH","url":"https:\/\/www.sprich.ch\/fr","logo":{"@type":"ImageObject","inLanguage":"fr-FR","@id":"https:\/\/www.sprich.ch\/fr#\/schema\/logo\/image\/","url":"https:\/\/www.sprich.ch\/wp-content\/uploads\/2025\/09\/Sprich_Logo_rgb_pos_quer_600dpi-1-scaled.png","contentUrl":"https:\/\/www.sprich.ch\/wp-content\/uploads\/2025\/09\/Sprich_Logo_rgb_pos_quer_600dpi-1-scaled.png","width":2560,"height":695,"caption":"SPRICH"},"image":{"@id":"https:\/\/www.sprich.ch\/fr#\/schema\/logo\/image\/"}}]}},"_links":{"self":[{"href":"https:\/\/www.sprich.ch\/fr\/wp-json\/wp\/v2\/pages\/10608","targetHints":{"allow":["GET"]}}],"collection":[{"href":"https:\/\/www.sprich.ch\/fr\/wp-json\/wp\/v2\/pages"}],"about":[{"href":"https:\/\/www.sprich.ch\/fr\/wp-json\/wp\/v2\/types\/page"}],"author":[{"embeddable":true,"href":"https:\/\/www.sprich.ch\/fr\/wp-json\/wp\/v2\/users\/1"}],"replies":[{"embeddable":true,"href":"https:\/\/www.sprich.ch\/fr\/wp-json\/wp\/v2\/comments?post=10608"}],"version-history":[{"count":21,"href":"https:\/\/www.sprich.ch\/fr\/wp-json\/wp\/v2\/pages\/10608\/revisions"}],"predecessor-version":[{"id":27151,"href":"https:\/\/www.sprich.ch\/fr\/wp-json\/wp\/v2\/pages\/10608\/revisions\/27151"}],"up":[{"embeddable":true,"href":"https:\/\/www.sprich.ch\/fr\/wp-json\/wp\/v2\/pages\/10629"}],"wp:attachment":[{"href":"https:\/\/www.sprich.ch\/fr\/wp-json\/wp\/v2\/media?parent=10608"}],"curies":[{"name":"wp","href":"https:\/\/api.w.org\/{rel}","templated":true}]}}