{"id":10602,"date":"2025-09-26T13:51:57","date_gmt":"2025-09-26T13:51:57","guid":{"rendered":"https:\/\/www.sprich.ch\/accessoires\/"},"modified":"2026-02-12T07:26:45","modified_gmt":"2026-02-12T07:26:45","slug":"accessoires","status":"publish","type":"page","link":"https:\/\/www.sprich.ch\/fr\/produits\/accessoires","title":{"rendered":"Accessoires"},"content":{"rendered":"\t\t<div data-elementor-type=\"wp-page\" data-elementor-id=\"10602\" class=\"elementor elementor-10602 elementor-1190\" data-elementor-post-type=\"page\">\n\t\t\t\t<div class=\"elementor-element elementor-element-7936380 e-con-full e-flex wpr-particle-no wpr-jarallax-no wpr-parallax-no wpr-sticky-section-no wpr-equal-height-no e-con e-parent\" data-id=\"7936380\" data-element_type=\"container\" data-e-type=\"container\" data-settings=\"{&quot;background_background&quot;:&quot;classic&quot;}\">\n\t\t\t\t<\/div>\n\t\t<div class=\"elementor-element elementor-element-643e0f5 e-con-full e-flex wpr-particle-no wpr-jarallax-no wpr-parallax-no wpr-sticky-section-no wpr-equal-height-no e-con e-parent\" data-id=\"643e0f5\" data-element_type=\"container\" data-e-type=\"container\">\n\t\t\t\t<div class=\"elementor-element elementor-element-f6213d7 elementor-widget elementor-widget-spacer\" data-id=\"f6213d7\" data-element_type=\"widget\" data-e-type=\"widget\" data-widget_type=\"spacer.default\">\n\t\t\t\t\t\t\t<div class=\"elementor-spacer\">\n\t\t\t<div class=\"elementor-spacer-inner\"><\/div>\n\t\t<\/div>\n\t\t\t\t\t\t<\/div>\n\t\t\t\t<div class=\"elementor-element elementor-element-2b44517 elementor-widget elementor-widget-heading\" data-id=\"2b44517\" data-element_type=\"widget\" data-e-type=\"widget\" data-widget_type=\"heading.default\">\n\t\t\t\t\t<h2 class=\"elementor-heading-title elementor-size-default\">NOTRE ACCESSOIRE<\/h2>\t\t\t\t<\/div>\n\t\t\t\t<div class=\"elementor-element elementor-element-5aaf91b elementor-widget-divider--view-line elementor-widget elementor-widget-divider\" data-id=\"5aaf91b\" data-element_type=\"widget\" data-e-type=\"widget\" data-widget_type=\"divider.default\">\n\t\t\t\t\t\t\t<div class=\"elementor-divider\">\n\t\t\t<span class=\"elementor-divider-separator\">\n\t\t\t\t\t\t<\/span>\n\t\t<\/div>\n\t\t\t\t\t\t<\/div>\n\t\t\t\t<div class=\"elementor-element elementor-element-3d51233 elementor-widget elementor-widget-text-editor\" data-id=\"3d51233\" data-element_type=\"widget\" data-e-type=\"widget\" data-widget_type=\"text-editor.default\">\n\t\t\t\t\t\t\t\t\t<p>Nous proposons des accessoires adapt\u00e9s \u00e0 tous nos produits.<br \/>Nous nous tenons \u00e0 votre disposition en cas de questions.<\/p>\n\t\t\t\t\t\t\t\t<\/div>\n\t\t<div class=\"elementor-element elementor-element-11a86b4 e-grid e-con-full wpr-particle-no wpr-jarallax-no wpr-parallax-no wpr-sticky-section-no wpr-equal-height-no e-con e-child\" data-id=\"11a86b4\" data-element_type=\"container\" data-e-type=\"container\">\n\t\t<div class=\"elementor-element elementor-element-b4d8613 e-con-full e-flex wpr-particle-no wpr-jarallax-no wpr-parallax-no wpr-sticky-section-no wpr-equal-height-no e-con e-child\" data-id=\"b4d8613\" data-element_type=\"container\" data-e-type=\"container\">\n\t\t\t\t<div class=\"elementor-element elementor-element-f7b5e0a elementor-widget elementor-widget-image\" data-id=\"f7b5e0a\" data-element_type=\"widget\" data-e-type=\"widget\" data-widget_type=\"image.default\">\n\t\t\t\t\t\t\t\t\t\t\t\t\t\t\t\t<a href=\"https:\/\/www.sprich.ch\/fr\/produits\/accessoires\/accessoires-pour-caillebotis\">\n\t\t\t\t\t\t\t<img fetchpriority=\"high\" decoding=\"async\" width=\"1024\" height=\"1024\" src=\"https:\/\/www.sprich.ch\/wp-content\/uploads\/2025\/10\/sprich_Zubehoer_gitterroste_Halteklemmen_komplett_33x33_feuerverzinkt_nr01_2025-1024x1024.jpg\" class=\"attachment-large size-large wp-image-7812\" alt=\"sprich_Accessoires-pour-caillebotis_Pinces-de-fixation-compl\u00e8tes_33x33_Acier-galvanis\u00e9-\u00e0-chaud_nr01_2025\" srcset=\"https:\/\/www.sprich.ch\/wp-content\/uploads\/2025\/10\/sprich_Zubehoer_gitterroste_Halteklemmen_komplett_33x33_feuerverzinkt_nr01_2025-1024x1024.jpg 1024w, https:\/\/www.sprich.ch\/wp-content\/uploads\/2025\/10\/sprich_Zubehoer_gitterroste_Halteklemmen_komplett_33x33_feuerverzinkt_nr01_2025-300x300.jpg 300w, https:\/\/www.sprich.ch\/wp-content\/uploads\/2025\/10\/sprich_Zubehoer_gitterroste_Halteklemmen_komplett_33x33_feuerverzinkt_nr01_2025-150x150.jpg 150w, https:\/\/www.sprich.ch\/wp-content\/uploads\/2025\/10\/sprich_Zubehoer_gitterroste_Halteklemmen_komplett_33x33_feuerverzinkt_nr01_2025-768x768.jpg 768w, https:\/\/www.sprich.ch\/wp-content\/uploads\/2025\/10\/sprich_Zubehoer_gitterroste_Halteklemmen_komplett_33x33_feuerverzinkt_nr01_2025-600x600.jpg 600w, https:\/\/www.sprich.ch\/wp-content\/uploads\/2025\/10\/sprich_Zubehoer_gitterroste_Halteklemmen_komplett_33x33_feuerverzinkt_nr01_2025.jpg 1160w\" sizes=\"(max-width: 1024px) 100vw, 1024px\" \/>\t\t\t\t\t\t\t\t<\/a>\n\t\t\t\t\t\t\t\t\t\t\t\t\t\t\t<\/div>\n\t\t\t\t<div class=\"elementor-element elementor-element-25361cc elementor-widget elementor-widget-button\" data-id=\"25361cc\" data-element_type=\"widget\" data-e-type=\"widget\" data-widget_type=\"button.default\">\n\t\t\t\t\t\t\t\t\t\t<a class=\"elementor-button elementor-button-link elementor-size-sm\" href=\"https:\/\/www.sprich.ch\/fr\/produits\/accessoires\/accessoires-pour-caillebotis\">\n\t\t\t\t\t\t<span class=\"elementor-button-content-wrapper\">\n\t\t\t\t\t\t<span class=\"elementor-button-icon\">\n\t\t\t\t<svg aria-hidden=\"true\" class=\"e-font-icon-svg e-fas-chevron-right\" viewBox=\"0 0 320 512\" xmlns=\"http:\/\/www.w3.org\/2000\/svg\"><path d=\"M285.476 272.971L91.132 467.314c-9.373 9.373-24.569 9.373-33.941 0l-22.667-22.667c-9.357-9.357-9.375-24.522-.04-33.901L188.505 256 34.484 101.255c-9.335-9.379-9.317-24.544.04-33.901l22.667-22.667c9.373-9.373 24.569-9.373 33.941 0L285.475 239.03c9.373 9.372 9.373 24.568.001 33.941z\"><\/path><\/svg>\t\t\t<\/span>\n\t\t\t\t\t\t\t\t\t<span class=\"elementor-button-text\">ACCESSOIRES POUR CAILLEBOTIS<\/span>\n\t\t\t\t\t<\/span>\n\t\t\t\t\t<\/a>\n\t\t\t\t\t\t\t\t<\/div>\n\t\t\t\t<\/div>\n\t\t<div class=\"elementor-element elementor-element-779218e e-con-full e-flex wpr-particle-no wpr-jarallax-no wpr-parallax-no wpr-sticky-section-no wpr-equal-height-no e-con e-child\" data-id=\"779218e\" data-element_type=\"container\" data-e-type=\"container\">\n\t\t\t\t<div class=\"elementor-element elementor-element-f060faa elementor-widget elementor-widget-image\" data-id=\"f060faa\" data-element_type=\"widget\" data-e-type=\"widget\" data-widget_type=\"image.default\">\n\t\t\t\t\t\t\t\t\t\t\t\t\t\t\t\t<a href=\"https:\/\/www.sprich.ch\/produkte\/gfk-roste\/gfk-zubehoer\/\">\n\t\t\t\t\t\t\t<img decoding=\"async\" width=\"1024\" height=\"1024\" src=\"https:\/\/www.sprich.ch\/wp-content\/uploads\/2025\/12\/sprich_Zubehoer-gfk_steckschluessel_nr02_2025-1024x1024.webp\" class=\"attachment-large size-large wp-image-18734\" alt=\"\" srcset=\"https:\/\/www.sprich.ch\/wp-content\/uploads\/2025\/12\/sprich_Zubehoer-gfk_steckschluessel_nr02_2025-1024x1024.webp 1024w, https:\/\/www.sprich.ch\/wp-content\/uploads\/2025\/12\/sprich_Zubehoer-gfk_steckschluessel_nr02_2025-300x300.webp 300w, https:\/\/www.sprich.ch\/wp-content\/uploads\/2025\/12\/sprich_Zubehoer-gfk_steckschluessel_nr02_2025-150x150.webp 150w, https:\/\/www.sprich.ch\/wp-content\/uploads\/2025\/12\/sprich_Zubehoer-gfk_steckschluessel_nr02_2025-768x768.webp 768w, https:\/\/www.sprich.ch\/wp-content\/uploads\/2025\/12\/sprich_Zubehoer-gfk_steckschluessel_nr02_2025-600x600.webp 600w, https:\/\/www.sprich.ch\/wp-content\/uploads\/2025\/12\/sprich_Zubehoer-gfk_steckschluessel_nr02_2025.webp 1200w\" sizes=\"(max-width: 1024px) 100vw, 1024px\" \/>\t\t\t\t\t\t\t\t<\/a>\n\t\t\t\t\t\t\t\t\t\t\t\t\t\t\t<\/div>\n\t\t\t\t<div class=\"elementor-element elementor-element-997c543 elementor-widget elementor-widget-button\" data-id=\"997c543\" data-element_type=\"widget\" data-e-type=\"widget\" data-widget_type=\"button.default\">\n\t\t\t\t\t\t\t\t\t\t<a class=\"elementor-button elementor-button-link elementor-size-sm\" href=\"https:\/\/www.sprich.ch\/produkte\/gfk-roste\/gfk-zubehoer\/\">\n\t\t\t\t\t\t<span class=\"elementor-button-content-wrapper\">\n\t\t\t\t\t\t<span class=\"elementor-button-icon\">\n\t\t\t\t<svg aria-hidden=\"true\" class=\"e-font-icon-svg e-fas-chevron-right\" viewBox=\"0 0 320 512\" xmlns=\"http:\/\/www.w3.org\/2000\/svg\"><path d=\"M285.476 272.971L91.132 467.314c-9.373 9.373-24.569 9.373-33.941 0l-22.667-22.667c-9.357-9.357-9.375-24.522-.04-33.901L188.505 256 34.484 101.255c-9.335-9.379-9.317-24.544.04-33.901l22.667-22.667c9.373-9.373 24.569-9.373 33.941 0L285.475 239.03c9.373 9.372 9.373 24.568.001 33.941z\"><\/path><\/svg>\t\t\t<\/span>\n\t\t\t\t\t\t\t\t\t<span class=\"elementor-button-text\">ACCESSOIRES CAILLEBOTIS EN PRV<\/span>\n\t\t\t\t\t<\/span>\n\t\t\t\t\t<\/a>\n\t\t\t\t\t\t\t\t<\/div>\n\t\t\t\t<\/div>\n\t\t<div class=\"elementor-element elementor-element-e4662b2 e-con-full e-flex wpr-particle-no wpr-jarallax-no wpr-parallax-no wpr-sticky-section-no wpr-equal-height-no e-con e-child\" data-id=\"e4662b2\" data-element_type=\"container\" data-e-type=\"container\">\n\t\t\t\t<div class=\"elementor-element elementor-element-34c0168 elementor-widget elementor-widget-image\" data-id=\"34c0168\" data-element_type=\"widget\" data-e-type=\"widget\" data-widget_type=\"image.default\">\n\t\t\t\t\t\t\t\t\t\t\t\t\t\t\t\t<a href=\"https:\/\/www.sprich.ch\/fr\/produits\/accessoires\/accessoires-pour-echelles-de-securite\">\n\t\t\t\t\t\t\t<img decoding=\"async\" width=\"1024\" height=\"1024\" src=\"https:\/\/www.sprich.ch\/wp-content\/uploads\/2025\/10\/sprich_zubehoer_leiter_Leitersprosse_2000x50_doppelreihig_nr01_2025-1024x1024.jpg\" class=\"attachment-large size-large wp-image-9327\" alt=\"sprich_zubehoer_leiter_Leitersprosse_2000x50_doppelreihig_nr01_2025\" srcset=\"https:\/\/www.sprich.ch\/wp-content\/uploads\/2025\/10\/sprich_zubehoer_leiter_Leitersprosse_2000x50_doppelreihig_nr01_2025-1024x1024.jpg 1024w, https:\/\/www.sprich.ch\/wp-content\/uploads\/2025\/10\/sprich_zubehoer_leiter_Leitersprosse_2000x50_doppelreihig_nr01_2025-300x300.jpg 300w, https:\/\/www.sprich.ch\/wp-content\/uploads\/2025\/10\/sprich_zubehoer_leiter_Leitersprosse_2000x50_doppelreihig_nr01_2025-150x150.jpg 150w, https:\/\/www.sprich.ch\/wp-content\/uploads\/2025\/10\/sprich_zubehoer_leiter_Leitersprosse_2000x50_doppelreihig_nr01_2025-768x768.jpg 768w, https:\/\/www.sprich.ch\/wp-content\/uploads\/2025\/10\/sprich_zubehoer_leiter_Leitersprosse_2000x50_doppelreihig_nr01_2025-600x600.jpg 600w, https:\/\/www.sprich.ch\/wp-content\/uploads\/2025\/10\/sprich_zubehoer_leiter_Leitersprosse_2000x50_doppelreihig_nr01_2025.jpg 1160w\" sizes=\"(max-width: 1024px) 100vw, 1024px\" \/>\t\t\t\t\t\t\t\t<\/a>\n\t\t\t\t\t\t\t\t\t\t\t\t\t\t\t<\/div>\n\t\t\t\t<div class=\"elementor-element elementor-element-f20ddf3 elementor-widget elementor-widget-button\" data-id=\"f20ddf3\" data-element_type=\"widget\" data-e-type=\"widget\" data-widget_type=\"button.default\">\n\t\t\t\t\t\t\t\t\t\t<a class=\"elementor-button elementor-button-link elementor-size-sm\" href=\"https:\/\/www.sprich.ch\/fr\/produits\/accessoires\/accessoires-pour-echelles-de-securite\">\n\t\t\t\t\t\t<span class=\"elementor-button-content-wrapper\">\n\t\t\t\t\t\t<span class=\"elementor-button-icon\">\n\t\t\t\t<svg aria-hidden=\"true\" class=\"e-font-icon-svg e-fas-chevron-right\" viewBox=\"0 0 320 512\" xmlns=\"http:\/\/www.w3.org\/2000\/svg\"><path d=\"M285.476 272.971L91.132 467.314c-9.373 9.373-24.569 9.373-33.941 0l-22.667-22.667c-9.357-9.357-9.375-24.522-.04-33.901L188.505 256 34.484 101.255c-9.335-9.379-9.317-24.544.04-33.901l22.667-22.667c9.373-9.373 24.569-9.373 33.941 0L285.475 239.03c9.373 9.372 9.373 24.568.001 33.941z\"><\/path><\/svg>\t\t\t<\/span>\n\t\t\t\t\t\t\t\t\t<span class=\"elementor-button-text\">ACCESSOIRES POUR \u00c9CHELLES DE S\u00c9CURIT\u00c9<\/span>\n\t\t\t\t\t<\/span>\n\t\t\t\t\t<\/a>\n\t\t\t\t\t\t\t\t<\/div>\n\t\t\t\t<\/div>\n\t\t\t\t<\/div>\n\t\t\t\t<div class=\"elementor-element elementor-element-d4eb644 elementor-widget elementor-widget-spacer\" data-id=\"d4eb644\" data-element_type=\"widget\" data-e-type=\"widget\" data-widget_type=\"spacer.default\">\n\t\t\t\t\t\t\t<div class=\"elementor-spacer\">\n\t\t\t<div class=\"elementor-spacer-inner\"><\/div>\n\t\t<\/div>\n\t\t\t\t\t\t<\/div>\n\t\t\t\t<\/div>\n\t\t\t\t<\/div>\n\t\t","protected":false},"excerpt":{"rendered":"<p>NOTRE ACCESSOIRE Nous proposons des accessoires adapt\u00e9s \u00e0 tous nos produits.Nous nous tenons \u00e0 votre disposition en cas de questions. ACCESSOIRES POUR CAILLEBOTIS ACCESSOIRES CAILLEBOTIS EN PRV ACCESSOIRES POUR \u00c9CHELLES DE S\u00c9CURIT\u00c9<\/p>\n","protected":false},"author":1,"featured_media":0,"parent":10629,"menu_order":0,"comment_status":"closed","ping_status":"closed","template":"elementor_header_footer","meta":{"footnotes":""},"class_list":["post-10602","page","type-page","status-publish","hentry","entry"],"yoast_head":"<!-- This site is optimized with the Yoast SEO Premium plugin v27.3 (Yoast SEO v27.3) - https:\/\/yoast.com\/product\/yoast-seo-premium-wordpress\/ -->\n<title>Accessoires - SPRICH<\/title>\n<meta name=\"description\" content=\"F\u00fcr all unsere Produkte bieten wir das passende Zubeh\u00f6r. Bei Fragen stehen Ihnen unsere Experten gerne zur Verf\u00fcgung.\" \/>\n<meta name=\"robots\" content=\"index, follow, max-snippet:-1, max-image-preview:large, max-video-preview:-1\" \/>\n<link rel=\"canonical\" href=\"https:\/\/www.sprich.ch\/fr\/produits\/accessoires\" \/>\n<meta property=\"og:locale\" content=\"fr_FR\" \/>\n<meta property=\"og:type\" content=\"article\" \/>\n<meta property=\"og:title\" content=\"Accessoires\" \/>\n<meta property=\"og:description\" content=\"F\u00fcr all unsere Produkte bieten wir das passende Zubeh\u00f6r. Bei Fragen stehen Ihnen unsere Experten gerne zur Verf\u00fcgung.\" \/>\n<meta property=\"og:url\" content=\"https:\/\/www.sprich.ch\/fr\/produits\/accessoires\" \/>\n<meta property=\"og:site_name\" content=\"SPRICH\" \/>\n<meta property=\"article:modified_time\" content=\"2026-02-12T07:26:45+00:00\" \/>\n<meta property=\"og:image\" content=\"https:\/\/www.sprich.ch\/wp-content\/uploads\/2025\/10\/sprich_Zubehoer_gitterroste_Halteklemmen_komplett_33x33_feuerverzinkt_nr01_2025.jpg\" \/>\n\t<meta property=\"og:image:width\" content=\"1160\" \/>\n\t<meta property=\"og:image:height\" content=\"1160\" \/>\n\t<meta property=\"og:image:type\" content=\"image\/jpeg\" \/>\n<meta name=\"twitter:card\" content=\"summary_large_image\" \/>\n<meta name=\"twitter:label1\" content=\"Dur\u00e9e de lecture estim\u00e9e\" \/>\n\t<meta name=\"twitter:data1\" content=\"1 minute\" \/>\n<script type=\"application\/ld+json\" class=\"yoast-schema-graph\">{\"@context\":\"https:\\\/\\\/schema.org\",\"@graph\":[{\"@type\":\"WebPage\",\"@id\":\"https:\\\/\\\/www.sprich.ch\\\/fr\\\/produits\\\/accessoires\",\"url\":\"https:\\\/\\\/www.sprich.ch\\\/fr\\\/produits\\\/accessoires\",\"name\":\"Accessoires - SPRICH\",\"isPartOf\":{\"@id\":\"https:\\\/\\\/www.sprich.ch\\\/fr#website\"},\"primaryImageOfPage\":{\"@id\":\"https:\\\/\\\/www.sprich.ch\\\/fr\\\/produits\\\/accessoires#primaryimage\"},\"image\":{\"@id\":\"https:\\\/\\\/www.sprich.ch\\\/fr\\\/produits\\\/accessoires#primaryimage\"},\"thumbnailUrl\":\"https:\\\/\\\/www.sprich.ch\\\/wp-content\\\/uploads\\\/2025\\\/10\\\/sprich_Zubehoer_gitterroste_Halteklemmen_komplett_33x33_feuerverzinkt_nr01_2025-1024x1024.jpg\",\"datePublished\":\"2025-09-26T13:51:57+00:00\",\"dateModified\":\"2026-02-12T07:26:45+00:00\",\"description\":\"F\u00fcr all unsere Produkte bieten wir das passende Zubeh\u00f6r. Bei Fragen stehen Ihnen unsere Experten gerne zur Verf\u00fcgung.\",\"breadcrumb\":{\"@id\":\"https:\\\/\\\/www.sprich.ch\\\/fr\\\/produits\\\/accessoires#breadcrumb\"},\"inLanguage\":\"fr-FR\",\"potentialAction\":[{\"@type\":\"ReadAction\",\"target\":[\"https:\\\/\\\/www.sprich.ch\\\/fr\\\/produits\\\/accessoires\"]}]},{\"@type\":\"ImageObject\",\"inLanguage\":\"fr-FR\",\"@id\":\"https:\\\/\\\/www.sprich.ch\\\/fr\\\/produits\\\/accessoires#primaryimage\",\"url\":\"https:\\\/\\\/www.sprich.ch\\\/wp-content\\\/uploads\\\/2025\\\/10\\\/sprich_Zubehoer_gitterroste_Halteklemmen_komplett_33x33_feuerverzinkt_nr01_2025-1024x1024.jpg\",\"contentUrl\":\"https:\\\/\\\/www.sprich.ch\\\/wp-content\\\/uploads\\\/2025\\\/10\\\/sprich_Zubehoer_gitterroste_Halteklemmen_komplett_33x33_feuerverzinkt_nr01_2025-1024x1024.jpg\"},{\"@type\":\"BreadcrumbList\",\"@id\":\"https:\\\/\\\/www.sprich.ch\\\/fr\\\/produits\\\/accessoires#breadcrumb\",\"itemListElement\":[{\"@type\":\"ListItem\",\"position\":1,\"name\":\"Startseite\",\"item\":\"https:\\\/\\\/www.sprich.ch\\\/fr\"},{\"@type\":\"ListItem\",\"position\":2,\"name\":\"Nos produits\",\"item\":\"https:\\\/\\\/www.sprich.ch\\\/fr\\\/produkte\"},{\"@type\":\"ListItem\",\"position\":3,\"name\":\"Accessoires\"}]},{\"@type\":\"WebSite\",\"@id\":\"https:\\\/\\\/www.sprich.ch\\\/fr#website\",\"url\":\"https:\\\/\\\/www.sprich.ch\\\/fr\",\"name\":\"SPRICH\",\"description\":\"Gitterroste, Leitern, Treppen\",\"publisher\":{\"@id\":\"https:\\\/\\\/www.sprich.ch\\\/fr#organization\"},\"potentialAction\":[{\"@type\":\"SearchAction\",\"target\":{\"@type\":\"EntryPoint\",\"urlTemplate\":\"https:\\\/\\\/www.sprich.ch\\\/fr?s={search_term_string}\"},\"query-input\":{\"@type\":\"PropertyValueSpecification\",\"valueRequired\":true,\"valueName\":\"search_term_string\"}}],\"inLanguage\":\"fr-FR\"},{\"@type\":\"Organization\",\"@id\":\"https:\\\/\\\/www.sprich.ch\\\/fr#organization\",\"name\":\"SPRICH\",\"url\":\"https:\\\/\\\/www.sprich.ch\\\/fr\",\"logo\":{\"@type\":\"ImageObject\",\"inLanguage\":\"fr-FR\",\"@id\":\"https:\\\/\\\/www.sprich.ch\\\/fr#\\\/schema\\\/logo\\\/image\\\/\",\"url\":\"https:\\\/\\\/www.sprich.ch\\\/wp-content\\\/uploads\\\/2025\\\/09\\\/Sprich_Logo_rgb_pos_quer_600dpi-1-scaled.png\",\"contentUrl\":\"https:\\\/\\\/www.sprich.ch\\\/wp-content\\\/uploads\\\/2025\\\/09\\\/Sprich_Logo_rgb_pos_quer_600dpi-1-scaled.png\",\"width\":2560,\"height\":695,\"caption\":\"SPRICH\"},\"image\":{\"@id\":\"https:\\\/\\\/www.sprich.ch\\\/fr#\\\/schema\\\/logo\\\/image\\\/\"}}]}<\/script>\n<!-- \/ Yoast SEO Premium plugin. -->","yoast_head_json":{"title":"Accessoires - SPRICH","description":"F\u00fcr all unsere Produkte bieten wir das passende Zubeh\u00f6r. Bei Fragen stehen Ihnen unsere Experten gerne zur Verf\u00fcgung.","robots":{"index":"index","follow":"follow","max-snippet":"max-snippet:-1","max-image-preview":"max-image-preview:large","max-video-preview":"max-video-preview:-1"},"canonical":"https:\/\/www.sprich.ch\/fr\/produits\/accessoires","og_locale":"fr_FR","og_type":"article","og_title":"Accessoires","og_description":"F\u00fcr all unsere Produkte bieten wir das passende Zubeh\u00f6r. Bei Fragen stehen Ihnen unsere Experten gerne zur Verf\u00fcgung.","og_url":"https:\/\/www.sprich.ch\/fr\/produits\/accessoires","og_site_name":"SPRICH","article_modified_time":"2026-02-12T07:26:45+00:00","og_image":[{"width":1160,"height":1160,"url":"https:\/\/www.sprich.ch\/wp-content\/uploads\/2025\/10\/sprich_Zubehoer_gitterroste_Halteklemmen_komplett_33x33_feuerverzinkt_nr01_2025.jpg","type":"image\/jpeg"}],"twitter_card":"summary_large_image","twitter_misc":{"Dur\u00e9e de lecture estim\u00e9e":"1 minute"},"schema":{"@context":"https:\/\/schema.org","@graph":[{"@type":"WebPage","@id":"https:\/\/www.sprich.ch\/fr\/produits\/accessoires","url":"https:\/\/www.sprich.ch\/fr\/produits\/accessoires","name":"Accessoires - SPRICH","isPartOf":{"@id":"https:\/\/www.sprich.ch\/fr#website"},"primaryImageOfPage":{"@id":"https:\/\/www.sprich.ch\/fr\/produits\/accessoires#primaryimage"},"image":{"@id":"https:\/\/www.sprich.ch\/fr\/produits\/accessoires#primaryimage"},"thumbnailUrl":"https:\/\/www.sprich.ch\/wp-content\/uploads\/2025\/10\/sprich_Zubehoer_gitterroste_Halteklemmen_komplett_33x33_feuerverzinkt_nr01_2025-1024x1024.jpg","datePublished":"2025-09-26T13:51:57+00:00","dateModified":"2026-02-12T07:26:45+00:00","description":"F\u00fcr all unsere Produkte bieten wir das passende Zubeh\u00f6r. Bei Fragen stehen Ihnen unsere Experten gerne zur Verf\u00fcgung.","breadcrumb":{"@id":"https:\/\/www.sprich.ch\/fr\/produits\/accessoires#breadcrumb"},"inLanguage":"fr-FR","potentialAction":[{"@type":"ReadAction","target":["https:\/\/www.sprich.ch\/fr\/produits\/accessoires"]}]},{"@type":"ImageObject","inLanguage":"fr-FR","@id":"https:\/\/www.sprich.ch\/fr\/produits\/accessoires#primaryimage","url":"https:\/\/www.sprich.ch\/wp-content\/uploads\/2025\/10\/sprich_Zubehoer_gitterroste_Halteklemmen_komplett_33x33_feuerverzinkt_nr01_2025-1024x1024.jpg","contentUrl":"https:\/\/www.sprich.ch\/wp-content\/uploads\/2025\/10\/sprich_Zubehoer_gitterroste_Halteklemmen_komplett_33x33_feuerverzinkt_nr01_2025-1024x1024.jpg"},{"@type":"BreadcrumbList","@id":"https:\/\/www.sprich.ch\/fr\/produits\/accessoires#breadcrumb","itemListElement":[{"@type":"ListItem","position":1,"name":"Startseite","item":"https:\/\/www.sprich.ch\/fr"},{"@type":"ListItem","position":2,"name":"Nos produits","item":"https:\/\/www.sprich.ch\/fr\/produkte"},{"@type":"ListItem","position":3,"name":"Accessoires"}]},{"@type":"WebSite","@id":"https:\/\/www.sprich.ch\/fr#website","url":"https:\/\/www.sprich.ch\/fr","name":"SPRICH","description":"Gitterroste, Leitern, Treppen","publisher":{"@id":"https:\/\/www.sprich.ch\/fr#organization"},"potentialAction":[{"@type":"SearchAction","target":{"@type":"EntryPoint","urlTemplate":"https:\/\/www.sprich.ch\/fr?s={search_term_string}"},"query-input":{"@type":"PropertyValueSpecification","valueRequired":true,"valueName":"search_term_string"}}],"inLanguage":"fr-FR"},{"@type":"Organization","@id":"https:\/\/www.sprich.ch\/fr#organization","name":"SPRICH","url":"https:\/\/www.sprich.ch\/fr","logo":{"@type":"ImageObject","inLanguage":"fr-FR","@id":"https:\/\/www.sprich.ch\/fr#\/schema\/logo\/image\/","url":"https:\/\/www.sprich.ch\/wp-content\/uploads\/2025\/09\/Sprich_Logo_rgb_pos_quer_600dpi-1-scaled.png","contentUrl":"https:\/\/www.sprich.ch\/wp-content\/uploads\/2025\/09\/Sprich_Logo_rgb_pos_quer_600dpi-1-scaled.png","width":2560,"height":695,"caption":"SPRICH"},"image":{"@id":"https:\/\/www.sprich.ch\/fr#\/schema\/logo\/image\/"}}]}},"_links":{"self":[{"href":"https:\/\/www.sprich.ch\/fr\/wp-json\/wp\/v2\/pages\/10602","targetHints":{"allow":["GET"]}}],"collection":[{"href":"https:\/\/www.sprich.ch\/fr\/wp-json\/wp\/v2\/pages"}],"about":[{"href":"https:\/\/www.sprich.ch\/fr\/wp-json\/wp\/v2\/types\/page"}],"author":[{"embeddable":true,"href":"https:\/\/www.sprich.ch\/fr\/wp-json\/wp\/v2\/users\/1"}],"replies":[{"embeddable":true,"href":"https:\/\/www.sprich.ch\/fr\/wp-json\/wp\/v2\/comments?post=10602"}],"version-history":[{"count":18,"href":"https:\/\/www.sprich.ch\/fr\/wp-json\/wp\/v2\/pages\/10602\/revisions"}],"predecessor-version":[{"id":27144,"href":"https:\/\/www.sprich.ch\/fr\/wp-json\/wp\/v2\/pages\/10602\/revisions\/27144"}],"up":[{"embeddable":true,"href":"https:\/\/www.sprich.ch\/fr\/wp-json\/wp\/v2\/pages\/10629"}],"wp:attachment":[{"href":"https:\/\/www.sprich.ch\/fr\/wp-json\/wp\/v2\/media?parent=10602"}],"curies":[{"name":"wp","href":"https:\/\/api.w.org\/{rel}","templated":true}]}}