{"id":10596,"date":"2025-09-26T13:38:03","date_gmt":"2025-09-26T13:38:03","guid":{"rendered":"https:\/\/www.sprich.ch\/escalier\/"},"modified":"2025-12-18T07:40:35","modified_gmt":"2025-12-18T07:40:35","slug":"escalier","status":"publish","type":"page","link":"https:\/\/www.sprich.ch\/fr\/produits\/escalier","title":{"rendered":"Escalier"},"content":{"rendered":"\t\t<div data-elementor-type=\"wp-page\" data-elementor-id=\"10596\" class=\"elementor elementor-10596 elementor-1174\" data-elementor-post-type=\"page\">\n\t\t\t\t<div class=\"elementor-element elementor-element-1484e58 e-con-full e-flex wpr-particle-no wpr-jarallax-no wpr-parallax-no wpr-sticky-section-no wpr-equal-height-no e-con e-parent\" data-id=\"1484e58\" data-element_type=\"container\" data-e-type=\"container\" data-settings=\"{&quot;background_background&quot;:&quot;classic&quot;}\">\n\t\t\t\t<\/div>\n\t\t<div class=\"elementor-element elementor-element-52163f3 e-con-full e-flex wpr-particle-no wpr-jarallax-no wpr-parallax-no wpr-sticky-section-no wpr-equal-height-no e-con e-parent\" data-id=\"52163f3\" data-element_type=\"container\" data-e-type=\"container\">\n\t\t\t\t<div class=\"elementor-element elementor-element-8b333da elementor-widget elementor-widget-spacer\" data-id=\"8b333da\" data-element_type=\"widget\" data-e-type=\"widget\" data-widget_type=\"spacer.default\">\n\t\t\t\t\t\t\t<div class=\"elementor-spacer\">\n\t\t\t<div class=\"elementor-spacer-inner\"><\/div>\n\t\t<\/div>\n\t\t\t\t\t\t<\/div>\n\t\t\t\t<div class=\"elementor-element elementor-element-a80b6ce elementor-widget elementor-widget-heading\" data-id=\"a80b6ce\" data-element_type=\"widget\" data-e-type=\"widget\" data-widget_type=\"heading.default\">\n\t\t\t\t\t<h2 class=\"elementor-heading-title elementor-size-default\">NOS ESCALIERS<\/h2>\t\t\t\t<\/div>\n\t\t\t\t<div class=\"elementor-element elementor-element-14adbab elementor-widget-divider--view-line elementor-widget elementor-widget-divider\" data-id=\"14adbab\" data-element_type=\"widget\" data-e-type=\"widget\" data-widget_type=\"divider.default\">\n\t\t\t\t\t\t\t<div class=\"elementor-divider\">\n\t\t\t<span class=\"elementor-divider-separator\">\n\t\t\t\t\t\t<\/span>\n\t\t<\/div>\n\t\t\t\t\t\t<\/div>\n\t\t\t\t<div class=\"elementor-element elementor-element-585a3a3 elementor-widget elementor-widget-text-editor\" data-id=\"585a3a3\" data-element_type=\"widget\" data-e-type=\"widget\" data-widget_type=\"text-editor.default\">\n\t\t\t\t\t\t\t\t\t<p>Les escaliers en colima\u00e7on SPRICH permettent de relier les \u00e9tages dans une pi\u00e8ce \u00e9troite. Ils sont \u00e9l\u00e9gants et permettent de gagner de la place, tout en \u00e9tant bon march\u00e9. Les combinaisons possibles sont pratiquement illimit\u00e9es. Nous faisons la diff\u00e9rence entre deux types\u00a0:\u00a0<strong>Entry<\/strong> et <strong>Individual<\/strong>. Les deux mod\u00e8les sont adapt\u00e9s aux acc\u00e8s industriels fortement sollicit\u00e9s, aux issues de secours en ext\u00e9rieur, comme escalier de communication couvrant plusieurs \u00e9tages ou comme liaison rapide entre le b\u00e2timent et le jardin.<\/p>\n<p>Les escaliers en colima\u00e7on SPRICH sont fabriqu\u00e9s individuellement en fonction de l\u2019application pr\u00e9vue afin de r\u00e9pondre \u00e0 vos souhaits. Seule la structure reste toujours la m\u00eame. Apr\u00e8s fabrication, ils sont \u00e0 nouveau d\u00e9mont\u00e9s et les diff\u00e9rentes pi\u00e8ces galvanis\u00e9es \u00e0 chaud. Cette proc\u00e9dure offre certains avantages lors du montage\u00a0: l\u2019escalier en colima\u00e7on SPRICH peut ainsi \u00e9galement \u00eatre mont\u00e9 et \u00e9rig\u00e9 dans des pi\u00e8ces ferm\u00e9es sur plusieurs \u00e9tages sans n\u00e9cessiter un engin de levage suppl\u00e9mentaire.<\/p>\n\t\t\t\t\t\t\t\t<\/div>\n\t\t<div class=\"elementor-element elementor-element-000e3b6 e-grid e-con-full wpr-particle-no wpr-jarallax-no wpr-parallax-no wpr-sticky-section-no wpr-equal-height-no e-con e-child\" data-id=\"000e3b6\" data-element_type=\"container\" data-e-type=\"container\">\n\t\t<div class=\"elementor-element elementor-element-d240db1 e-con-full e-flex wpr-particle-no wpr-jarallax-no wpr-parallax-no wpr-sticky-section-no wpr-equal-height-no e-con e-child\" data-id=\"d240db1\" data-element_type=\"container\" data-e-type=\"container\">\n\t\t\t\t<div class=\"elementor-element elementor-element-73a8534 elementor-widget elementor-widget-image\" data-id=\"73a8534\" data-element_type=\"widget\" data-e-type=\"widget\" data-widget_type=\"image.default\">\n\t\t\t\t\t\t\t\t\t\t\t\t\t\t\t\t<a href=\"https:\/\/www.sprich.ch\/fr\/produits\/escalier\/escaliers-en-colimacon\">\n\t\t\t\t\t\t\t<img fetchpriority=\"high\" decoding=\"async\" width=\"1024\" height=\"1024\" src=\"https:\/\/www.sprich.ch\/wp-content\/uploads\/2025\/09\/sprich_spindeltreppe-individual_linksdrehend_stahl_header_nr01_2025-1024x1024.jpg\" class=\"attachment-large size-large wp-image-9659\" alt=\"sprich_spindeltreppe-individual_linksdrehend_stahl_header_nr01_2025\" srcset=\"https:\/\/www.sprich.ch\/wp-content\/uploads\/2025\/09\/sprich_spindeltreppe-individual_linksdrehend_stahl_header_nr01_2025-1024x1024.jpg 1024w, https:\/\/www.sprich.ch\/wp-content\/uploads\/2025\/09\/sprich_spindeltreppe-individual_linksdrehend_stahl_header_nr01_2025-300x300.jpg 300w, https:\/\/www.sprich.ch\/wp-content\/uploads\/2025\/09\/sprich_spindeltreppe-individual_linksdrehend_stahl_header_nr01_2025-150x150.jpg 150w, https:\/\/www.sprich.ch\/wp-content\/uploads\/2025\/09\/sprich_spindeltreppe-individual_linksdrehend_stahl_header_nr01_2025-768x768.jpg 768w, https:\/\/www.sprich.ch\/wp-content\/uploads\/2025\/09\/sprich_spindeltreppe-individual_linksdrehend_stahl_header_nr01_2025-600x600.jpg 600w, https:\/\/www.sprich.ch\/wp-content\/uploads\/2025\/09\/sprich_spindeltreppe-individual_linksdrehend_stahl_header_nr01_2025.jpg 1200w\" sizes=\"(max-width: 1024px) 100vw, 1024px\" \/>\t\t\t\t\t\t\t\t<\/a>\n\t\t\t\t\t\t\t\t\t\t\t\t\t\t\t<\/div>\n\t\t\t\t<div class=\"elementor-element elementor-element-02b6d14 elementor-widget elementor-widget-button\" data-id=\"02b6d14\" data-element_type=\"widget\" data-e-type=\"widget\" data-widget_type=\"button.default\">\n\t\t\t\t\t\t\t\t\t\t<a class=\"elementor-button elementor-button-link elementor-size-sm\" href=\"https:\/\/www.sprich.ch\/fr\/produits\/escalier\/escaliers-en-colimacon\">\n\t\t\t\t\t\t<span class=\"elementor-button-content-wrapper\">\n\t\t\t\t\t\t<span class=\"elementor-button-icon\">\n\t\t\t\t<svg aria-hidden=\"true\" class=\"e-font-icon-svg e-fas-chevron-right\" viewBox=\"0 0 320 512\" xmlns=\"http:\/\/www.w3.org\/2000\/svg\"><path d=\"M285.476 272.971L91.132 467.314c-9.373 9.373-24.569 9.373-33.941 0l-22.667-22.667c-9.357-9.357-9.375-24.522-.04-33.901L188.505 256 34.484 101.255c-9.335-9.379-9.317-24.544.04-33.901l22.667-22.667c9.373-9.373 24.569-9.373 33.941 0L285.475 239.03c9.373 9.372 9.373 24.568.001 33.941z\"><\/path><\/svg>\t\t\t<\/span>\n\t\t\t\t\t\t\t\t\t<span class=\"elementor-button-text\">ESCALIERS EN COLIMA\u00c7ON<\/span>\n\t\t\t\t\t<\/span>\n\t\t\t\t\t<\/a>\n\t\t\t\t\t\t\t\t<\/div>\n\t\t\t\t<\/div>\n\t\t<div class=\"elementor-element elementor-element-99f5cb7 e-con-full e-flex wpr-particle-no wpr-jarallax-no wpr-parallax-no wpr-sticky-section-no wpr-equal-height-no e-con e-child\" data-id=\"99f5cb7\" data-element_type=\"container\" data-e-type=\"container\">\n\t\t\t\t<div class=\"elementor-element elementor-element-109a65a elementor-widget elementor-widget-image\" data-id=\"109a65a\" data-element_type=\"widget\" data-e-type=\"widget\" data-widget_type=\"image.default\">\n\t\t\t\t\t\t\t\t\t\t\t\t\t\t\t\t<a href=\"https:\/\/www.sprich.ch\/fr\/produits\/escalier\/cages-descaliers\/\">\n\t\t\t\t\t\t\t<img decoding=\"async\" width=\"1024\" height=\"1024\" src=\"https:\/\/www.sprich.ch\/wp-content\/uploads\/2025\/09\/sprich_gerade-treppen_nr01_2025-1024x1024.jpg\" class=\"attachment-large size-large wp-image-9660\" alt=\"sprich_gerade-treppen_nr01_2025\" srcset=\"https:\/\/www.sprich.ch\/wp-content\/uploads\/2025\/09\/sprich_gerade-treppen_nr01_2025-1024x1024.jpg 1024w, https:\/\/www.sprich.ch\/wp-content\/uploads\/2025\/09\/sprich_gerade-treppen_nr01_2025-300x300.jpg 300w, https:\/\/www.sprich.ch\/wp-content\/uploads\/2025\/09\/sprich_gerade-treppen_nr01_2025-150x150.jpg 150w, https:\/\/www.sprich.ch\/wp-content\/uploads\/2025\/09\/sprich_gerade-treppen_nr01_2025-768x768.jpg 768w, https:\/\/www.sprich.ch\/wp-content\/uploads\/2025\/09\/sprich_gerade-treppen_nr01_2025-600x600.jpg 600w, https:\/\/www.sprich.ch\/wp-content\/uploads\/2025\/09\/sprich_gerade-treppen_nr01_2025.jpg 1160w\" sizes=\"(max-width: 1024px) 100vw, 1024px\" \/>\t\t\t\t\t\t\t\t<\/a>\n\t\t\t\t\t\t\t\t\t\t\t\t\t\t\t<\/div>\n\t\t\t\t<div class=\"elementor-element elementor-element-f349aaf elementor-widget elementor-widget-button\" data-id=\"f349aaf\" data-element_type=\"widget\" data-e-type=\"widget\" data-widget_type=\"button.default\">\n\t\t\t\t\t\t\t\t\t\t<a class=\"elementor-button elementor-button-link elementor-size-sm\" href=\"https:\/\/www.sprich.ch\/fr\/produits\/escalier\/cages-descaliers\/\">\n\t\t\t\t\t\t<span class=\"elementor-button-content-wrapper\">\n\t\t\t\t\t\t<span class=\"elementor-button-icon\">\n\t\t\t\t<svg aria-hidden=\"true\" class=\"e-font-icon-svg e-fas-chevron-right\" viewBox=\"0 0 320 512\" xmlns=\"http:\/\/www.w3.org\/2000\/svg\"><path d=\"M285.476 272.971L91.132 467.314c-9.373 9.373-24.569 9.373-33.941 0l-22.667-22.667c-9.357-9.357-9.375-24.522-.04-33.901L188.505 256 34.484 101.255c-9.335-9.379-9.317-24.544.04-33.901l22.667-22.667c9.373-9.373 24.569-9.373 33.941 0L285.475 239.03c9.373 9.372 9.373 24.568.001 33.941z\"><\/path><\/svg>\t\t\t<\/span>\n\t\t\t\t\t\t\t\t\t<span class=\"elementor-button-text\">CAGES D\u2019ESCALIERS<\/span>\n\t\t\t\t\t<\/span>\n\t\t\t\t\t<\/a>\n\t\t\t\t\t\t\t\t<\/div>\n\t\t\t\t<\/div>\n\t\t\t\t<\/div>\n\t\t\t\t<div class=\"elementor-element elementor-element-9f7ad1d elementor-widget elementor-widget-spacer\" data-id=\"9f7ad1d\" data-element_type=\"widget\" data-e-type=\"widget\" data-widget_type=\"spacer.default\">\n\t\t\t\t\t\t\t<div class=\"elementor-spacer\">\n\t\t\t<div class=\"elementor-spacer-inner\"><\/div>\n\t\t<\/div>\n\t\t\t\t\t\t<\/div>\n\t\t\t\t<\/div>\n\t\t\t\t<\/div>\n\t\t","protected":false},"excerpt":{"rendered":"<p>NOS ESCALIERS Les escaliers en colima\u00e7on SPRICH permettent de relier les \u00e9tages dans une pi\u00e8ce \u00e9troite. Ils sont \u00e9l\u00e9gants et permettent de gagner de la place, tout en \u00e9tant bon march\u00e9. Les combinaisons possibles sont pratiquement illimit\u00e9es. Nous faisons la diff\u00e9rence entre deux types\u00a0:\u00a0Entry et Individual. Les deux mod\u00e8les sont adapt\u00e9s aux acc\u00e8s industriels fortement sollicit\u00e9s, aux issues de secours en ext\u00e9rieur, comme escalier de communication couvrant plusieurs \u00e9tages ou comme liaison rapide entre le b\u00e2timent et le jardin. Les escaliers en colima\u00e7on SPRICH sont fabriqu\u00e9s individuellement en fonction de l\u2019application pr\u00e9vue afin de r\u00e9pondre \u00e0 vos souhaits. Seule la structure reste toujours la m\u00eame. Apr\u00e8s fabrication, ils sont \u00e0 nouveau d\u00e9mont\u00e9s et les diff\u00e9rentes pi\u00e8ces galvanis\u00e9es \u00e0 chaud. Cette proc\u00e9dure offre certains avantages lors du montage\u00a0: l\u2019escalier en colima\u00e7on SPRICH peut ainsi \u00e9galement \u00eatre mont\u00e9 et \u00e9rig\u00e9 dans des pi\u00e8ces ferm\u00e9es sur plusieurs \u00e9tages sans n\u00e9cessiter un engin de levage suppl\u00e9mentaire. ESCALIERS EN COLIMA\u00c7ON CAGES D\u2019ESCALIERS<\/p>\n","protected":false},"author":1,"featured_media":0,"parent":10629,"menu_order":0,"comment_status":"closed","ping_status":"closed","template":"elementor_header_footer","meta":{"footnotes":""},"class_list":["post-10596","page","type-page","status-publish","hentry","entry"],"yoast_head":"<!-- This site is optimized with the Yoast SEO Premium plugin v27.4 (Yoast SEO v27.5) - https:\/\/yoast.com\/product\/yoast-seo-premium-wordpress\/ -->\n<title>Escalier - SPRICH<\/title>\n<meta name=\"description\" content=\"SPRICH Spindeltreppen sind platzsparende, elegante Treppen f\u00fcr Industrie, Fluchtwege und mehr. Individuell gefertigt, flexibel montierbar und ideal f\u00fcr Verbindungen \u00fcber mehrere Etagen.\" \/>\n<meta name=\"robots\" content=\"index, follow, max-snippet:-1, max-image-preview:large, max-video-preview:-1\" \/>\n<link rel=\"canonical\" href=\"https:\/\/www.sprich.ch\/fr\/produits\/escalier\" \/>\n<meta property=\"og:locale\" content=\"fr_FR\" \/>\n<meta property=\"og:type\" content=\"article\" \/>\n<meta property=\"og:title\" content=\"Escalier\" \/>\n<meta property=\"og:description\" content=\"SPRICH Spindeltreppen sind platzsparende, elegante Treppen f\u00fcr Industrie, Fluchtwege und mehr. Individuell gefertigt, flexibel montierbar und ideal f\u00fcr Verbindungen \u00fcber mehrere Etagen.\" \/>\n<meta property=\"og:url\" content=\"https:\/\/www.sprich.ch\/fr\/produits\/escalier\" \/>\n<meta property=\"og:site_name\" content=\"SPRICH\" \/>\n<meta property=\"article:modified_time\" content=\"2025-12-18T07:40:35+00:00\" \/>\n<meta property=\"og:image\" content=\"https:\/\/www.sprich.ch\/wp-content\/uploads\/2025\/09\/sprich_spindeltreppe-individual_linksdrehend_stahl_header_nr01_2025.jpg\" \/>\n\t<meta property=\"og:image:width\" content=\"1200\" \/>\n\t<meta property=\"og:image:height\" content=\"1200\" \/>\n\t<meta property=\"og:image:type\" content=\"image\/jpeg\" \/>\n<meta name=\"twitter:card\" content=\"summary_large_image\" \/>\n<meta name=\"twitter:label1\" content=\"Dur\u00e9e de lecture estim\u00e9e\" \/>\n\t<meta name=\"twitter:data1\" content=\"1 minute\" \/>\n<script type=\"application\/ld+json\" class=\"yoast-schema-graph\">{\"@context\":\"https:\\\/\\\/schema.org\",\"@graph\":[{\"@type\":\"WebPage\",\"@id\":\"https:\\\/\\\/www.sprich.ch\\\/fr\\\/produits\\\/escalier\",\"url\":\"https:\\\/\\\/www.sprich.ch\\\/fr\\\/produits\\\/escalier\",\"name\":\"Escalier - SPRICH\",\"isPartOf\":{\"@id\":\"https:\\\/\\\/www.sprich.ch\\\/fr#website\"},\"primaryImageOfPage\":{\"@id\":\"https:\\\/\\\/www.sprich.ch\\\/fr\\\/produits\\\/escalier#primaryimage\"},\"image\":{\"@id\":\"https:\\\/\\\/www.sprich.ch\\\/fr\\\/produits\\\/escalier#primaryimage\"},\"thumbnailUrl\":\"https:\\\/\\\/www.sprich.ch\\\/wp-content\\\/uploads\\\/2025\\\/09\\\/sprich_spindeltreppe-individual_linksdrehend_stahl_header_nr01_2025-1024x1024.jpg\",\"datePublished\":\"2025-09-26T13:38:03+00:00\",\"dateModified\":\"2025-12-18T07:40:35+00:00\",\"description\":\"SPRICH Spindeltreppen sind platzsparende, elegante Treppen f\u00fcr Industrie, Fluchtwege und mehr. Individuell gefertigt, flexibel montierbar und ideal f\u00fcr Verbindungen \u00fcber mehrere Etagen.\",\"breadcrumb\":{\"@id\":\"https:\\\/\\\/www.sprich.ch\\\/fr\\\/produits\\\/escalier#breadcrumb\"},\"inLanguage\":\"fr-FR\",\"potentialAction\":[{\"@type\":\"ReadAction\",\"target\":[\"https:\\\/\\\/www.sprich.ch\\\/fr\\\/produits\\\/escalier\"]}]},{\"@type\":\"ImageObject\",\"inLanguage\":\"fr-FR\",\"@id\":\"https:\\\/\\\/www.sprich.ch\\\/fr\\\/produits\\\/escalier#primaryimage\",\"url\":\"https:\\\/\\\/www.sprich.ch\\\/wp-content\\\/uploads\\\/2025\\\/09\\\/sprich_spindeltreppe-individual_linksdrehend_stahl_header_nr01_2025-1024x1024.jpg\",\"contentUrl\":\"https:\\\/\\\/www.sprich.ch\\\/wp-content\\\/uploads\\\/2025\\\/09\\\/sprich_spindeltreppe-individual_linksdrehend_stahl_header_nr01_2025-1024x1024.jpg\"},{\"@type\":\"BreadcrumbList\",\"@id\":\"https:\\\/\\\/www.sprich.ch\\\/fr\\\/produits\\\/escalier#breadcrumb\",\"itemListElement\":[{\"@type\":\"ListItem\",\"position\":1,\"name\":\"Home\",\"item\":\"https:\\\/\\\/www.sprich.ch\\\/fr\"},{\"@type\":\"ListItem\",\"position\":2,\"name\":\"Nos produits\",\"item\":\"https:\\\/\\\/www.sprich.ch\\\/fr\\\/produkte\"},{\"@type\":\"ListItem\",\"position\":3,\"name\":\"Escalier\"}]},{\"@type\":\"WebSite\",\"@id\":\"https:\\\/\\\/www.sprich.ch\\\/fr#website\",\"url\":\"https:\\\/\\\/www.sprich.ch\\\/fr\",\"name\":\"SPRICH\",\"description\":\"Gitterroste, Leitern, Treppen\",\"publisher\":{\"@id\":\"https:\\\/\\\/www.sprich.ch\\\/fr#organization\"},\"potentialAction\":[{\"@type\":\"SearchAction\",\"target\":{\"@type\":\"EntryPoint\",\"urlTemplate\":\"https:\\\/\\\/www.sprich.ch\\\/fr?s={search_term_string}\"},\"query-input\":{\"@type\":\"PropertyValueSpecification\",\"valueRequired\":true,\"valueName\":\"search_term_string\"}}],\"inLanguage\":\"fr-FR\"},{\"@type\":\"Organization\",\"@id\":\"https:\\\/\\\/www.sprich.ch\\\/fr#organization\",\"name\":\"SPRICH\",\"url\":\"https:\\\/\\\/www.sprich.ch\\\/fr\",\"logo\":{\"@type\":\"ImageObject\",\"inLanguage\":\"fr-FR\",\"@id\":\"https:\\\/\\\/www.sprich.ch\\\/fr#\\\/schema\\\/logo\\\/image\\\/\",\"url\":\"https:\\\/\\\/www.sprich.ch\\\/wp-content\\\/uploads\\\/2025\\\/09\\\/Sprich_Logo_rgb_pos_quer_600dpi-1-scaled.png\",\"contentUrl\":\"https:\\\/\\\/www.sprich.ch\\\/wp-content\\\/uploads\\\/2025\\\/09\\\/Sprich_Logo_rgb_pos_quer_600dpi-1-scaled.png\",\"width\":2560,\"height\":695,\"caption\":\"SPRICH\"},\"image\":{\"@id\":\"https:\\\/\\\/www.sprich.ch\\\/fr#\\\/schema\\\/logo\\\/image\\\/\"}}]}<\/script>\n<!-- \/ Yoast SEO Premium plugin. -->","yoast_head_json":{"title":"Escalier - SPRICH","description":"SPRICH Spindeltreppen sind platzsparende, elegante Treppen f\u00fcr Industrie, Fluchtwege und mehr. Individuell gefertigt, flexibel montierbar und ideal f\u00fcr Verbindungen \u00fcber mehrere Etagen.","robots":{"index":"index","follow":"follow","max-snippet":"max-snippet:-1","max-image-preview":"max-image-preview:large","max-video-preview":"max-video-preview:-1"},"canonical":"https:\/\/www.sprich.ch\/fr\/produits\/escalier","og_locale":"fr_FR","og_type":"article","og_title":"Escalier","og_description":"SPRICH Spindeltreppen sind platzsparende, elegante Treppen f\u00fcr Industrie, Fluchtwege und mehr. Individuell gefertigt, flexibel montierbar und ideal f\u00fcr Verbindungen \u00fcber mehrere Etagen.","og_url":"https:\/\/www.sprich.ch\/fr\/produits\/escalier","og_site_name":"SPRICH","article_modified_time":"2025-12-18T07:40:35+00:00","og_image":[{"width":1200,"height":1200,"url":"https:\/\/www.sprich.ch\/wp-content\/uploads\/2025\/09\/sprich_spindeltreppe-individual_linksdrehend_stahl_header_nr01_2025.jpg","type":"image\/jpeg"}],"twitter_card":"summary_large_image","twitter_misc":{"Dur\u00e9e de lecture estim\u00e9e":"1 minute"},"schema":{"@context":"https:\/\/schema.org","@graph":[{"@type":"WebPage","@id":"https:\/\/www.sprich.ch\/fr\/produits\/escalier","url":"https:\/\/www.sprich.ch\/fr\/produits\/escalier","name":"Escalier - SPRICH","isPartOf":{"@id":"https:\/\/www.sprich.ch\/fr#website"},"primaryImageOfPage":{"@id":"https:\/\/www.sprich.ch\/fr\/produits\/escalier#primaryimage"},"image":{"@id":"https:\/\/www.sprich.ch\/fr\/produits\/escalier#primaryimage"},"thumbnailUrl":"https:\/\/www.sprich.ch\/wp-content\/uploads\/2025\/09\/sprich_spindeltreppe-individual_linksdrehend_stahl_header_nr01_2025-1024x1024.jpg","datePublished":"2025-09-26T13:38:03+00:00","dateModified":"2025-12-18T07:40:35+00:00","description":"SPRICH Spindeltreppen sind platzsparende, elegante Treppen f\u00fcr Industrie, Fluchtwege und mehr. Individuell gefertigt, flexibel montierbar und ideal f\u00fcr Verbindungen \u00fcber mehrere Etagen.","breadcrumb":{"@id":"https:\/\/www.sprich.ch\/fr\/produits\/escalier#breadcrumb"},"inLanguage":"fr-FR","potentialAction":[{"@type":"ReadAction","target":["https:\/\/www.sprich.ch\/fr\/produits\/escalier"]}]},{"@type":"ImageObject","inLanguage":"fr-FR","@id":"https:\/\/www.sprich.ch\/fr\/produits\/escalier#primaryimage","url":"https:\/\/www.sprich.ch\/wp-content\/uploads\/2025\/09\/sprich_spindeltreppe-individual_linksdrehend_stahl_header_nr01_2025-1024x1024.jpg","contentUrl":"https:\/\/www.sprich.ch\/wp-content\/uploads\/2025\/09\/sprich_spindeltreppe-individual_linksdrehend_stahl_header_nr01_2025-1024x1024.jpg"},{"@type":"BreadcrumbList","@id":"https:\/\/www.sprich.ch\/fr\/produits\/escalier#breadcrumb","itemListElement":[{"@type":"ListItem","position":1,"name":"Home","item":"https:\/\/www.sprich.ch\/fr"},{"@type":"ListItem","position":2,"name":"Nos produits","item":"https:\/\/www.sprich.ch\/fr\/produkte"},{"@type":"ListItem","position":3,"name":"Escalier"}]},{"@type":"WebSite","@id":"https:\/\/www.sprich.ch\/fr#website","url":"https:\/\/www.sprich.ch\/fr","name":"SPRICH","description":"Gitterroste, Leitern, Treppen","publisher":{"@id":"https:\/\/www.sprich.ch\/fr#organization"},"potentialAction":[{"@type":"SearchAction","target":{"@type":"EntryPoint","urlTemplate":"https:\/\/www.sprich.ch\/fr?s={search_term_string}"},"query-input":{"@type":"PropertyValueSpecification","valueRequired":true,"valueName":"search_term_string"}}],"inLanguage":"fr-FR"},{"@type":"Organization","@id":"https:\/\/www.sprich.ch\/fr#organization","name":"SPRICH","url":"https:\/\/www.sprich.ch\/fr","logo":{"@type":"ImageObject","inLanguage":"fr-FR","@id":"https:\/\/www.sprich.ch\/fr#\/schema\/logo\/image\/","url":"https:\/\/www.sprich.ch\/wp-content\/uploads\/2025\/09\/Sprich_Logo_rgb_pos_quer_600dpi-1-scaled.png","contentUrl":"https:\/\/www.sprich.ch\/wp-content\/uploads\/2025\/09\/Sprich_Logo_rgb_pos_quer_600dpi-1-scaled.png","width":2560,"height":695,"caption":"SPRICH"},"image":{"@id":"https:\/\/www.sprich.ch\/fr#\/schema\/logo\/image\/"}}]}},"_links":{"self":[{"href":"https:\/\/www.sprich.ch\/fr\/wp-json\/wp\/v2\/pages\/10596","targetHints":{"allow":["GET"]}}],"collection":[{"href":"https:\/\/www.sprich.ch\/fr\/wp-json\/wp\/v2\/pages"}],"about":[{"href":"https:\/\/www.sprich.ch\/fr\/wp-json\/wp\/v2\/types\/page"}],"author":[{"embeddable":true,"href":"https:\/\/www.sprich.ch\/fr\/wp-json\/wp\/v2\/users\/1"}],"replies":[{"embeddable":true,"href":"https:\/\/www.sprich.ch\/fr\/wp-json\/wp\/v2\/comments?post=10596"}],"version-history":[{"count":8,"href":"https:\/\/www.sprich.ch\/fr\/wp-json\/wp\/v2\/pages\/10596\/revisions"}],"predecessor-version":[{"id":23967,"href":"https:\/\/www.sprich.ch\/fr\/wp-json\/wp\/v2\/pages\/10596\/revisions\/23967"}],"up":[{"embeddable":true,"href":"https:\/\/www.sprich.ch\/fr\/wp-json\/wp\/v2\/pages\/10629"}],"wp:attachment":[{"href":"https:\/\/www.sprich.ch\/fr\/wp-json\/wp\/v2\/media?parent=10596"}],"curies":[{"name":"wp","href":"https:\/\/api.w.org\/{rel}","templated":true}]}}