{"id":10560,"date":"2025-09-23T07:39:10","date_gmt":"2025-09-23T07:39:10","guid":{"rendered":"https:\/\/www.sprich.ch\/contrat-de-service\/"},"modified":"2026-03-27T16:24:20","modified_gmt":"2026-03-27T16:24:20","slug":"contrat-de-manutention","status":"publish","type":"page","link":"https:\/\/www.sprich.ch\/fr\/nos-services\/contrat-de-manutention","title":{"rendered":"Contrat de manutention"},"content":{"rendered":"\t\t<div data-elementor-type=\"wp-page\" data-elementor-id=\"10560\" class=\"elementor elementor-10560 elementor-667\" data-elementor-post-type=\"page\">\n\t\t\t\t<div class=\"elementor-element elementor-element-e6f9de1 e-con-full e-flex wpr-particle-no wpr-jarallax-no wpr-parallax-no wpr-sticky-section-no wpr-column-slider-no wpr-equal-height-no e-con e-parent\" data-id=\"e6f9de1\" data-element_type=\"container\" data-e-type=\"container\" data-settings=\"{&quot;background_background&quot;:&quot;classic&quot;}\">\n\t\t\t\t<\/div>\n\t\t<div class=\"elementor-element elementor-element-bebb289 e-con-full e-flex wpr-particle-no wpr-jarallax-no wpr-parallax-no wpr-sticky-section-no wpr-column-slider-no wpr-equal-height-no e-con e-parent\" data-id=\"bebb289\" data-element_type=\"container\" data-e-type=\"container\">\n\t\t\t\t<div class=\"elementor-element elementor-element-81771e7 elementor-widget elementor-widget-spacer\" data-id=\"81771e7\" data-element_type=\"widget\" data-e-type=\"widget\" data-widget_type=\"spacer.default\">\n\t\t\t\t\t\t\t<div class=\"elementor-spacer\">\n\t\t\t<div class=\"elementor-spacer-inner\"><\/div>\n\t\t<\/div>\n\t\t\t\t\t\t<\/div>\n\t\t\t\t<div class=\"elementor-element elementor-element-e43115b elementor-widget elementor-widget-heading\" data-id=\"e43115b\" data-element_type=\"widget\" data-e-type=\"widget\" data-widget_type=\"heading.default\">\n\t\t\t\t\t<h2 class=\"elementor-heading-title elementor-size-default\">CONTRAT DE MANUTENTION POUR DES VOLETS DE FUM\u00c9E<\/h2>\t\t\t\t<\/div>\n\t\t\t\t<div class=\"elementor-element elementor-element-01ba7b6 elementor-widget-divider--view-line elementor-widget elementor-widget-divider\" data-id=\"01ba7b6\" data-element_type=\"widget\" data-e-type=\"widget\" data-widget_type=\"divider.default\">\n\t\t\t\t\t\t\t<div class=\"elementor-divider\">\n\t\t\t<span class=\"elementor-divider-separator\">\n\t\t\t\t\t\t<\/span>\n\t\t<\/div>\n\t\t\t\t\t\t<\/div>\n\t\t\t\t<\/div>\n\t\t<div class=\"elementor-element elementor-element-d477faf e-con-full e-flex wpr-particle-no wpr-jarallax-no wpr-parallax-no wpr-sticky-section-no wpr-column-slider-no wpr-equal-height-no e-con e-parent\" data-id=\"d477faf\" data-element_type=\"container\" data-e-type=\"container\">\n\t\t<div class=\"elementor-element elementor-element-4180dae e-grid e-con-full wpr-particle-no wpr-jarallax-no wpr-parallax-no wpr-sticky-section-no wpr-column-slider-no wpr-equal-height-no e-con e-child\" data-id=\"4180dae\" data-element_type=\"container\" data-e-type=\"container\">\n\t\t<div class=\"elementor-element elementor-element-b1c12dd e-con-full e-flex wpr-particle-no wpr-jarallax-no wpr-parallax-no wpr-sticky-section-no wpr-column-slider-no wpr-equal-height-no e-con e-child\" data-id=\"b1c12dd\" data-element_type=\"container\" data-e-type=\"container\">\n\t\t\t\t<div class=\"elementor-element elementor-element-578fa80 elementor-widget elementor-widget-image\" data-id=\"578fa80\" data-element_type=\"widget\" data-e-type=\"widget\" data-widget_type=\"image.default\">\n\t\t\t\t\t\t\t\t\t\t\t\t\t\t\t<img fetchpriority=\"high\" decoding=\"async\" width=\"1024\" height=\"1024\" src=\"https:\/\/www.sprich.ch\/wp-content\/uploads\/2025\/09\/sprich_servicevertrag_2025_gallery-1_nr01-1024x1024.webp\" class=\"attachment-large size-large wp-image-8301\" alt=\"sprich_servicevertrag_2025_gallery-1_nr01\" srcset=\"https:\/\/www.sprich.ch\/wp-content\/uploads\/2025\/09\/sprich_servicevertrag_2025_gallery-1_nr01-1024x1024.webp 1024w, https:\/\/www.sprich.ch\/wp-content\/uploads\/2025\/09\/sprich_servicevertrag_2025_gallery-1_nr01-300x300.webp 300w, https:\/\/www.sprich.ch\/wp-content\/uploads\/2025\/09\/sprich_servicevertrag_2025_gallery-1_nr01-150x150.webp 150w, https:\/\/www.sprich.ch\/wp-content\/uploads\/2025\/09\/sprich_servicevertrag_2025_gallery-1_nr01-768x768.webp 768w, https:\/\/www.sprich.ch\/wp-content\/uploads\/2025\/09\/sprich_servicevertrag_2025_gallery-1_nr01-600x600.webp 600w, https:\/\/www.sprich.ch\/wp-content\/uploads\/2025\/09\/sprich_servicevertrag_2025_gallery-1_nr01.webp 1440w\" sizes=\"(max-width: 1024px) 100vw, 1024px\" \/>\t\t\t\t\t\t\t\t\t\t\t\t\t\t\t<\/div>\n\t\t\t\t<div class=\"elementor-element elementor-element-2d12170 elementor-widget elementor-widget-heading\" data-id=\"2d12170\" data-element_type=\"widget\" data-e-type=\"widget\" data-widget_type=\"heading.default\">\n\t\t\t\t\t<h2 class=\"elementor-heading-title elementor-size-default\">V\u00c9RIFICATION DU FONCTIONNEMENT<\/h2>\t\t\t\t<\/div>\n\t\t\t\t<\/div>\n\t\t<div class=\"elementor-element elementor-element-64a952e e-con-full e-flex wpr-particle-no wpr-jarallax-no wpr-parallax-no wpr-sticky-section-no wpr-column-slider-no wpr-equal-height-no e-con e-child\" data-id=\"64a952e\" data-element_type=\"container\" data-e-type=\"container\">\n\t\t\t\t<div class=\"elementor-element elementor-element-1f58d09 elementor-widget elementor-widget-image\" data-id=\"1f58d09\" data-element_type=\"widget\" data-e-type=\"widget\" data-widget_type=\"image.default\">\n\t\t\t\t\t\t\t\t\t\t\t\t\t\t\t<img decoding=\"async\" width=\"1024\" height=\"1024\" src=\"https:\/\/www.sprich.ch\/wp-content\/uploads\/2025\/09\/sprich_servicevertrag_2025_gallery-2_nr01-1024x1024.webp\" class=\"attachment-large size-large wp-image-8302\" alt=\"sprich_servicevertrag_2025_gallery-2_nr01\" srcset=\"https:\/\/www.sprich.ch\/wp-content\/uploads\/2025\/09\/sprich_servicevertrag_2025_gallery-2_nr01-1024x1024.webp 1024w, https:\/\/www.sprich.ch\/wp-content\/uploads\/2025\/09\/sprich_servicevertrag_2025_gallery-2_nr01-300x300.webp 300w, https:\/\/www.sprich.ch\/wp-content\/uploads\/2025\/09\/sprich_servicevertrag_2025_gallery-2_nr01-150x150.webp 150w, https:\/\/www.sprich.ch\/wp-content\/uploads\/2025\/09\/sprich_servicevertrag_2025_gallery-2_nr01-768x768.webp 768w, https:\/\/www.sprich.ch\/wp-content\/uploads\/2025\/09\/sprich_servicevertrag_2025_gallery-2_nr01-600x600.webp 600w, https:\/\/www.sprich.ch\/wp-content\/uploads\/2025\/09\/sprich_servicevertrag_2025_gallery-2_nr01.webp 1440w\" sizes=\"(max-width: 1024px) 100vw, 1024px\" \/>\t\t\t\t\t\t\t\t\t\t\t\t\t\t\t<\/div>\n\t\t\t\t<div class=\"elementor-element elementor-element-06a5768 elementor-widget elementor-widget-heading\" data-id=\"06a5768\" data-element_type=\"widget\" data-e-type=\"widget\" data-widget_type=\"heading.default\">\n\t\t\t\t\t<h2 class=\"elementor-heading-title elementor-size-default\">REMPLACEMENT DES PETITES PI\u00c8CES<\/h2>\t\t\t\t<\/div>\n\t\t\t\t<\/div>\n\t\t<div class=\"elementor-element elementor-element-d3d93d5 e-con-full e-flex wpr-particle-no wpr-jarallax-no wpr-parallax-no wpr-sticky-section-no wpr-column-slider-no wpr-equal-height-no e-con e-child\" data-id=\"d3d93d5\" data-element_type=\"container\" data-e-type=\"container\">\n\t\t\t\t<div class=\"elementor-element elementor-element-50b1148 elementor-widget elementor-widget-image\" data-id=\"50b1148\" data-element_type=\"widget\" data-e-type=\"widget\" data-widget_type=\"image.default\">\n\t\t\t\t\t\t\t\t\t\t\t\t\t\t\t<img decoding=\"async\" width=\"1024\" height=\"1024\" src=\"https:\/\/www.sprich.ch\/wp-content\/uploads\/2025\/09\/sprich_servicevertrag_2025_gallery-3_nr01-1024x1024.webp\" class=\"attachment-large size-large wp-image-8303\" alt=\"sprich_servicevertrag_2025_gallery-3_nr01\" srcset=\"https:\/\/www.sprich.ch\/wp-content\/uploads\/2025\/09\/sprich_servicevertrag_2025_gallery-3_nr01-1024x1024.webp 1024w, https:\/\/www.sprich.ch\/wp-content\/uploads\/2025\/09\/sprich_servicevertrag_2025_gallery-3_nr01-300x300.webp 300w, https:\/\/www.sprich.ch\/wp-content\/uploads\/2025\/09\/sprich_servicevertrag_2025_gallery-3_nr01-150x150.webp 150w, https:\/\/www.sprich.ch\/wp-content\/uploads\/2025\/09\/sprich_servicevertrag_2025_gallery-3_nr01-768x768.webp 768w, https:\/\/www.sprich.ch\/wp-content\/uploads\/2025\/09\/sprich_servicevertrag_2025_gallery-3_nr01-600x600.webp 600w, https:\/\/www.sprich.ch\/wp-content\/uploads\/2025\/09\/sprich_servicevertrag_2025_gallery-3_nr01.webp 1079w\" sizes=\"(max-width: 1024px) 100vw, 1024px\" \/>\t\t\t\t\t\t\t\t\t\t\t\t\t\t\t<\/div>\n\t\t\t\t<div class=\"elementor-element elementor-element-4874cd4 elementor-widget elementor-widget-heading\" data-id=\"4874cd4\" data-element_type=\"widget\" data-e-type=\"widget\" data-widget_type=\"heading.default\">\n\t\t\t\t\t<h2 class=\"elementor-heading-title elementor-size-default\">PROTOCOLE<\/h2>\t\t\t\t<\/div>\n\t\t\t\t<\/div>\n\t\t\t\t<\/div>\n\t\t\t\t<div class=\"elementor-element elementor-element-dc5a224 elementor-widget elementor-widget-text-editor\" data-id=\"dc5a224\" data-element_type=\"widget\" data-e-type=\"widget\" data-widget_type=\"text-editor.default\">\n\t\t\t\t\t\t\t\t\t<p>Notre contrat d\u2019entretien vous garantit un entretien r\u00e9gulier de vos volets de fum\u00e9e. Il comprend l\u2019assurance et la garantie du bon fonctionnement de vos volets de fum\u00e9e, ainsi que, le cas \u00e9ch\u00e9ant, le remplacement du petit mat\u00e9riel afin de maximiser leur efficacit\u00e9. De plus, vous recevrez des rapports d\u00e9taill\u00e9s sur l\u2019\u00e9tat et les travaux effectu\u00e9s.<\/p>\n<p>Avec cette solution compl\u00e8te de SPRICH, vous pouvez \u00eatre s\u00fbr que vos volets de fum\u00e9e sont entre de bonnes mains. Contactez-nous d\u00e8s aujourd\u2019hui pour profiter de cette offre unique.<\/p>\n<p>V\u00e9rification du fonctionnement<br \/>Remplacement de petites pi\u00e8ces<br \/>Compte rendu<\/p>\n\t\t\t\t\t\t\t\t<\/div>\n\t\t\t\t<div class=\"elementor-element elementor-element-b0b0b17 elementor-widget elementor-widget-button\" data-id=\"b0b0b17\" data-element_type=\"widget\" data-e-type=\"widget\" data-widget_type=\"button.default\">\n\t\t\t\t\t\t\t\t\t\t<a class=\"elementor-button elementor-button-link elementor-size-sm\" href=\"https:\/\/elementor.sprich.ch\/fr\/produits\/volet-fumees\/\">\n\t\t\t\t\t\t<span class=\"elementor-button-content-wrapper\">\n\t\t\t\t\t\t\t\t\t<span class=\"elementor-button-text\">Chez nos volets de fum\u00e9e <\/span>\n\t\t\t\t\t<\/span>\n\t\t\t\t\t<\/a>\n\t\t\t\t\t\t\t\t<\/div>\n\t\t\t\t<div class=\"elementor-element elementor-element-90866ef elementor-widget elementor-widget-spacer\" data-id=\"90866ef\" data-element_type=\"widget\" data-e-type=\"widget\" data-widget_type=\"spacer.default\">\n\t\t\t\t\t\t\t<div class=\"elementor-spacer\">\n\t\t\t<div class=\"elementor-spacer-inner\"><\/div>\n\t\t<\/div>\n\t\t\t\t\t\t<\/div>\n\t\t\t\t<\/div>\n\t\t\t\t<\/div>\n\t\t","protected":false},"excerpt":{"rendered":"<p>CONTRAT DE MANUTENTION POUR DES VOLETS DE FUM\u00c9E V\u00c9RIFICATION DU FONCTIONNEMENT REMPLACEMENT DES PETITES PI\u00c8CES PROTOCOLE Notre contrat d\u2019entretien vous garantit un entretien r\u00e9gulier de vos volets de fum\u00e9e. Il comprend l\u2019assurance et la garantie du bon fonctionnement de vos volets de fum\u00e9e, ainsi que, le cas \u00e9ch\u00e9ant, le remplacement du petit mat\u00e9riel afin de maximiser leur efficacit\u00e9. De plus, vous recevrez des rapports d\u00e9taill\u00e9s sur l\u2019\u00e9tat et les travaux effectu\u00e9s. Avec cette solution compl\u00e8te de SPRICH, vous pouvez \u00eatre s\u00fbr que vos volets de fum\u00e9e sont entre de bonnes mains. Contactez-nous d\u00e8s aujourd\u2019hui pour profiter de cette offre unique. V\u00e9rification du fonctionnementRemplacement de petites pi\u00e8cesCompte rendu Chez nos volets de fum\u00e9e<\/p>\n","protected":false},"author":1,"featured_media":0,"parent":8237,"menu_order":0,"comment_status":"closed","ping_status":"closed","template":"elementor_header_footer","meta":{"footnotes":""},"class_list":["post-10560","page","type-page","status-publish","hentry","entry"],"yoast_head":"<!-- This site is optimized with the Yoast SEO Premium plugin v27.4 (Yoast SEO v27.6) - https:\/\/yoast.com\/product\/yoast-seo-premium-wordpress\/ -->\n<title>Contrat de manutention - SPRICH<\/title>\n<meta name=\"description\" content=\"Contrat de service SPRICH : maintenance, contr\u00f4le et accompagnement de vos installations \u2013 fiable, personnalis\u00e9 et planifiable sur le long terme.\" \/>\n<meta name=\"robots\" content=\"index, follow, max-snippet:-1, max-image-preview:large, max-video-preview:-1\" \/>\n<link rel=\"canonical\" href=\"https:\/\/www.sprich.ch\/fr\/nos-services\/contrat-de-manutention\" \/>\n<meta property=\"og:locale\" content=\"fr_FR\" \/>\n<meta property=\"og:type\" content=\"article\" \/>\n<meta property=\"og:title\" content=\"Contrat de manutention\" \/>\n<meta property=\"og:description\" content=\"Contrat de service SPRICH : maintenance, contr\u00f4le et accompagnement de vos installations \u2013 fiable, personnalis\u00e9 et planifiable sur le long terme.\" \/>\n<meta property=\"og:url\" content=\"https:\/\/www.sprich.ch\/fr\/nos-services\/contrat-de-manutention\" \/>\n<meta property=\"og:site_name\" content=\"SPRICH\" \/>\n<meta property=\"article:modified_time\" content=\"2026-03-27T16:24:20+00:00\" \/>\n<meta property=\"og:image\" content=\"https:\/\/www.sprich.ch\/wp-content\/uploads\/2025\/09\/sprich_servicevertrag_2025_gallery-1_nr01.webp\" \/>\n\t<meta property=\"og:image:width\" content=\"1440\" \/>\n\t<meta property=\"og:image:height\" content=\"1440\" \/>\n\t<meta property=\"og:image:type\" content=\"image\/webp\" \/>\n<meta name=\"twitter:card\" content=\"summary_large_image\" \/>\n<meta name=\"twitter:label1\" content=\"Dur\u00e9e de lecture estim\u00e9e\" \/>\n\t<meta name=\"twitter:data1\" content=\"1 minute\" \/>\n<script type=\"application\/ld+json\" class=\"yoast-schema-graph\">{\"@context\":\"https:\\\/\\\/schema.org\",\"@graph\":[{\"@type\":\"WebPage\",\"@id\":\"https:\\\/\\\/www.sprich.ch\\\/fr\\\/nos-services\\\/contrat-de-manutention\",\"url\":\"https:\\\/\\\/www.sprich.ch\\\/fr\\\/nos-services\\\/contrat-de-manutention\",\"name\":\"Contrat de manutention - SPRICH\",\"isPartOf\":{\"@id\":\"https:\\\/\\\/www.sprich.ch\\\/fr#website\"},\"primaryImageOfPage\":{\"@id\":\"https:\\\/\\\/www.sprich.ch\\\/fr\\\/nos-services\\\/contrat-de-manutention#primaryimage\"},\"image\":{\"@id\":\"https:\\\/\\\/www.sprich.ch\\\/fr\\\/nos-services\\\/contrat-de-manutention#primaryimage\"},\"thumbnailUrl\":\"https:\\\/\\\/www.sprich.ch\\\/wp-content\\\/uploads\\\/2025\\\/09\\\/sprich_servicevertrag_2025_gallery-1_nr01-1024x1024.webp\",\"datePublished\":\"2025-09-23T07:39:10+00:00\",\"dateModified\":\"2026-03-27T16:24:20+00:00\",\"description\":\"Contrat de service SPRICH : maintenance, contr\u00f4le et accompagnement de vos installations \u2013 fiable, personnalis\u00e9 et planifiable sur le long terme.\",\"breadcrumb\":{\"@id\":\"https:\\\/\\\/www.sprich.ch\\\/fr\\\/nos-services\\\/contrat-de-manutention#breadcrumb\"},\"inLanguage\":\"fr-FR\",\"potentialAction\":[{\"@type\":\"ReadAction\",\"target\":[\"https:\\\/\\\/www.sprich.ch\\\/fr\\\/nos-services\\\/contrat-de-manutention\"]}]},{\"@type\":\"ImageObject\",\"inLanguage\":\"fr-FR\",\"@id\":\"https:\\\/\\\/www.sprich.ch\\\/fr\\\/nos-services\\\/contrat-de-manutention#primaryimage\",\"url\":\"https:\\\/\\\/www.sprich.ch\\\/wp-content\\\/uploads\\\/2025\\\/09\\\/sprich_servicevertrag_2025_gallery-1_nr01-1024x1024.webp\",\"contentUrl\":\"https:\\\/\\\/www.sprich.ch\\\/wp-content\\\/uploads\\\/2025\\\/09\\\/sprich_servicevertrag_2025_gallery-1_nr01-1024x1024.webp\"},{\"@type\":\"BreadcrumbList\",\"@id\":\"https:\\\/\\\/www.sprich.ch\\\/fr\\\/nos-services\\\/contrat-de-manutention#breadcrumb\",\"itemListElement\":[{\"@type\":\"ListItem\",\"position\":1,\"name\":\"Home\",\"item\":\"https:\\\/\\\/www.sprich.ch\\\/fr\"},{\"@type\":\"ListItem\",\"position\":2,\"name\":\"Nos services\",\"item\":\"https:\\\/\\\/www.sprich.ch\\\/fr\\\/nos-services\"},{\"@type\":\"ListItem\",\"position\":3,\"name\":\"Contrat de manutention\"}]},{\"@type\":\"WebSite\",\"@id\":\"https:\\\/\\\/www.sprich.ch\\\/fr#website\",\"url\":\"https:\\\/\\\/www.sprich.ch\\\/fr\",\"name\":\"SPRICH\",\"description\":\"Gitterroste, Leitern, Treppen\",\"publisher\":{\"@id\":\"https:\\\/\\\/www.sprich.ch\\\/fr#organization\"},\"potentialAction\":[{\"@type\":\"SearchAction\",\"target\":{\"@type\":\"EntryPoint\",\"urlTemplate\":\"https:\\\/\\\/www.sprich.ch\\\/fr?s={search_term_string}\"},\"query-input\":{\"@type\":\"PropertyValueSpecification\",\"valueRequired\":true,\"valueName\":\"search_term_string\"}}],\"inLanguage\":\"fr-FR\"},{\"@type\":\"Organization\",\"@id\":\"https:\\\/\\\/www.sprich.ch\\\/fr#organization\",\"name\":\"SPRICH\",\"url\":\"https:\\\/\\\/www.sprich.ch\\\/fr\",\"logo\":{\"@type\":\"ImageObject\",\"inLanguage\":\"fr-FR\",\"@id\":\"https:\\\/\\\/www.sprich.ch\\\/fr#\\\/schema\\\/logo\\\/image\\\/\",\"url\":\"https:\\\/\\\/www.sprich.ch\\\/wp-content\\\/uploads\\\/2025\\\/09\\\/Sprich_Logo_rgb_pos_quer_600dpi-1-scaled.png\",\"contentUrl\":\"https:\\\/\\\/www.sprich.ch\\\/wp-content\\\/uploads\\\/2025\\\/09\\\/Sprich_Logo_rgb_pos_quer_600dpi-1-scaled.png\",\"width\":2560,\"height\":695,\"caption\":\"SPRICH\"},\"image\":{\"@id\":\"https:\\\/\\\/www.sprich.ch\\\/fr#\\\/schema\\\/logo\\\/image\\\/\"}}]}<\/script>\n<!-- \/ Yoast SEO Premium plugin. -->","yoast_head_json":{"title":"Contrat de manutention - SPRICH","description":"Contrat de service SPRICH : maintenance, contr\u00f4le et accompagnement de vos installations \u2013 fiable, personnalis\u00e9 et planifiable sur le long terme.","robots":{"index":"index","follow":"follow","max-snippet":"max-snippet:-1","max-image-preview":"max-image-preview:large","max-video-preview":"max-video-preview:-1"},"canonical":"https:\/\/www.sprich.ch\/fr\/nos-services\/contrat-de-manutention","og_locale":"fr_FR","og_type":"article","og_title":"Contrat de manutention","og_description":"Contrat de service SPRICH : maintenance, contr\u00f4le et accompagnement de vos installations \u2013 fiable, personnalis\u00e9 et planifiable sur le long terme.","og_url":"https:\/\/www.sprich.ch\/fr\/nos-services\/contrat-de-manutention","og_site_name":"SPRICH","article_modified_time":"2026-03-27T16:24:20+00:00","og_image":[{"width":1440,"height":1440,"url":"https:\/\/www.sprich.ch\/wp-content\/uploads\/2025\/09\/sprich_servicevertrag_2025_gallery-1_nr01.webp","type":"image\/webp"}],"twitter_card":"summary_large_image","twitter_misc":{"Dur\u00e9e de lecture estim\u00e9e":"1 minute"},"schema":{"@context":"https:\/\/schema.org","@graph":[{"@type":"WebPage","@id":"https:\/\/www.sprich.ch\/fr\/nos-services\/contrat-de-manutention","url":"https:\/\/www.sprich.ch\/fr\/nos-services\/contrat-de-manutention","name":"Contrat de manutention - SPRICH","isPartOf":{"@id":"https:\/\/www.sprich.ch\/fr#website"},"primaryImageOfPage":{"@id":"https:\/\/www.sprich.ch\/fr\/nos-services\/contrat-de-manutention#primaryimage"},"image":{"@id":"https:\/\/www.sprich.ch\/fr\/nos-services\/contrat-de-manutention#primaryimage"},"thumbnailUrl":"https:\/\/www.sprich.ch\/wp-content\/uploads\/2025\/09\/sprich_servicevertrag_2025_gallery-1_nr01-1024x1024.webp","datePublished":"2025-09-23T07:39:10+00:00","dateModified":"2026-03-27T16:24:20+00:00","description":"Contrat de service SPRICH : maintenance, contr\u00f4le et accompagnement de vos installations \u2013 fiable, personnalis\u00e9 et planifiable sur le long terme.","breadcrumb":{"@id":"https:\/\/www.sprich.ch\/fr\/nos-services\/contrat-de-manutention#breadcrumb"},"inLanguage":"fr-FR","potentialAction":[{"@type":"ReadAction","target":["https:\/\/www.sprich.ch\/fr\/nos-services\/contrat-de-manutention"]}]},{"@type":"ImageObject","inLanguage":"fr-FR","@id":"https:\/\/www.sprich.ch\/fr\/nos-services\/contrat-de-manutention#primaryimage","url":"https:\/\/www.sprich.ch\/wp-content\/uploads\/2025\/09\/sprich_servicevertrag_2025_gallery-1_nr01-1024x1024.webp","contentUrl":"https:\/\/www.sprich.ch\/wp-content\/uploads\/2025\/09\/sprich_servicevertrag_2025_gallery-1_nr01-1024x1024.webp"},{"@type":"BreadcrumbList","@id":"https:\/\/www.sprich.ch\/fr\/nos-services\/contrat-de-manutention#breadcrumb","itemListElement":[{"@type":"ListItem","position":1,"name":"Home","item":"https:\/\/www.sprich.ch\/fr"},{"@type":"ListItem","position":2,"name":"Nos services","item":"https:\/\/www.sprich.ch\/fr\/nos-services"},{"@type":"ListItem","position":3,"name":"Contrat de manutention"}]},{"@type":"WebSite","@id":"https:\/\/www.sprich.ch\/fr#website","url":"https:\/\/www.sprich.ch\/fr","name":"SPRICH","description":"Gitterroste, Leitern, Treppen","publisher":{"@id":"https:\/\/www.sprich.ch\/fr#organization"},"potentialAction":[{"@type":"SearchAction","target":{"@type":"EntryPoint","urlTemplate":"https:\/\/www.sprich.ch\/fr?s={search_term_string}"},"query-input":{"@type":"PropertyValueSpecification","valueRequired":true,"valueName":"search_term_string"}}],"inLanguage":"fr-FR"},{"@type":"Organization","@id":"https:\/\/www.sprich.ch\/fr#organization","name":"SPRICH","url":"https:\/\/www.sprich.ch\/fr","logo":{"@type":"ImageObject","inLanguage":"fr-FR","@id":"https:\/\/www.sprich.ch\/fr#\/schema\/logo\/image\/","url":"https:\/\/www.sprich.ch\/wp-content\/uploads\/2025\/09\/Sprich_Logo_rgb_pos_quer_600dpi-1-scaled.png","contentUrl":"https:\/\/www.sprich.ch\/wp-content\/uploads\/2025\/09\/Sprich_Logo_rgb_pos_quer_600dpi-1-scaled.png","width":2560,"height":695,"caption":"SPRICH"},"image":{"@id":"https:\/\/www.sprich.ch\/fr#\/schema\/logo\/image\/"}}]}},"_links":{"self":[{"href":"https:\/\/www.sprich.ch\/fr\/wp-json\/wp\/v2\/pages\/10560","targetHints":{"allow":["GET"]}}],"collection":[{"href":"https:\/\/www.sprich.ch\/fr\/wp-json\/wp\/v2\/pages"}],"about":[{"href":"https:\/\/www.sprich.ch\/fr\/wp-json\/wp\/v2\/types\/page"}],"author":[{"embeddable":true,"href":"https:\/\/www.sprich.ch\/fr\/wp-json\/wp\/v2\/users\/1"}],"replies":[{"embeddable":true,"href":"https:\/\/www.sprich.ch\/fr\/wp-json\/wp\/v2\/comments?post=10560"}],"version-history":[{"count":15,"href":"https:\/\/www.sprich.ch\/fr\/wp-json\/wp\/v2\/pages\/10560\/revisions"}],"predecessor-version":[{"id":31573,"href":"https:\/\/www.sprich.ch\/fr\/wp-json\/wp\/v2\/pages\/10560\/revisions\/31573"}],"up":[{"embeddable":true,"href":"https:\/\/www.sprich.ch\/fr\/wp-json\/wp\/v2\/pages\/8237"}],"wp:attachment":[{"href":"https:\/\/www.sprich.ch\/fr\/wp-json\/wp\/v2\/media?parent=10560"}],"curies":[{"name":"wp","href":"https:\/\/api.w.org\/{rel}","templated":true}]}}