{"id":10534,"date":"2025-09-29T09:02:35","date_gmt":"2025-09-29T09:02:35","guid":{"rendered":"https:\/\/www.sprich.ch\/production-de-volet-fumees\/"},"modified":"2025-12-10T14:17:50","modified_gmt":"2025-12-10T14:17:50","slug":"production-de-volet-fumees","status":"publish","type":"page","link":"https:\/\/www.sprich.ch\/fr\/produits\/production\/production-de-volet-fumees","title":{"rendered":"Production de Volet fum\u00e9es"},"content":{"rendered":"\t\t<div data-elementor-type=\"wp-page\" data-elementor-id=\"10534\" class=\"elementor elementor-10534 elementor-1243\" data-elementor-post-type=\"page\">\n\t\t\t\t<div class=\"elementor-element elementor-element-5e627fd e-con-full e-flex wpr-particle-no wpr-jarallax-no wpr-parallax-no wpr-sticky-section-no wpr-equal-height-no e-con e-parent\" data-id=\"5e627fd\" data-element_type=\"container\" data-e-type=\"container\" data-settings=\"{&quot;background_background&quot;:&quot;classic&quot;}\">\n\t\t\t\t<\/div>\n\t\t<div class=\"elementor-element elementor-element-8adeaf7 e-con-full e-flex wpr-particle-no wpr-jarallax-no wpr-parallax-no wpr-sticky-section-no wpr-equal-height-no e-con e-parent\" data-id=\"8adeaf7\" data-element_type=\"container\" data-e-type=\"container\">\n\t\t\t\t<div class=\"elementor-element elementor-element-25f2299 elementor-widget elementor-widget-spacer\" data-id=\"25f2299\" data-element_type=\"widget\" data-e-type=\"widget\" data-widget_type=\"spacer.default\">\n\t\t\t\t\t\t\t<div class=\"elementor-spacer\">\n\t\t\t<div class=\"elementor-spacer-inner\"><\/div>\n\t\t<\/div>\n\t\t\t\t\t\t<\/div>\n\t\t\t\t<div class=\"elementor-element elementor-element-7f7015a elementor-widget elementor-widget-heading\" data-id=\"7f7015a\" data-element_type=\"widget\" data-e-type=\"widget\" data-widget_type=\"heading.default\">\n\t\t\t\t\t<h2 class=\"elementor-heading-title elementor-size-default\">NOTRE PRODUCTION DE VOLETS FUM\u00c9E<\/h2>\t\t\t\t<\/div>\n\t\t\t\t<div class=\"elementor-element elementor-element-056ca01 elementor-widget-divider--view-line elementor-widget elementor-widget-divider\" data-id=\"056ca01\" data-element_type=\"widget\" data-e-type=\"widget\" data-widget_type=\"divider.default\">\n\t\t\t\t\t\t\t<div class=\"elementor-divider\">\n\t\t\t<span class=\"elementor-divider-separator\">\n\t\t\t\t\t\t<\/span>\n\t\t<\/div>\n\t\t\t\t\t\t<\/div>\n\t\t\t\t<\/div>\n\t\t<div class=\"elementor-element elementor-element-2c844f3 e-con-full e-flex wpr-particle-no wpr-jarallax-no wpr-parallax-no wpr-sticky-section-no wpr-equal-height-no e-con e-parent\" data-id=\"2c844f3\" data-element_type=\"container\" data-e-type=\"container\">\n\t\t<div class=\"elementor-element elementor-element-966ff6f e-con-full e-flex wpr-particle-no wpr-jarallax-no wpr-parallax-no wpr-sticky-section-no wpr-equal-height-no e-con e-child\" data-id=\"966ff6f\" data-element_type=\"container\" data-e-type=\"container\">\n\t\t\t\t<div class=\"elementor-element elementor-element-67c6f1b elementor-widget elementor-widget-text-editor\" data-id=\"67c6f1b\" data-element_type=\"widget\" data-e-type=\"widget\" data-widget_type=\"text-editor.default\">\n\t\t\t\t\t\t\t\t\t<p>\u00c0 Wangen, nous avons augment\u00e9 notre capacit\u00e9 de production et souhaitons vous en donner un aper\u00e7u. Depuis 2022, nous y fabriquons \u00e9galement des \u00e9chelles et des volets de fum\u00e9e. Outre le label \u00ab\u00a0Made in Switzerland\u00a0\u00bb d\u00e9j\u00e0 existant, de nombreux autres avantages s\u2019offrent \u00e0 nos clients :<\/p>\n<ul>\n<li>Fabrication personnalis\u00e9e selon les cotes pr\u00e9cises du client<\/li>\n<li>Enl\u00e8vement des marchandises par le client lui-m\u00eame possible<\/li>\n<li>Montage simple et rapide gr\u00e2ce \u00e0 des produits personnalis\u00e9s<\/li>\n<li>Aucun retard ni aucun passage en douanes requis en raison de l\u2019importation<\/li>\n<li>Traitement des commandes de A \u00e0 Z : conseil, m\u00e9tr\u00e9, dessin, fabrication, livraison, montage et contrat d\u2019entretien optionnel (entretien du volet de fum\u00e9e)<\/li>\n<\/ul>\n<p>Aper\u00e7u de la production :<\/p>\n\t\t\t\t\t\t\t\t<\/div>\n\t\t\t\t<\/div>\n\t\t<div class=\"elementor-element elementor-element-ec25623 e-con-full e-flex wpr-particle-no wpr-jarallax-no wpr-parallax-no wpr-sticky-section-no wpr-equal-height-no e-con e-child\" data-id=\"ec25623\" data-element_type=\"container\" data-e-type=\"container\">\n\t\t\t\t<div class=\"elementor-element elementor-element-74ee599 elementor-widget elementor-widget-image\" data-id=\"74ee599\" data-element_type=\"widget\" data-e-type=\"widget\" data-widget_type=\"image.default\">\n\t\t\t\t\t\t\t\t\t\t\t\t\t\t\t<img fetchpriority=\"high\" decoding=\"async\" width=\"533\" height=\"400\" src=\"https:\/\/www.sprich.ch\/wp-content\/uploads\/2025\/09\/sprich_rauchklappen_produktion_2025_gallery_nr01.jpg\" class=\"attachment-full size-full wp-image-9542\" alt=\"sprich_rauchklappen_produktion_2025_gallery_nr01\" srcset=\"https:\/\/www.sprich.ch\/wp-content\/uploads\/2025\/09\/sprich_rauchklappen_produktion_2025_gallery_nr01.jpg 533w, https:\/\/www.sprich.ch\/wp-content\/uploads\/2025\/09\/sprich_rauchklappen_produktion_2025_gallery_nr01-300x225.jpg 300w\" sizes=\"(max-width: 533px) 100vw, 533px\" \/>\t\t\t\t\t\t\t\t\t\t\t\t\t\t\t<\/div>\n\t\t\t\t<\/div>\n\t\t\t\t<\/div>\n\t\t<div class=\"elementor-element elementor-element-93fd9a0 e-flex e-con-boxed wpr-particle-no wpr-jarallax-no wpr-parallax-no wpr-sticky-section-no wpr-equal-height-no e-con e-parent\" data-id=\"93fd9a0\" data-element_type=\"container\" data-e-type=\"container\">\n\t\t\t\t\t<div class=\"e-con-inner\">\n\t\t\t\t<div class=\"elementor-element elementor-element-defc20f elementor-widget elementor-widget-spacer\" data-id=\"defc20f\" data-element_type=\"widget\" data-e-type=\"widget\" data-widget_type=\"spacer.default\">\n\t\t\t\t\t\t\t<div class=\"elementor-spacer\">\n\t\t\t<div class=\"elementor-spacer-inner\"><\/div>\n\t\t<\/div>\n\t\t\t\t\t\t<\/div>\n\t\t\t\t\t<\/div>\n\t\t\t\t<\/div>\n\t\t\t\t<\/div>\n\t\t","protected":false},"excerpt":{"rendered":"<p>NOTRE PRODUCTION DE VOLETS FUM\u00c9E \u00c0 Wangen, nous avons augment\u00e9 notre capacit\u00e9 de production et souhaitons vous en donner un aper\u00e7u. Depuis 2022, nous y fabriquons \u00e9galement des \u00e9chelles et des volets de fum\u00e9e. Outre le label \u00ab\u00a0Made in Switzerland\u00a0\u00bb d\u00e9j\u00e0 existant, de nombreux autres avantages s\u2019offrent \u00e0 nos clients : Fabrication personnalis\u00e9e selon les cotes pr\u00e9cises du client Enl\u00e8vement des marchandises par le client lui-m\u00eame possible Montage simple et rapide gr\u00e2ce \u00e0 des produits personnalis\u00e9s Aucun retard ni aucun passage en douanes requis en raison de l\u2019importation Traitement des commandes de A \u00e0 Z : conseil, m\u00e9tr\u00e9, dessin, fabrication, livraison, montage et contrat d\u2019entretien optionnel (entretien du volet de fum\u00e9e) Aper\u00e7u de la production :<\/p>\n","protected":false},"author":1,"featured_media":0,"parent":8218,"menu_order":0,"comment_status":"closed","ping_status":"closed","template":"elementor_header_footer","meta":{"footnotes":""},"class_list":["post-10534","page","type-page","status-publish","hentry","entry"],"yoast_head":"<!-- This site is optimized with the Yoast SEO Premium plugin v27.4 (Yoast SEO v27.5) - https:\/\/yoast.com\/product\/yoast-seo-premium-wordpress\/ -->\n<title>Production de Volet fum\u00e9es - SPRICH<\/title>\n<meta name=\"description\" content=\"Aper\u00e7u de la production des Volet fum\u00e9es : fabrication sur mesure, montage rapide et accompagnement complet \u2013 du conseil au service.\" \/>\n<meta name=\"robots\" content=\"index, follow, max-snippet:-1, max-image-preview:large, max-video-preview:-1\" \/>\n<link rel=\"canonical\" href=\"https:\/\/www.sprich.ch\/fr\/produits\/production\/production-de-volet-fumees\" \/>\n<meta property=\"og:locale\" content=\"fr_FR\" \/>\n<meta property=\"og:type\" content=\"article\" \/>\n<meta property=\"og:title\" content=\"Production de Volet fum\u00e9es\" \/>\n<meta property=\"og:description\" content=\"Aper\u00e7u de la production des Volet fum\u00e9es : fabrication sur mesure, montage rapide et accompagnement complet \u2013 du conseil au service.\" \/>\n<meta property=\"og:url\" content=\"https:\/\/www.sprich.ch\/fr\/produits\/production\/production-de-volet-fumees\" \/>\n<meta property=\"og:site_name\" content=\"SPRICH\" \/>\n<meta property=\"article:modified_time\" content=\"2025-12-10T14:17:50+00:00\" \/>\n<meta property=\"og:image\" content=\"https:\/\/www.sprich.ch\/wp-content\/uploads\/2025\/09\/sprich_rauchklappen_produktion_2025_gallery_nr01.jpg\" \/>\n\t<meta property=\"og:image:width\" content=\"533\" \/>\n\t<meta property=\"og:image:height\" content=\"400\" \/>\n\t<meta property=\"og:image:type\" content=\"image\/jpeg\" \/>\n<meta name=\"twitter:card\" content=\"summary_large_image\" \/>\n<meta name=\"twitter:label1\" content=\"Dur\u00e9e de lecture estim\u00e9e\" \/>\n\t<meta name=\"twitter:data1\" content=\"1 minute\" \/>\n<script type=\"application\/ld+json\" class=\"yoast-schema-graph\">{\"@context\":\"https:\\\/\\\/schema.org\",\"@graph\":[{\"@type\":\"WebPage\",\"@id\":\"https:\\\/\\\/www.sprich.ch\\\/fr\\\/produits\\\/production\\\/production-de-volet-fumees\",\"url\":\"https:\\\/\\\/www.sprich.ch\\\/fr\\\/produits\\\/production\\\/production-de-volet-fumees\",\"name\":\"Production de Volet fum\u00e9es - SPRICH\",\"isPartOf\":{\"@id\":\"https:\\\/\\\/www.sprich.ch\\\/fr#website\"},\"primaryImageOfPage\":{\"@id\":\"https:\\\/\\\/www.sprich.ch\\\/fr\\\/produits\\\/production\\\/production-de-volet-fumees#primaryimage\"},\"image\":{\"@id\":\"https:\\\/\\\/www.sprich.ch\\\/fr\\\/produits\\\/production\\\/production-de-volet-fumees#primaryimage\"},\"thumbnailUrl\":\"https:\\\/\\\/www.sprich.ch\\\/wp-content\\\/uploads\\\/2025\\\/09\\\/sprich_rauchklappen_produktion_2025_gallery_nr01.jpg\",\"datePublished\":\"2025-09-29T09:02:35+00:00\",\"dateModified\":\"2025-12-10T14:17:50+00:00\",\"description\":\"Aper\u00e7u de la production des Volet fum\u00e9es : fabrication sur mesure, montage rapide et accompagnement complet \u2013 du conseil au service.\",\"breadcrumb\":{\"@id\":\"https:\\\/\\\/www.sprich.ch\\\/fr\\\/produits\\\/production\\\/production-de-volet-fumees#breadcrumb\"},\"inLanguage\":\"fr-FR\",\"potentialAction\":[{\"@type\":\"ReadAction\",\"target\":[\"https:\\\/\\\/www.sprich.ch\\\/fr\\\/produits\\\/production\\\/production-de-volet-fumees\"]}]},{\"@type\":\"ImageObject\",\"inLanguage\":\"fr-FR\",\"@id\":\"https:\\\/\\\/www.sprich.ch\\\/fr\\\/produits\\\/production\\\/production-de-volet-fumees#primaryimage\",\"url\":\"https:\\\/\\\/www.sprich.ch\\\/wp-content\\\/uploads\\\/2025\\\/09\\\/sprich_rauchklappen_produktion_2025_gallery_nr01.jpg\",\"contentUrl\":\"https:\\\/\\\/www.sprich.ch\\\/wp-content\\\/uploads\\\/2025\\\/09\\\/sprich_rauchklappen_produktion_2025_gallery_nr01.jpg\"},{\"@type\":\"BreadcrumbList\",\"@id\":\"https:\\\/\\\/www.sprich.ch\\\/fr\\\/produits\\\/production\\\/production-de-volet-fumees#breadcrumb\",\"itemListElement\":[{\"@type\":\"ListItem\",\"position\":1,\"name\":\"Home\",\"item\":\"https:\\\/\\\/www.sprich.ch\\\/fr\"},{\"@type\":\"ListItem\",\"position\":2,\"name\":\"Nos produits\",\"item\":\"https:\\\/\\\/www.sprich.ch\\\/fr\\\/produkte\"},{\"@type\":\"ListItem\",\"position\":3,\"name\":\"Production\",\"item\":\"https:\\\/\\\/www.sprich.ch\\\/fr\\\/produkte\\\/produktionen\"},{\"@type\":\"ListItem\",\"position\":4,\"name\":\"Production de Volet fum\u00e9es\"}]},{\"@type\":\"WebSite\",\"@id\":\"https:\\\/\\\/www.sprich.ch\\\/fr#website\",\"url\":\"https:\\\/\\\/www.sprich.ch\\\/fr\",\"name\":\"SPRICH\",\"description\":\"Gitterroste, Leitern, Treppen\",\"publisher\":{\"@id\":\"https:\\\/\\\/www.sprich.ch\\\/fr#organization\"},\"potentialAction\":[{\"@type\":\"SearchAction\",\"target\":{\"@type\":\"EntryPoint\",\"urlTemplate\":\"https:\\\/\\\/www.sprich.ch\\\/fr?s={search_term_string}\"},\"query-input\":{\"@type\":\"PropertyValueSpecification\",\"valueRequired\":true,\"valueName\":\"search_term_string\"}}],\"inLanguage\":\"fr-FR\"},{\"@type\":\"Organization\",\"@id\":\"https:\\\/\\\/www.sprich.ch\\\/fr#organization\",\"name\":\"SPRICH\",\"url\":\"https:\\\/\\\/www.sprich.ch\\\/fr\",\"logo\":{\"@type\":\"ImageObject\",\"inLanguage\":\"fr-FR\",\"@id\":\"https:\\\/\\\/www.sprich.ch\\\/fr#\\\/schema\\\/logo\\\/image\\\/\",\"url\":\"https:\\\/\\\/www.sprich.ch\\\/wp-content\\\/uploads\\\/2025\\\/09\\\/Sprich_Logo_rgb_pos_quer_600dpi-1-scaled.png\",\"contentUrl\":\"https:\\\/\\\/www.sprich.ch\\\/wp-content\\\/uploads\\\/2025\\\/09\\\/Sprich_Logo_rgb_pos_quer_600dpi-1-scaled.png\",\"width\":2560,\"height\":695,\"caption\":\"SPRICH\"},\"image\":{\"@id\":\"https:\\\/\\\/www.sprich.ch\\\/fr#\\\/schema\\\/logo\\\/image\\\/\"}}]}<\/script>\n<!-- \/ Yoast SEO Premium plugin. -->","yoast_head_json":{"title":"Production de Volet fum\u00e9es - SPRICH","description":"Aper\u00e7u de la production des Volet fum\u00e9es : fabrication sur mesure, montage rapide et accompagnement complet \u2013 du conseil au service.","robots":{"index":"index","follow":"follow","max-snippet":"max-snippet:-1","max-image-preview":"max-image-preview:large","max-video-preview":"max-video-preview:-1"},"canonical":"https:\/\/www.sprich.ch\/fr\/produits\/production\/production-de-volet-fumees","og_locale":"fr_FR","og_type":"article","og_title":"Production de Volet fum\u00e9es","og_description":"Aper\u00e7u de la production des Volet fum\u00e9es : fabrication sur mesure, montage rapide et accompagnement complet \u2013 du conseil au service.","og_url":"https:\/\/www.sprich.ch\/fr\/produits\/production\/production-de-volet-fumees","og_site_name":"SPRICH","article_modified_time":"2025-12-10T14:17:50+00:00","og_image":[{"width":533,"height":400,"url":"https:\/\/www.sprich.ch\/wp-content\/uploads\/2025\/09\/sprich_rauchklappen_produktion_2025_gallery_nr01.jpg","type":"image\/jpeg"}],"twitter_card":"summary_large_image","twitter_misc":{"Dur\u00e9e de lecture estim\u00e9e":"1 minute"},"schema":{"@context":"https:\/\/schema.org","@graph":[{"@type":"WebPage","@id":"https:\/\/www.sprich.ch\/fr\/produits\/production\/production-de-volet-fumees","url":"https:\/\/www.sprich.ch\/fr\/produits\/production\/production-de-volet-fumees","name":"Production de Volet fum\u00e9es - SPRICH","isPartOf":{"@id":"https:\/\/www.sprich.ch\/fr#website"},"primaryImageOfPage":{"@id":"https:\/\/www.sprich.ch\/fr\/produits\/production\/production-de-volet-fumees#primaryimage"},"image":{"@id":"https:\/\/www.sprich.ch\/fr\/produits\/production\/production-de-volet-fumees#primaryimage"},"thumbnailUrl":"https:\/\/www.sprich.ch\/wp-content\/uploads\/2025\/09\/sprich_rauchklappen_produktion_2025_gallery_nr01.jpg","datePublished":"2025-09-29T09:02:35+00:00","dateModified":"2025-12-10T14:17:50+00:00","description":"Aper\u00e7u de la production des Volet fum\u00e9es : fabrication sur mesure, montage rapide et accompagnement complet \u2013 du conseil au service.","breadcrumb":{"@id":"https:\/\/www.sprich.ch\/fr\/produits\/production\/production-de-volet-fumees#breadcrumb"},"inLanguage":"fr-FR","potentialAction":[{"@type":"ReadAction","target":["https:\/\/www.sprich.ch\/fr\/produits\/production\/production-de-volet-fumees"]}]},{"@type":"ImageObject","inLanguage":"fr-FR","@id":"https:\/\/www.sprich.ch\/fr\/produits\/production\/production-de-volet-fumees#primaryimage","url":"https:\/\/www.sprich.ch\/wp-content\/uploads\/2025\/09\/sprich_rauchklappen_produktion_2025_gallery_nr01.jpg","contentUrl":"https:\/\/www.sprich.ch\/wp-content\/uploads\/2025\/09\/sprich_rauchklappen_produktion_2025_gallery_nr01.jpg"},{"@type":"BreadcrumbList","@id":"https:\/\/www.sprich.ch\/fr\/produits\/production\/production-de-volet-fumees#breadcrumb","itemListElement":[{"@type":"ListItem","position":1,"name":"Home","item":"https:\/\/www.sprich.ch\/fr"},{"@type":"ListItem","position":2,"name":"Nos produits","item":"https:\/\/www.sprich.ch\/fr\/produkte"},{"@type":"ListItem","position":3,"name":"Production","item":"https:\/\/www.sprich.ch\/fr\/produkte\/produktionen"},{"@type":"ListItem","position":4,"name":"Production de Volet fum\u00e9es"}]},{"@type":"WebSite","@id":"https:\/\/www.sprich.ch\/fr#website","url":"https:\/\/www.sprich.ch\/fr","name":"SPRICH","description":"Gitterroste, Leitern, Treppen","publisher":{"@id":"https:\/\/www.sprich.ch\/fr#organization"},"potentialAction":[{"@type":"SearchAction","target":{"@type":"EntryPoint","urlTemplate":"https:\/\/www.sprich.ch\/fr?s={search_term_string}"},"query-input":{"@type":"PropertyValueSpecification","valueRequired":true,"valueName":"search_term_string"}}],"inLanguage":"fr-FR"},{"@type":"Organization","@id":"https:\/\/www.sprich.ch\/fr#organization","name":"SPRICH","url":"https:\/\/www.sprich.ch\/fr","logo":{"@type":"ImageObject","inLanguage":"fr-FR","@id":"https:\/\/www.sprich.ch\/fr#\/schema\/logo\/image\/","url":"https:\/\/www.sprich.ch\/wp-content\/uploads\/2025\/09\/Sprich_Logo_rgb_pos_quer_600dpi-1-scaled.png","contentUrl":"https:\/\/www.sprich.ch\/wp-content\/uploads\/2025\/09\/Sprich_Logo_rgb_pos_quer_600dpi-1-scaled.png","width":2560,"height":695,"caption":"SPRICH"},"image":{"@id":"https:\/\/www.sprich.ch\/fr#\/schema\/logo\/image\/"}}]}},"_links":{"self":[{"href":"https:\/\/www.sprich.ch\/fr\/wp-json\/wp\/v2\/pages\/10534","targetHints":{"allow":["GET"]}}],"collection":[{"href":"https:\/\/www.sprich.ch\/fr\/wp-json\/wp\/v2\/pages"}],"about":[{"href":"https:\/\/www.sprich.ch\/fr\/wp-json\/wp\/v2\/types\/page"}],"author":[{"embeddable":true,"href":"https:\/\/www.sprich.ch\/fr\/wp-json\/wp\/v2\/users\/1"}],"replies":[{"embeddable":true,"href":"https:\/\/www.sprich.ch\/fr\/wp-json\/wp\/v2\/comments?post=10534"}],"version-history":[{"count":4,"href":"https:\/\/www.sprich.ch\/fr\/wp-json\/wp\/v2\/pages\/10534\/revisions"}],"predecessor-version":[{"id":20270,"href":"https:\/\/www.sprich.ch\/fr\/wp-json\/wp\/v2\/pages\/10534\/revisions\/20270"}],"up":[{"embeddable":true,"href":"https:\/\/www.sprich.ch\/fr\/wp-json\/wp\/v2\/pages\/8218"}],"wp:attachment":[{"href":"https:\/\/www.sprich.ch\/fr\/wp-json\/wp\/v2\/media?parent=10534"}],"curies":[{"name":"wp","href":"https:\/\/api.w.org\/{rel}","templated":true}]}}