{"id":10495,"date":"2025-09-26T11:25:34","date_gmt":"2025-09-26T11:25:34","guid":{"rendered":"https:\/\/www.sprich.ch\/grilles\/"},"modified":"2026-03-13T14:16:00","modified_gmt":"2026-03-13T14:16:00","slug":"grillage","status":"publish","type":"page","link":"https:\/\/www.sprich.ch\/fr\/produits\/grillage","title":{"rendered":"Grillage"},"content":{"rendered":"\t\t<div data-elementor-type=\"wp-page\" data-elementor-id=\"10495\" class=\"elementor elementor-10495 elementor-1098\" data-elementor-post-type=\"page\">\n\t\t\t\t<div class=\"elementor-element elementor-element-eb2380b e-con-full e-flex wpr-particle-no wpr-jarallax-no wpr-parallax-no wpr-sticky-section-no wpr-equal-height-no e-con e-parent\" data-id=\"eb2380b\" data-element_type=\"container\" data-e-type=\"container\" data-settings=\"{&quot;background_background&quot;:&quot;classic&quot;}\">\n\t\t\t\t<\/div>\n\t\t<div class=\"elementor-element elementor-element-ef12e16 e-con-full e-flex wpr-particle-no wpr-jarallax-no wpr-parallax-no wpr-sticky-section-no wpr-equal-height-no e-con e-parent\" data-id=\"ef12e16\" data-element_type=\"container\" data-e-type=\"container\">\n\t\t\t\t<div class=\"elementor-element elementor-element-897d5eb elementor-widget elementor-widget-spacer\" data-id=\"897d5eb\" data-element_type=\"widget\" data-e-type=\"widget\" data-widget_type=\"spacer.default\">\n\t\t\t\t\t\t\t<div class=\"elementor-spacer\">\n\t\t\t<div class=\"elementor-spacer-inner\"><\/div>\n\t\t<\/div>\n\t\t\t\t\t\t<\/div>\n\t\t\t\t<div class=\"elementor-element elementor-element-a123c98 elementor-widget elementor-widget-heading\" data-id=\"a123c98\" data-element_type=\"widget\" data-e-type=\"widget\" data-widget_type=\"heading.default\">\n\t\t\t\t\t<h2 class=\"elementor-heading-title elementor-size-default\">NOS GRILLAGE <\/h2>\t\t\t\t<\/div>\n\t\t\t\t<div class=\"elementor-element elementor-element-9753a52 elementor-widget-divider--view-line elementor-widget elementor-widget-divider\" data-id=\"9753a52\" data-element_type=\"widget\" data-e-type=\"widget\" data-widget_type=\"divider.default\">\n\t\t\t\t\t\t\t<div class=\"elementor-divider\">\n\t\t\t<span class=\"elementor-divider-separator\">\n\t\t\t\t\t\t<\/span>\n\t\t<\/div>\n\t\t\t\t\t\t<\/div>\n\t\t\t\t<div class=\"elementor-element elementor-element-a446ee4 elementor-widget elementor-widget-text-editor\" data-id=\"a446ee4\" data-element_type=\"widget\" data-e-type=\"widget\" data-widget_type=\"text-editor.default\">\n\t\t\t\t\t\t\t\t\t<p>Nos grilles s\u00e9duisent par leur polyvalence et leur stabilit\u00e9. Qu\u2019il s\u2019agisse de grilles soud\u00e9es ou de grillages ondul\u00e9s, nous proposons diff\u00e9rents mod\u00e8les, du fil nu \u00e0 l\u2019acier inoxydable en passant par le galvanis\u00e9.<\/p>\n<p>Gr\u00e2ce \u00e0 des adaptations individuelles, les grilles peuvent \u00eatre adapt\u00e9es de mani\u00e8re optimale \u00e0 vos besoins. Id\u00e9al pour la construction de cl\u00f4tures, de gabions ou de solutions de protection et de s\u00e9paration.<\/p>\n\t\t\t\t\t\t\t\t<\/div>\n\t\t<div class=\"elementor-element elementor-element-82e6760 e-grid e-con-full wpr-particle-no wpr-jarallax-no wpr-parallax-no wpr-sticky-section-no wpr-equal-height-no e-con e-child\" data-id=\"82e6760\" data-element_type=\"container\" data-e-type=\"container\">\n\t\t<div class=\"elementor-element elementor-element-bde2753 e-con-full e-flex wpr-particle-no wpr-jarallax-no wpr-parallax-no wpr-sticky-section-no wpr-equal-height-no e-con e-child\" data-id=\"bde2753\" data-element_type=\"container\" data-e-type=\"container\">\n\t\t\t\t<div class=\"elementor-element elementor-element-df27b9c elementor-widget elementor-widget-image\" data-id=\"df27b9c\" data-element_type=\"widget\" data-e-type=\"widget\" data-widget_type=\"image.default\">\n\t\t\t\t\t\t\t\t\t\t\t\t\t\t\t\t<a href=\"https:\/\/www.sprich.ch\/fr\/produits\/grilles\/grilles-soudees\/\">\n\t\t\t\t\t\t\t<img fetchpriority=\"high\" decoding=\"async\" width=\"1024\" height=\"1024\" src=\"https:\/\/www.sprich.ch\/wp-content\/uploads\/2025\/09\/sprich_punktschweissgitter_nr01_2025-1024x1024.jpg\" class=\"attachment-large size-large wp-image-9815\" alt=\"sprich_punktschweissgitter_nr01_2025\" srcset=\"https:\/\/www.sprich.ch\/wp-content\/uploads\/2025\/09\/sprich_punktschweissgitter_nr01_2025-1024x1024.jpg 1024w, https:\/\/www.sprich.ch\/wp-content\/uploads\/2025\/09\/sprich_punktschweissgitter_nr01_2025-300x300.jpg 300w, https:\/\/www.sprich.ch\/wp-content\/uploads\/2025\/09\/sprich_punktschweissgitter_nr01_2025-150x150.jpg 150w, https:\/\/www.sprich.ch\/wp-content\/uploads\/2025\/09\/sprich_punktschweissgitter_nr01_2025-768x768.jpg 768w, https:\/\/www.sprich.ch\/wp-content\/uploads\/2025\/09\/sprich_punktschweissgitter_nr01_2025-600x600.jpg 600w, https:\/\/www.sprich.ch\/wp-content\/uploads\/2025\/09\/sprich_punktschweissgitter_nr01_2025.jpg 1200w\" sizes=\"(max-width: 1024px) 100vw, 1024px\" \/>\t\t\t\t\t\t\t\t<\/a>\n\t\t\t\t\t\t\t\t\t\t\t\t\t\t\t<\/div>\n\t\t\t\t<div class=\"elementor-element elementor-element-fce6393 elementor-widget elementor-widget-button\" data-id=\"fce6393\" data-element_type=\"widget\" data-e-type=\"widget\" data-widget_type=\"button.default\">\n\t\t\t\t\t\t\t\t\t\t<a class=\"elementor-button elementor-button-link elementor-size-sm\" href=\"https:\/\/www.sprich.ch\/fr\/produits\/grilles\/grilles-soudees\/\">\n\t\t\t\t\t\t<span class=\"elementor-button-content-wrapper\">\n\t\t\t\t\t\t<span class=\"elementor-button-icon\">\n\t\t\t\t<svg aria-hidden=\"true\" class=\"e-font-icon-svg e-fas-chevron-right\" viewBox=\"0 0 320 512\" xmlns=\"http:\/\/www.w3.org\/2000\/svg\"><path d=\"M285.476 272.971L91.132 467.314c-9.373 9.373-24.569 9.373-33.941 0l-22.667-22.667c-9.357-9.357-9.375-24.522-.04-33.901L188.505 256 34.484 101.255c-9.335-9.379-9.317-24.544.04-33.901l22.667-22.667c9.373-9.373 24.569-9.373 33.941 0L285.475 239.03c9.373 9.372 9.373 24.568.001 33.941z\"><\/path><\/svg>\t\t\t<\/span>\n\t\t\t\t\t\t\t\t\t<span class=\"elementor-button-text\">GRILLES SOUD\u00c9ES<\/span>\n\t\t\t\t\t<\/span>\n\t\t\t\t\t<\/a>\n\t\t\t\t\t\t\t\t<\/div>\n\t\t\t\t<\/div>\n\t\t<div class=\"elementor-element elementor-element-bd8abf3 e-con-full e-flex wpr-particle-no wpr-jarallax-no wpr-parallax-no wpr-sticky-section-no wpr-equal-height-no e-con e-child\" data-id=\"bd8abf3\" data-element_type=\"container\" data-e-type=\"container\">\n\t\t\t\t<div class=\"elementor-element elementor-element-8239fd8 elementor-widget elementor-widget-image\" data-id=\"8239fd8\" data-element_type=\"widget\" data-e-type=\"widget\" data-widget_type=\"image.default\">\n\t\t\t\t\t\t\t\t\t\t\t\t\t\t\t\t<a href=\"https:\/\/www.sprich.ch\/fr\/produits\/grillage\/grillage-soudees\/grillage-ondule\">\n\t\t\t\t\t\t\t<img decoding=\"async\" width=\"1024\" height=\"1024\" src=\"https:\/\/www.sprich.ch\/wp-content\/uploads\/2026\/02\/115_25_Sprich_Wellengitter-1200x1200-1-1024x1024.jpg\" class=\"attachment-large size-large wp-image-30601\" alt=\"\" srcset=\"https:\/\/www.sprich.ch\/wp-content\/uploads\/2026\/02\/115_25_Sprich_Wellengitter-1200x1200-1-1024x1024.jpg 1024w, https:\/\/www.sprich.ch\/wp-content\/uploads\/2026\/02\/115_25_Sprich_Wellengitter-1200x1200-1-300x300.jpg 300w, https:\/\/www.sprich.ch\/wp-content\/uploads\/2026\/02\/115_25_Sprich_Wellengitter-1200x1200-1-150x150.jpg 150w, https:\/\/www.sprich.ch\/wp-content\/uploads\/2026\/02\/115_25_Sprich_Wellengitter-1200x1200-1-768x768.jpg 768w, https:\/\/www.sprich.ch\/wp-content\/uploads\/2026\/02\/115_25_Sprich_Wellengitter-1200x1200-1-600x600.jpg 600w, https:\/\/www.sprich.ch\/wp-content\/uploads\/2026\/02\/115_25_Sprich_Wellengitter-1200x1200-1.jpg 1200w\" sizes=\"(max-width: 1024px) 100vw, 1024px\" \/>\t\t\t\t\t\t\t\t<\/a>\n\t\t\t\t\t\t\t\t\t\t\t\t\t\t\t<\/div>\n\t\t\t\t<div class=\"elementor-element elementor-element-a5c7c73 elementor-widget elementor-widget-button\" data-id=\"a5c7c73\" data-element_type=\"widget\" data-e-type=\"widget\" data-widget_type=\"button.default\">\n\t\t\t\t\t\t\t\t\t\t<a class=\"elementor-button elementor-button-link elementor-size-sm\" href=\"https:\/\/www.sprich.ch\/fr\/produits\/grillage\/grillage-soudees\/grillage-ondule\">\n\t\t\t\t\t\t<span class=\"elementor-button-content-wrapper\">\n\t\t\t\t\t\t<span class=\"elementor-button-icon\">\n\t\t\t\t<svg aria-hidden=\"true\" class=\"e-font-icon-svg e-fas-chevron-right\" viewBox=\"0 0 320 512\" xmlns=\"http:\/\/www.w3.org\/2000\/svg\"><path d=\"M285.476 272.971L91.132 467.314c-9.373 9.373-24.569 9.373-33.941 0l-22.667-22.667c-9.357-9.357-9.375-24.522-.04-33.901L188.505 256 34.484 101.255c-9.335-9.379-9.317-24.544.04-33.901l22.667-22.667c9.373-9.373 24.569-9.373 33.941 0L285.475 239.03c9.373 9.372 9.373 24.568.001 33.941z\"><\/path><\/svg>\t\t\t<\/span>\n\t\t\t\t\t\t\t\t\t<span class=\"elementor-button-text\">GRILLAGE ONDUL\u00c9<\/span>\n\t\t\t\t\t<\/span>\n\t\t\t\t\t<\/a>\n\t\t\t\t\t\t\t\t<\/div>\n\t\t\t\t<\/div>\n\t\t\t\t<\/div>\n\t\t\t\t<div class=\"elementor-element elementor-element-4b1a053 elementor-widget elementor-widget-spacer\" data-id=\"4b1a053\" data-element_type=\"widget\" data-e-type=\"widget\" data-widget_type=\"spacer.default\">\n\t\t\t\t\t\t\t<div class=\"elementor-spacer\">\n\t\t\t<div class=\"elementor-spacer-inner\"><\/div>\n\t\t<\/div>\n\t\t\t\t\t\t<\/div>\n\t\t\t\t<\/div>\n\t\t\t\t<\/div>\n\t\t","protected":false},"excerpt":{"rendered":"<p>NOS GRILLAGE Nos grilles s\u00e9duisent par leur polyvalence et leur stabilit\u00e9. Qu\u2019il s\u2019agisse de grilles soud\u00e9es ou de grillages ondul\u00e9s, nous proposons diff\u00e9rents mod\u00e8les, du fil nu \u00e0 l\u2019acier inoxydable en passant par le galvanis\u00e9. Gr\u00e2ce \u00e0 des adaptations individuelles, les grilles peuvent \u00eatre adapt\u00e9es de mani\u00e8re optimale \u00e0 vos besoins. Id\u00e9al pour la construction de cl\u00f4tures, de gabions ou de solutions de protection et de s\u00e9paration. GRILLES SOUD\u00c9ES GRILLAGE ONDUL\u00c9<\/p>\n","protected":false},"author":1,"featured_media":0,"parent":10629,"menu_order":0,"comment_status":"closed","ping_status":"closed","template":"elementor_header_footer","meta":{"footnotes":""},"class_list":["post-10495","page","type-page","status-publish","hentry","entry"],"yoast_head":"<!-- This site is optimized with the Yoast SEO Premium plugin v27.4 (Yoast SEO v27.5) - https:\/\/yoast.com\/product\/yoast-seo-premium-wordpress\/ -->\n<title>Grillage - SPRICH<\/title>\n<meta name=\"description\" content=\"Les grilles de SPRICH offrent des solutions polyvalentes et stables, en version brute, galvanis\u00e9e ou en acier inoxydable \u2013 id\u00e9als pour la construction de cl\u00f4tures, les gabions ainsi que pour les syst\u00e8mes de protection et de s\u00e9paration, adaptables individuellement \u00e0 vos besoins.\" \/>\n<meta name=\"robots\" content=\"index, follow, max-snippet:-1, max-image-preview:large, max-video-preview:-1\" \/>\n<link rel=\"canonical\" href=\"https:\/\/www.sprich.ch\/fr\/produits\/grillage\" \/>\n<meta property=\"og:locale\" content=\"fr_FR\" \/>\n<meta property=\"og:type\" content=\"article\" \/>\n<meta property=\"og:title\" content=\"Grillage\" \/>\n<meta property=\"og:description\" content=\"Les grilles de SPRICH offrent des solutions polyvalentes et stables, en version brute, galvanis\u00e9e ou en acier inoxydable \u2013 id\u00e9als pour la construction de cl\u00f4tures, les gabions ainsi que pour les syst\u00e8mes de protection et de s\u00e9paration, adaptables individuellement \u00e0 vos besoins.\" \/>\n<meta property=\"og:url\" content=\"https:\/\/www.sprich.ch\/fr\/produits\/grillage\" \/>\n<meta property=\"og:site_name\" content=\"SPRICH\" \/>\n<meta property=\"article:modified_time\" content=\"2026-03-13T14:16:00+00:00\" \/>\n<meta property=\"og:image\" content=\"https:\/\/www.sprich.ch\/wp-content\/uploads\/2025\/09\/sprich_punktschweissgitter_nr01_2025.jpg\" \/>\n\t<meta property=\"og:image:width\" content=\"1200\" \/>\n\t<meta property=\"og:image:height\" content=\"1200\" \/>\n\t<meta property=\"og:image:type\" content=\"image\/jpeg\" \/>\n<meta name=\"twitter:card\" content=\"summary_large_image\" \/>\n<script type=\"application\/ld+json\" class=\"yoast-schema-graph\">{\"@context\":\"https:\\\/\\\/schema.org\",\"@graph\":[{\"@type\":\"WebPage\",\"@id\":\"https:\\\/\\\/www.sprich.ch\\\/fr\\\/produits\\\/grillage\",\"url\":\"https:\\\/\\\/www.sprich.ch\\\/fr\\\/produits\\\/grillage\",\"name\":\"Grillage - SPRICH\",\"isPartOf\":{\"@id\":\"https:\\\/\\\/www.sprich.ch\\\/fr#website\"},\"primaryImageOfPage\":{\"@id\":\"https:\\\/\\\/www.sprich.ch\\\/fr\\\/produits\\\/grillage#primaryimage\"},\"image\":{\"@id\":\"https:\\\/\\\/www.sprich.ch\\\/fr\\\/produits\\\/grillage#primaryimage\"},\"thumbnailUrl\":\"https:\\\/\\\/www.sprich.ch\\\/wp-content\\\/uploads\\\/2025\\\/09\\\/sprich_punktschweissgitter_nr01_2025-1024x1024.jpg\",\"datePublished\":\"2025-09-26T11:25:34+00:00\",\"dateModified\":\"2026-03-13T14:16:00+00:00\",\"description\":\"Les grilles de SPRICH offrent des solutions polyvalentes et stables, en version brute, galvanis\u00e9e ou en acier inoxydable \u2013 id\u00e9als pour la construction de cl\u00f4tures, les gabions ainsi que pour les syst\u00e8mes de protection et de s\u00e9paration, adaptables individuellement \u00e0 vos besoins.\",\"breadcrumb\":{\"@id\":\"https:\\\/\\\/www.sprich.ch\\\/fr\\\/produits\\\/grillage#breadcrumb\"},\"inLanguage\":\"fr-FR\",\"potentialAction\":[{\"@type\":\"ReadAction\",\"target\":[\"https:\\\/\\\/www.sprich.ch\\\/fr\\\/produits\\\/grillage\"]}]},{\"@type\":\"ImageObject\",\"inLanguage\":\"fr-FR\",\"@id\":\"https:\\\/\\\/www.sprich.ch\\\/fr\\\/produits\\\/grillage#primaryimage\",\"url\":\"https:\\\/\\\/www.sprich.ch\\\/wp-content\\\/uploads\\\/2025\\\/09\\\/sprich_punktschweissgitter_nr01_2025-1024x1024.jpg\",\"contentUrl\":\"https:\\\/\\\/www.sprich.ch\\\/wp-content\\\/uploads\\\/2025\\\/09\\\/sprich_punktschweissgitter_nr01_2025-1024x1024.jpg\"},{\"@type\":\"BreadcrumbList\",\"@id\":\"https:\\\/\\\/www.sprich.ch\\\/fr\\\/produits\\\/grillage#breadcrumb\",\"itemListElement\":[{\"@type\":\"ListItem\",\"position\":1,\"name\":\"Home\",\"item\":\"https:\\\/\\\/www.sprich.ch\\\/fr\"},{\"@type\":\"ListItem\",\"position\":2,\"name\":\"Nos produits\",\"item\":\"https:\\\/\\\/www.sprich.ch\\\/fr\\\/produkte\"},{\"@type\":\"ListItem\",\"position\":3,\"name\":\"Grillage\"}]},{\"@type\":\"WebSite\",\"@id\":\"https:\\\/\\\/www.sprich.ch\\\/fr#website\",\"url\":\"https:\\\/\\\/www.sprich.ch\\\/fr\",\"name\":\"SPRICH\",\"description\":\"Gitterroste, Leitern, Treppen\",\"publisher\":{\"@id\":\"https:\\\/\\\/www.sprich.ch\\\/fr#organization\"},\"potentialAction\":[{\"@type\":\"SearchAction\",\"target\":{\"@type\":\"EntryPoint\",\"urlTemplate\":\"https:\\\/\\\/www.sprich.ch\\\/fr?s={search_term_string}\"},\"query-input\":{\"@type\":\"PropertyValueSpecification\",\"valueRequired\":true,\"valueName\":\"search_term_string\"}}],\"inLanguage\":\"fr-FR\"},{\"@type\":\"Organization\",\"@id\":\"https:\\\/\\\/www.sprich.ch\\\/fr#organization\",\"name\":\"SPRICH\",\"url\":\"https:\\\/\\\/www.sprich.ch\\\/fr\",\"logo\":{\"@type\":\"ImageObject\",\"inLanguage\":\"fr-FR\",\"@id\":\"https:\\\/\\\/www.sprich.ch\\\/fr#\\\/schema\\\/logo\\\/image\\\/\",\"url\":\"https:\\\/\\\/www.sprich.ch\\\/wp-content\\\/uploads\\\/2025\\\/09\\\/Sprich_Logo_rgb_pos_quer_600dpi-1-scaled.png\",\"contentUrl\":\"https:\\\/\\\/www.sprich.ch\\\/wp-content\\\/uploads\\\/2025\\\/09\\\/Sprich_Logo_rgb_pos_quer_600dpi-1-scaled.png\",\"width\":2560,\"height\":695,\"caption\":\"SPRICH\"},\"image\":{\"@id\":\"https:\\\/\\\/www.sprich.ch\\\/fr#\\\/schema\\\/logo\\\/image\\\/\"}}]}<\/script>\n<!-- \/ Yoast SEO Premium plugin. -->","yoast_head_json":{"title":"Grillage - SPRICH","description":"Les grilles de SPRICH offrent des solutions polyvalentes et stables, en version brute, galvanis\u00e9e ou en acier inoxydable \u2013 id\u00e9als pour la construction de cl\u00f4tures, les gabions ainsi que pour les syst\u00e8mes de protection et de s\u00e9paration, adaptables individuellement \u00e0 vos besoins.","robots":{"index":"index","follow":"follow","max-snippet":"max-snippet:-1","max-image-preview":"max-image-preview:large","max-video-preview":"max-video-preview:-1"},"canonical":"https:\/\/www.sprich.ch\/fr\/produits\/grillage","og_locale":"fr_FR","og_type":"article","og_title":"Grillage","og_description":"Les grilles de SPRICH offrent des solutions polyvalentes et stables, en version brute, galvanis\u00e9e ou en acier inoxydable \u2013 id\u00e9als pour la construction de cl\u00f4tures, les gabions ainsi que pour les syst\u00e8mes de protection et de s\u00e9paration, adaptables individuellement \u00e0 vos besoins.","og_url":"https:\/\/www.sprich.ch\/fr\/produits\/grillage","og_site_name":"SPRICH","article_modified_time":"2026-03-13T14:16:00+00:00","og_image":[{"width":1200,"height":1200,"url":"https:\/\/www.sprich.ch\/wp-content\/uploads\/2025\/09\/sprich_punktschweissgitter_nr01_2025.jpg","type":"image\/jpeg"}],"twitter_card":"summary_large_image","schema":{"@context":"https:\/\/schema.org","@graph":[{"@type":"WebPage","@id":"https:\/\/www.sprich.ch\/fr\/produits\/grillage","url":"https:\/\/www.sprich.ch\/fr\/produits\/grillage","name":"Grillage - SPRICH","isPartOf":{"@id":"https:\/\/www.sprich.ch\/fr#website"},"primaryImageOfPage":{"@id":"https:\/\/www.sprich.ch\/fr\/produits\/grillage#primaryimage"},"image":{"@id":"https:\/\/www.sprich.ch\/fr\/produits\/grillage#primaryimage"},"thumbnailUrl":"https:\/\/www.sprich.ch\/wp-content\/uploads\/2025\/09\/sprich_punktschweissgitter_nr01_2025-1024x1024.jpg","datePublished":"2025-09-26T11:25:34+00:00","dateModified":"2026-03-13T14:16:00+00:00","description":"Les grilles de SPRICH offrent des solutions polyvalentes et stables, en version brute, galvanis\u00e9e ou en acier inoxydable \u2013 id\u00e9als pour la construction de cl\u00f4tures, les gabions ainsi que pour les syst\u00e8mes de protection et de s\u00e9paration, adaptables individuellement \u00e0 vos besoins.","breadcrumb":{"@id":"https:\/\/www.sprich.ch\/fr\/produits\/grillage#breadcrumb"},"inLanguage":"fr-FR","potentialAction":[{"@type":"ReadAction","target":["https:\/\/www.sprich.ch\/fr\/produits\/grillage"]}]},{"@type":"ImageObject","inLanguage":"fr-FR","@id":"https:\/\/www.sprich.ch\/fr\/produits\/grillage#primaryimage","url":"https:\/\/www.sprich.ch\/wp-content\/uploads\/2025\/09\/sprich_punktschweissgitter_nr01_2025-1024x1024.jpg","contentUrl":"https:\/\/www.sprich.ch\/wp-content\/uploads\/2025\/09\/sprich_punktschweissgitter_nr01_2025-1024x1024.jpg"},{"@type":"BreadcrumbList","@id":"https:\/\/www.sprich.ch\/fr\/produits\/grillage#breadcrumb","itemListElement":[{"@type":"ListItem","position":1,"name":"Home","item":"https:\/\/www.sprich.ch\/fr"},{"@type":"ListItem","position":2,"name":"Nos produits","item":"https:\/\/www.sprich.ch\/fr\/produkte"},{"@type":"ListItem","position":3,"name":"Grillage"}]},{"@type":"WebSite","@id":"https:\/\/www.sprich.ch\/fr#website","url":"https:\/\/www.sprich.ch\/fr","name":"SPRICH","description":"Gitterroste, Leitern, Treppen","publisher":{"@id":"https:\/\/www.sprich.ch\/fr#organization"},"potentialAction":[{"@type":"SearchAction","target":{"@type":"EntryPoint","urlTemplate":"https:\/\/www.sprich.ch\/fr?s={search_term_string}"},"query-input":{"@type":"PropertyValueSpecification","valueRequired":true,"valueName":"search_term_string"}}],"inLanguage":"fr-FR"},{"@type":"Organization","@id":"https:\/\/www.sprich.ch\/fr#organization","name":"SPRICH","url":"https:\/\/www.sprich.ch\/fr","logo":{"@type":"ImageObject","inLanguage":"fr-FR","@id":"https:\/\/www.sprich.ch\/fr#\/schema\/logo\/image\/","url":"https:\/\/www.sprich.ch\/wp-content\/uploads\/2025\/09\/Sprich_Logo_rgb_pos_quer_600dpi-1-scaled.png","contentUrl":"https:\/\/www.sprich.ch\/wp-content\/uploads\/2025\/09\/Sprich_Logo_rgb_pos_quer_600dpi-1-scaled.png","width":2560,"height":695,"caption":"SPRICH"},"image":{"@id":"https:\/\/www.sprich.ch\/fr#\/schema\/logo\/image\/"}}]}},"_links":{"self":[{"href":"https:\/\/www.sprich.ch\/fr\/wp-json\/wp\/v2\/pages\/10495","targetHints":{"allow":["GET"]}}],"collection":[{"href":"https:\/\/www.sprich.ch\/fr\/wp-json\/wp\/v2\/pages"}],"about":[{"href":"https:\/\/www.sprich.ch\/fr\/wp-json\/wp\/v2\/types\/page"}],"author":[{"embeddable":true,"href":"https:\/\/www.sprich.ch\/fr\/wp-json\/wp\/v2\/users\/1"}],"replies":[{"embeddable":true,"href":"https:\/\/www.sprich.ch\/fr\/wp-json\/wp\/v2\/comments?post=10495"}],"version-history":[{"count":22,"href":"https:\/\/www.sprich.ch\/fr\/wp-json\/wp\/v2\/pages\/10495\/revisions"}],"predecessor-version":[{"id":30610,"href":"https:\/\/www.sprich.ch\/fr\/wp-json\/wp\/v2\/pages\/10495\/revisions\/30610"}],"up":[{"embeddable":true,"href":"https:\/\/www.sprich.ch\/fr\/wp-json\/wp\/v2\/pages\/10629"}],"wp:attachment":[{"href":"https:\/\/www.sprich.ch\/fr\/wp-json\/wp\/v2\/media?parent=10495"}],"curies":[{"name":"wp","href":"https:\/\/api.w.org\/{rel}","templated":true}]}}