{"id":10433,"date":"2025-09-26T09:20:16","date_gmt":"2025-09-26T09:20:16","guid":{"rendered":"https:\/\/www.sprich.ch\/caillebotis-en-prv-2\/"},"modified":"2025-12-18T07:38:54","modified_gmt":"2025-12-18T07:38:54","slug":"caillebotis-en-prv","status":"publish","type":"page","link":"https:\/\/www.sprich.ch\/fr\/produits\/caillebotis-en-prv","title":{"rendered":"Caillebotis en PRV"},"content":{"rendered":"\t\t<div data-elementor-type=\"wp-page\" data-elementor-id=\"10433\" class=\"elementor elementor-10433 elementor-1010\" data-elementor-post-type=\"page\">\n\t\t\t\t<div class=\"elementor-element elementor-element-834055b e-con-full e-flex wpr-particle-no wpr-jarallax-no wpr-parallax-no wpr-sticky-section-no wpr-equal-height-no e-con e-parent\" data-id=\"834055b\" data-element_type=\"container\" data-e-type=\"container\" data-settings=\"{&quot;background_background&quot;:&quot;classic&quot;}\">\n\t\t\t\t<\/div>\n\t\t<div class=\"elementor-element elementor-element-5903eb3 e-con-full e-flex wpr-particle-no wpr-jarallax-no wpr-parallax-no wpr-sticky-section-no wpr-equal-height-no e-con e-parent\" data-id=\"5903eb3\" data-element_type=\"container\" data-e-type=\"container\">\n\t\t\t\t<div class=\"elementor-element elementor-element-5e44a43 elementor-widget elementor-widget-spacer\" data-id=\"5e44a43\" data-element_type=\"widget\" data-e-type=\"widget\" data-widget_type=\"spacer.default\">\n\t\t\t\t\t\t\t<div class=\"elementor-spacer\">\n\t\t\t<div class=\"elementor-spacer-inner\"><\/div>\n\t\t<\/div>\n\t\t\t\t\t\t<\/div>\n\t\t\t\t<div class=\"elementor-element elementor-element-50ec4ca elementor-widget elementor-widget-heading\" data-id=\"50ec4ca\" data-element_type=\"widget\" data-e-type=\"widget\" data-widget_type=\"heading.default\">\n\t\t\t\t\t<h2 class=\"elementor-heading-title elementor-size-default\">NOS CAILLEBOTIS PRV<\/h2>\t\t\t\t<\/div>\n\t\t\t\t<div class=\"elementor-element elementor-element-2de4089 elementor-widget-divider--view-line elementor-widget elementor-widget-divider\" data-id=\"2de4089\" data-element_type=\"widget\" data-e-type=\"widget\" data-widget_type=\"divider.default\">\n\t\t\t\t\t\t\t<div class=\"elementor-divider\">\n\t\t\t<span class=\"elementor-divider-separator\">\n\t\t\t\t\t\t<\/span>\n\t\t<\/div>\n\t\t\t\t\t\t<\/div>\n\t\t\t\t<div class=\"elementor-element elementor-element-1291d9a elementor-widget elementor-widget-text-editor\" data-id=\"1291d9a\" data-element_type=\"widget\" data-e-type=\"widget\" data-widget_type=\"text-editor.default\">\n\t\t\t\t\t\t\t\t\t<p>PRV\u00a0: plastique renforc\u00e9 de fibres de verre alliant robustesse et faible poids propre. Le mat\u00e9riau se compose de r\u00e9sines thermodurcissables comme la r\u00e9sine polyester ou la r\u00e9sine \u00e9poxy. Il est ind\u00e9formable apr\u00e8s durcissement. Le PRV est facile \u00e0 travailler sur place, les ar\u00eates de coupe sont scell\u00e9es. SPRICH fournit des caillebotis en PRV, des marches en PRV et des accessoires en PRV, \u00e9galement dans la couleur de votre choix. Le montage s\u2019effectue avec du mat\u00e9riel de fixation en acier inoxydable. Le PRV est id\u00e9al pour les applications industrielles qui n\u00e9cessitent une r\u00e9sistance m\u00e9canique et une r\u00e9sistance \u00e0 la corrosion.<\/p>\n\t\t\t\t\t\t\t\t<\/div>\n\t\t<div class=\"elementor-element elementor-element-36327f6 e-grid e-con-full wpr-particle-no wpr-jarallax-no wpr-parallax-no wpr-sticky-section-no wpr-equal-height-no e-con e-child\" data-id=\"36327f6\" data-element_type=\"container\" data-e-type=\"container\">\n\t\t<div class=\"elementor-element elementor-element-cf18cdd e-con-full e-flex wpr-particle-no wpr-jarallax-no wpr-parallax-no wpr-sticky-section-no wpr-equal-height-no e-con e-child\" data-id=\"cf18cdd\" data-element_type=\"container\" data-e-type=\"container\">\n\t\t\t\t<div class=\"elementor-element elementor-element-c719aa7 elementor-widget elementor-widget-image\" data-id=\"c719aa7\" data-element_type=\"widget\" data-e-type=\"widget\" data-widget_type=\"image.default\">\n\t\t\t\t\t\t\t\t\t\t\t\t\t\t\t\t<a href=\"https:\/\/www.sprich.ch\/fr\/produits\/caillebotis-en-prv\/caillebotis-prv\">\n\t\t\t\t\t\t\t<img fetchpriority=\"high\" decoding=\"async\" width=\"1024\" height=\"1024\" src=\"https:\/\/www.sprich.ch\/wp-content\/uploads\/2025\/09\/sprich_gfk_rost_konkav_gitterroste_stahl_header_nr01_2025-1024x1024.jpg\" class=\"attachment-large size-large wp-image-8110\" alt=\"sprich_gfk_rost_konkav_gitterroste_stahl_header_nr01_2025\" srcset=\"https:\/\/www.sprich.ch\/wp-content\/uploads\/2025\/09\/sprich_gfk_rost_konkav_gitterroste_stahl_header_nr01_2025-1024x1024.jpg 1024w, https:\/\/www.sprich.ch\/wp-content\/uploads\/2025\/09\/sprich_gfk_rost_konkav_gitterroste_stahl_header_nr01_2025-300x300.jpg 300w, https:\/\/www.sprich.ch\/wp-content\/uploads\/2025\/09\/sprich_gfk_rost_konkav_gitterroste_stahl_header_nr01_2025-150x150.jpg 150w, https:\/\/www.sprich.ch\/wp-content\/uploads\/2025\/09\/sprich_gfk_rost_konkav_gitterroste_stahl_header_nr01_2025-768x768.jpg 768w, https:\/\/www.sprich.ch\/wp-content\/uploads\/2025\/09\/sprich_gfk_rost_konkav_gitterroste_stahl_header_nr01_2025-600x600.jpg 600w, https:\/\/www.sprich.ch\/wp-content\/uploads\/2025\/09\/sprich_gfk_rost_konkav_gitterroste_stahl_header_nr01_2025.jpg 1160w\" sizes=\"(max-width: 1024px) 100vw, 1024px\" \/>\t\t\t\t\t\t\t\t<\/a>\n\t\t\t\t\t\t\t\t\t\t\t\t\t\t\t<\/div>\n\t\t\t\t<div class=\"elementor-element elementor-element-bb81ed6 elementor-widget elementor-widget-button\" data-id=\"bb81ed6\" data-element_type=\"widget\" data-e-type=\"widget\" data-widget_type=\"button.default\">\n\t\t\t\t\t\t\t\t\t\t<a class=\"elementor-button elementor-button-link elementor-size-sm\" href=\"https:\/\/www.sprich.ch\/fr\/produits\/caillebotis-en-prv\/caillebotis-prv\">\n\t\t\t\t\t\t<span class=\"elementor-button-content-wrapper\">\n\t\t\t\t\t\t<span class=\"elementor-button-icon\">\n\t\t\t\t<svg aria-hidden=\"true\" class=\"e-font-icon-svg e-fas-chevron-right\" viewBox=\"0 0 320 512\" xmlns=\"http:\/\/www.w3.org\/2000\/svg\"><path d=\"M285.476 272.971L91.132 467.314c-9.373 9.373-24.569 9.373-33.941 0l-22.667-22.667c-9.357-9.357-9.375-24.522-.04-33.901L188.505 256 34.484 101.255c-9.335-9.379-9.317-24.544.04-33.901l22.667-22.667c9.373-9.373 24.569-9.373 33.941 0L285.475 239.03c9.373 9.372 9.373 24.568.001 33.941z\"><\/path><\/svg>\t\t\t<\/span>\n\t\t\t\t\t\t\t\t\t<span class=\"elementor-button-text\">CAILLEBOTIS EN PRV<\/span>\n\t\t\t\t\t<\/span>\n\t\t\t\t\t<\/a>\n\t\t\t\t\t\t\t\t<\/div>\n\t\t\t\t<\/div>\n\t\t<div class=\"elementor-element elementor-element-692c702 e-con-full e-flex wpr-particle-no wpr-jarallax-no wpr-parallax-no wpr-sticky-section-no wpr-equal-height-no e-con e-child\" data-id=\"692c702\" data-element_type=\"container\" data-e-type=\"container\">\n\t\t\t\t<div class=\"elementor-element elementor-element-1caffd9 elementor-widget elementor-widget-image\" data-id=\"1caffd9\" data-element_type=\"widget\" data-e-type=\"widget\" data-widget_type=\"image.default\">\n\t\t\t\t\t\t\t\t\t\t\t\t\t\t\t\t<a href=\"https:\/\/www.sprich.ch\/fr\/produits\/caillebotis-en-prv\/marches-en-prv\">\n\t\t\t\t\t\t\t<img decoding=\"async\" width=\"1024\" height=\"1024\" src=\"https:\/\/www.sprich.ch\/wp-content\/uploads\/2025\/10\/sprich_gfk_treppenstufen_grob-besandet_Grau_header_nr01_2025-1024x1024.jpg\" class=\"attachment-large size-large wp-image-8084\" alt=\"sprich_gfk_treppenstufen_grob-besandet_Grau_header_nr01_2025\" srcset=\"https:\/\/www.sprich.ch\/wp-content\/uploads\/2025\/10\/sprich_gfk_treppenstufen_grob-besandet_Grau_header_nr01_2025-1024x1024.jpg 1024w, https:\/\/www.sprich.ch\/wp-content\/uploads\/2025\/10\/sprich_gfk_treppenstufen_grob-besandet_Grau_header_nr01_2025-300x300.jpg 300w, https:\/\/www.sprich.ch\/wp-content\/uploads\/2025\/10\/sprich_gfk_treppenstufen_grob-besandet_Grau_header_nr01_2025-150x150.jpg 150w, https:\/\/www.sprich.ch\/wp-content\/uploads\/2025\/10\/sprich_gfk_treppenstufen_grob-besandet_Grau_header_nr01_2025-768x768.jpg 768w, https:\/\/www.sprich.ch\/wp-content\/uploads\/2025\/10\/sprich_gfk_treppenstufen_grob-besandet_Grau_header_nr01_2025-600x600.jpg 600w, https:\/\/www.sprich.ch\/wp-content\/uploads\/2025\/10\/sprich_gfk_treppenstufen_grob-besandet_Grau_header_nr01_2025.jpg 1200w\" sizes=\"(max-width: 1024px) 100vw, 1024px\" \/>\t\t\t\t\t\t\t\t<\/a>\n\t\t\t\t\t\t\t\t\t\t\t\t\t\t\t<\/div>\n\t\t\t\t<div class=\"elementor-element elementor-element-4002946 elementor-widget elementor-widget-button\" data-id=\"4002946\" data-element_type=\"widget\" data-e-type=\"widget\" data-widget_type=\"button.default\">\n\t\t\t\t\t\t\t\t\t\t<a class=\"elementor-button elementor-button-link elementor-size-sm\" href=\"https:\/\/www.sprich.ch\/fr\/nos-produits\/caillebotis-prv\/marches-en-prv\/\">\n\t\t\t\t\t\t<span class=\"elementor-button-content-wrapper\">\n\t\t\t\t\t\t<span class=\"elementor-button-icon\">\n\t\t\t\t<svg aria-hidden=\"true\" class=\"e-font-icon-svg e-fas-chevron-right\" viewBox=\"0 0 320 512\" xmlns=\"http:\/\/www.w3.org\/2000\/svg\"><path d=\"M285.476 272.971L91.132 467.314c-9.373 9.373-24.569 9.373-33.941 0l-22.667-22.667c-9.357-9.357-9.375-24.522-.04-33.901L188.505 256 34.484 101.255c-9.335-9.379-9.317-24.544.04-33.901l22.667-22.667c9.373-9.373 24.569-9.373 33.941 0L285.475 239.03c9.373 9.372 9.373 24.568.001 33.941z\"><\/path><\/svg>\t\t\t<\/span>\n\t\t\t\t\t\t\t\t\t<span class=\"elementor-button-text\">MARCHES EN PRV<\/span>\n\t\t\t\t\t<\/span>\n\t\t\t\t\t<\/a>\n\t\t\t\t\t\t\t\t<\/div>\n\t\t\t\t<\/div>\n\t\t<div class=\"elementor-element elementor-element-b54bd3d e-con-full e-flex wpr-particle-no wpr-jarallax-no wpr-parallax-no wpr-sticky-section-no wpr-equal-height-no e-con e-child\" data-id=\"b54bd3d\" data-element_type=\"container\" data-e-type=\"container\">\n\t\t\t\t<div class=\"elementor-element elementor-element-ccef3c7 elementor-widget elementor-widget-image\" data-id=\"ccef3c7\" data-element_type=\"widget\" data-e-type=\"widget\" data-widget_type=\"image.default\">\n\t\t\t\t\t\t\t\t\t\t\t\t\t\t\t\t<a href=\"https:\/\/www.sprich.ch\/fr\/produits\/accessoires\/accessoires-prv\">\n\t\t\t\t\t\t\t<img decoding=\"async\" width=\"1024\" height=\"1024\" src=\"https:\/\/www.sprich.ch\/wp-content\/uploads\/2025\/10\/sprich_zubehoer-gfk_Steckschluesselverschluss_verbaut_unten_nr01_2025-1024x1024.jpg\" class=\"attachment-large size-large wp-image-8101\" alt=\"sprich_zubehoer-gfk_Steckschluesselverschluss_verbaut_unten_nr01_2025\" srcset=\"https:\/\/www.sprich.ch\/wp-content\/uploads\/2025\/10\/sprich_zubehoer-gfk_Steckschluesselverschluss_verbaut_unten_nr01_2025-1024x1024.jpg 1024w, https:\/\/www.sprich.ch\/wp-content\/uploads\/2025\/10\/sprich_zubehoer-gfk_Steckschluesselverschluss_verbaut_unten_nr01_2025-300x300.jpg 300w, https:\/\/www.sprich.ch\/wp-content\/uploads\/2025\/10\/sprich_zubehoer-gfk_Steckschluesselverschluss_verbaut_unten_nr01_2025-150x150.jpg 150w, https:\/\/www.sprich.ch\/wp-content\/uploads\/2025\/10\/sprich_zubehoer-gfk_Steckschluesselverschluss_verbaut_unten_nr01_2025-768x768.jpg 768w, https:\/\/www.sprich.ch\/wp-content\/uploads\/2025\/10\/sprich_zubehoer-gfk_Steckschluesselverschluss_verbaut_unten_nr01_2025-600x600.jpg 600w, https:\/\/www.sprich.ch\/wp-content\/uploads\/2025\/10\/sprich_zubehoer-gfk_Steckschluesselverschluss_verbaut_unten_nr01_2025.jpg 1200w\" sizes=\"(max-width: 1024px) 100vw, 1024px\" \/>\t\t\t\t\t\t\t\t<\/a>\n\t\t\t\t\t\t\t\t\t\t\t\t\t\t\t<\/div>\n\t\t\t\t<div class=\"elementor-element elementor-element-b402b19 elementor-widget elementor-widget-button\" data-id=\"b402b19\" data-element_type=\"widget\" data-e-type=\"widget\" data-widget_type=\"button.default\">\n\t\t\t\t\t\t\t\t\t\t<a class=\"elementor-button elementor-button-link elementor-size-sm\" href=\"https:\/\/www.sprich.ch\/fr\/produits\/accessoires\/accessoires-prv\">\n\t\t\t\t\t\t<span class=\"elementor-button-content-wrapper\">\n\t\t\t\t\t\t<span class=\"elementor-button-icon\">\n\t\t\t\t<svg aria-hidden=\"true\" class=\"e-font-icon-svg e-fas-chevron-right\" viewBox=\"0 0 320 512\" xmlns=\"http:\/\/www.w3.org\/2000\/svg\"><path d=\"M285.476 272.971L91.132 467.314c-9.373 9.373-24.569 9.373-33.941 0l-22.667-22.667c-9.357-9.357-9.375-24.522-.04-33.901L188.505 256 34.484 101.255c-9.335-9.379-9.317-24.544.04-33.901l22.667-22.667c9.373-9.373 24.569-9.373 33.941 0L285.475 239.03c9.373 9.372 9.373 24.568.001 33.941z\"><\/path><\/svg>\t\t\t<\/span>\n\t\t\t\t\t\t\t\t\t<span class=\"elementor-button-text\">ACCESSOIRES PRV<\/span>\n\t\t\t\t\t<\/span>\n\t\t\t\t\t<\/a>\n\t\t\t\t\t\t\t\t<\/div>\n\t\t\t\t<\/div>\n\t\t\t\t<\/div>\n\t\t\t\t<div class=\"elementor-element elementor-element-8419263 elementor-widget elementor-widget-spacer\" data-id=\"8419263\" data-element_type=\"widget\" data-e-type=\"widget\" data-widget_type=\"spacer.default\">\n\t\t\t\t\t\t\t<div class=\"elementor-spacer\">\n\t\t\t<div class=\"elementor-spacer-inner\"><\/div>\n\t\t<\/div>\n\t\t\t\t\t\t<\/div>\n\t\t\t\t<\/div>\n\t\t\t\t<\/div>\n\t\t","protected":false},"excerpt":{"rendered":"<p>NOS CAILLEBOTIS PRV PRV\u00a0: plastique renforc\u00e9 de fibres de verre alliant robustesse et faible poids propre. Le mat\u00e9riau se compose de r\u00e9sines thermodurcissables comme la r\u00e9sine polyester ou la r\u00e9sine \u00e9poxy. Il est ind\u00e9formable apr\u00e8s durcissement. Le PRV est facile \u00e0 travailler sur place, les ar\u00eates de coupe sont scell\u00e9es. SPRICH fournit des caillebotis en PRV, des marches en PRV et des accessoires en PRV, \u00e9galement dans la couleur de votre choix. Le montage s\u2019effectue avec du mat\u00e9riel de fixation en acier inoxydable. Le PRV est id\u00e9al pour les applications industrielles qui n\u00e9cessitent une r\u00e9sistance m\u00e9canique et une r\u00e9sistance \u00e0 la corrosion. CAILLEBOTIS EN PRV MARCHES EN PRV ACCESSOIRES PRV<\/p>\n","protected":false},"author":1,"featured_media":0,"parent":10629,"menu_order":0,"comment_status":"closed","ping_status":"closed","template":"elementor_header_footer","meta":{"footnotes":""},"class_list":["post-10433","page","type-page","status-publish","hentry","entry"],"yoast_head":"<!-- This site is optimized with the Yoast SEO Premium plugin v27.4 (Yoast SEO v27.5) - https:\/\/yoast.com\/product\/yoast-seo-premium-wordpress\/ -->\n<title>Caillebotis en PRV - SPRICH<\/title>\n<meta name=\"description\" content=\"PRV \u2013 plastique renforc\u00e9 de fibres de verre \u00e0 base de r\u00e9sine polyester ou \u00e9poxy. Robuste, l\u00e9ger et r\u00e9sistant \u00e0 la corrosion pour les applications industrielles.\" \/>\n<meta name=\"robots\" content=\"index, follow, max-snippet:-1, max-image-preview:large, max-video-preview:-1\" \/>\n<link rel=\"canonical\" href=\"https:\/\/www.sprich.ch\/fr\/produits\/caillebotis-en-prv\" \/>\n<meta property=\"og:locale\" content=\"fr_FR\" \/>\n<meta property=\"og:type\" content=\"article\" \/>\n<meta property=\"og:title\" content=\"Caillebotis en PRV\" \/>\n<meta property=\"og:description\" content=\"PRV \u2013 plastique renforc\u00e9 de fibres de verre \u00e0 base de r\u00e9sine polyester ou \u00e9poxy. Robuste, l\u00e9ger et r\u00e9sistant \u00e0 la corrosion pour les applications industrielles.\" \/>\n<meta property=\"og:url\" content=\"https:\/\/www.sprich.ch\/fr\/produits\/caillebotis-en-prv\" \/>\n<meta property=\"og:site_name\" content=\"SPRICH\" \/>\n<meta property=\"article:modified_time\" content=\"2025-12-18T07:38:54+00:00\" \/>\n<meta property=\"og:image\" content=\"https:\/\/www.sprich.ch\/wp-content\/uploads\/2025\/09\/sprich_gfk_rost_konkav_gitterroste_stahl_header_nr01_2025.jpg\" \/>\n\t<meta property=\"og:image:width\" content=\"1160\" \/>\n\t<meta property=\"og:image:height\" content=\"1160\" \/>\n\t<meta property=\"og:image:type\" content=\"image\/jpeg\" \/>\n<meta name=\"twitter:card\" content=\"summary_large_image\" \/>\n<meta name=\"twitter:label1\" content=\"Dur\u00e9e de lecture estim\u00e9e\" \/>\n\t<meta name=\"twitter:data1\" content=\"1 minute\" \/>\n<script type=\"application\/ld+json\" class=\"yoast-schema-graph\">{\"@context\":\"https:\\\/\\\/schema.org\",\"@graph\":[{\"@type\":\"WebPage\",\"@id\":\"https:\\\/\\\/www.sprich.ch\\\/fr\\\/produits\\\/caillebotis-en-prv\",\"url\":\"https:\\\/\\\/www.sprich.ch\\\/fr\\\/produits\\\/caillebotis-en-prv\",\"name\":\"Caillebotis en PRV - SPRICH\",\"isPartOf\":{\"@id\":\"https:\\\/\\\/www.sprich.ch\\\/fr#website\"},\"primaryImageOfPage\":{\"@id\":\"https:\\\/\\\/www.sprich.ch\\\/fr\\\/produits\\\/caillebotis-en-prv#primaryimage\"},\"image\":{\"@id\":\"https:\\\/\\\/www.sprich.ch\\\/fr\\\/produits\\\/caillebotis-en-prv#primaryimage\"},\"thumbnailUrl\":\"https:\\\/\\\/www.sprich.ch\\\/wp-content\\\/uploads\\\/2025\\\/09\\\/sprich_gfk_rost_konkav_gitterroste_stahl_header_nr01_2025-1024x1024.jpg\",\"datePublished\":\"2025-09-26T09:20:16+00:00\",\"dateModified\":\"2025-12-18T07:38:54+00:00\",\"description\":\"PRV \u2013 plastique renforc\u00e9 de fibres de verre \u00e0 base de r\u00e9sine polyester ou \u00e9poxy. Robuste, l\u00e9ger et r\u00e9sistant \u00e0 la corrosion pour les applications industrielles.\",\"breadcrumb\":{\"@id\":\"https:\\\/\\\/www.sprich.ch\\\/fr\\\/produits\\\/caillebotis-en-prv#breadcrumb\"},\"inLanguage\":\"fr-FR\",\"potentialAction\":[{\"@type\":\"ReadAction\",\"target\":[\"https:\\\/\\\/www.sprich.ch\\\/fr\\\/produits\\\/caillebotis-en-prv\"]}]},{\"@type\":\"ImageObject\",\"inLanguage\":\"fr-FR\",\"@id\":\"https:\\\/\\\/www.sprich.ch\\\/fr\\\/produits\\\/caillebotis-en-prv#primaryimage\",\"url\":\"https:\\\/\\\/www.sprich.ch\\\/wp-content\\\/uploads\\\/2025\\\/09\\\/sprich_gfk_rost_konkav_gitterroste_stahl_header_nr01_2025-1024x1024.jpg\",\"contentUrl\":\"https:\\\/\\\/www.sprich.ch\\\/wp-content\\\/uploads\\\/2025\\\/09\\\/sprich_gfk_rost_konkav_gitterroste_stahl_header_nr01_2025-1024x1024.jpg\"},{\"@type\":\"BreadcrumbList\",\"@id\":\"https:\\\/\\\/www.sprich.ch\\\/fr\\\/produits\\\/caillebotis-en-prv#breadcrumb\",\"itemListElement\":[{\"@type\":\"ListItem\",\"position\":1,\"name\":\"Home\",\"item\":\"https:\\\/\\\/www.sprich.ch\\\/fr\"},{\"@type\":\"ListItem\",\"position\":2,\"name\":\"Nos produits\",\"item\":\"https:\\\/\\\/www.sprich.ch\\\/fr\\\/produkte\"},{\"@type\":\"ListItem\",\"position\":3,\"name\":\"Caillebotis en PRV\"}]},{\"@type\":\"WebSite\",\"@id\":\"https:\\\/\\\/www.sprich.ch\\\/fr#website\",\"url\":\"https:\\\/\\\/www.sprich.ch\\\/fr\",\"name\":\"SPRICH\",\"description\":\"Gitterroste, Leitern, Treppen\",\"publisher\":{\"@id\":\"https:\\\/\\\/www.sprich.ch\\\/fr#organization\"},\"potentialAction\":[{\"@type\":\"SearchAction\",\"target\":{\"@type\":\"EntryPoint\",\"urlTemplate\":\"https:\\\/\\\/www.sprich.ch\\\/fr?s={search_term_string}\"},\"query-input\":{\"@type\":\"PropertyValueSpecification\",\"valueRequired\":true,\"valueName\":\"search_term_string\"}}],\"inLanguage\":\"fr-FR\"},{\"@type\":\"Organization\",\"@id\":\"https:\\\/\\\/www.sprich.ch\\\/fr#organization\",\"name\":\"SPRICH\",\"url\":\"https:\\\/\\\/www.sprich.ch\\\/fr\",\"logo\":{\"@type\":\"ImageObject\",\"inLanguage\":\"fr-FR\",\"@id\":\"https:\\\/\\\/www.sprich.ch\\\/fr#\\\/schema\\\/logo\\\/image\\\/\",\"url\":\"https:\\\/\\\/www.sprich.ch\\\/wp-content\\\/uploads\\\/2025\\\/09\\\/Sprich_Logo_rgb_pos_quer_600dpi-1-scaled.png\",\"contentUrl\":\"https:\\\/\\\/www.sprich.ch\\\/wp-content\\\/uploads\\\/2025\\\/09\\\/Sprich_Logo_rgb_pos_quer_600dpi-1-scaled.png\",\"width\":2560,\"height\":695,\"caption\":\"SPRICH\"},\"image\":{\"@id\":\"https:\\\/\\\/www.sprich.ch\\\/fr#\\\/schema\\\/logo\\\/image\\\/\"}}]}<\/script>\n<!-- \/ Yoast SEO Premium plugin. -->","yoast_head_json":{"title":"Caillebotis en PRV - SPRICH","description":"PRV \u2013 plastique renforc\u00e9 de fibres de verre \u00e0 base de r\u00e9sine polyester ou \u00e9poxy. Robuste, l\u00e9ger et r\u00e9sistant \u00e0 la corrosion pour les applications industrielles.","robots":{"index":"index","follow":"follow","max-snippet":"max-snippet:-1","max-image-preview":"max-image-preview:large","max-video-preview":"max-video-preview:-1"},"canonical":"https:\/\/www.sprich.ch\/fr\/produits\/caillebotis-en-prv","og_locale":"fr_FR","og_type":"article","og_title":"Caillebotis en PRV","og_description":"PRV \u2013 plastique renforc\u00e9 de fibres de verre \u00e0 base de r\u00e9sine polyester ou \u00e9poxy. Robuste, l\u00e9ger et r\u00e9sistant \u00e0 la corrosion pour les applications industrielles.","og_url":"https:\/\/www.sprich.ch\/fr\/produits\/caillebotis-en-prv","og_site_name":"SPRICH","article_modified_time":"2025-12-18T07:38:54+00:00","og_image":[{"width":1160,"height":1160,"url":"https:\/\/www.sprich.ch\/wp-content\/uploads\/2025\/09\/sprich_gfk_rost_konkav_gitterroste_stahl_header_nr01_2025.jpg","type":"image\/jpeg"}],"twitter_card":"summary_large_image","twitter_misc":{"Dur\u00e9e de lecture estim\u00e9e":"1 minute"},"schema":{"@context":"https:\/\/schema.org","@graph":[{"@type":"WebPage","@id":"https:\/\/www.sprich.ch\/fr\/produits\/caillebotis-en-prv","url":"https:\/\/www.sprich.ch\/fr\/produits\/caillebotis-en-prv","name":"Caillebotis en PRV - SPRICH","isPartOf":{"@id":"https:\/\/www.sprich.ch\/fr#website"},"primaryImageOfPage":{"@id":"https:\/\/www.sprich.ch\/fr\/produits\/caillebotis-en-prv#primaryimage"},"image":{"@id":"https:\/\/www.sprich.ch\/fr\/produits\/caillebotis-en-prv#primaryimage"},"thumbnailUrl":"https:\/\/www.sprich.ch\/wp-content\/uploads\/2025\/09\/sprich_gfk_rost_konkav_gitterroste_stahl_header_nr01_2025-1024x1024.jpg","datePublished":"2025-09-26T09:20:16+00:00","dateModified":"2025-12-18T07:38:54+00:00","description":"PRV \u2013 plastique renforc\u00e9 de fibres de verre \u00e0 base de r\u00e9sine polyester ou \u00e9poxy. Robuste, l\u00e9ger et r\u00e9sistant \u00e0 la corrosion pour les applications industrielles.","breadcrumb":{"@id":"https:\/\/www.sprich.ch\/fr\/produits\/caillebotis-en-prv#breadcrumb"},"inLanguage":"fr-FR","potentialAction":[{"@type":"ReadAction","target":["https:\/\/www.sprich.ch\/fr\/produits\/caillebotis-en-prv"]}]},{"@type":"ImageObject","inLanguage":"fr-FR","@id":"https:\/\/www.sprich.ch\/fr\/produits\/caillebotis-en-prv#primaryimage","url":"https:\/\/www.sprich.ch\/wp-content\/uploads\/2025\/09\/sprich_gfk_rost_konkav_gitterroste_stahl_header_nr01_2025-1024x1024.jpg","contentUrl":"https:\/\/www.sprich.ch\/wp-content\/uploads\/2025\/09\/sprich_gfk_rost_konkav_gitterroste_stahl_header_nr01_2025-1024x1024.jpg"},{"@type":"BreadcrumbList","@id":"https:\/\/www.sprich.ch\/fr\/produits\/caillebotis-en-prv#breadcrumb","itemListElement":[{"@type":"ListItem","position":1,"name":"Home","item":"https:\/\/www.sprich.ch\/fr"},{"@type":"ListItem","position":2,"name":"Nos produits","item":"https:\/\/www.sprich.ch\/fr\/produkte"},{"@type":"ListItem","position":3,"name":"Caillebotis en PRV"}]},{"@type":"WebSite","@id":"https:\/\/www.sprich.ch\/fr#website","url":"https:\/\/www.sprich.ch\/fr","name":"SPRICH","description":"Gitterroste, Leitern, Treppen","publisher":{"@id":"https:\/\/www.sprich.ch\/fr#organization"},"potentialAction":[{"@type":"SearchAction","target":{"@type":"EntryPoint","urlTemplate":"https:\/\/www.sprich.ch\/fr?s={search_term_string}"},"query-input":{"@type":"PropertyValueSpecification","valueRequired":true,"valueName":"search_term_string"}}],"inLanguage":"fr-FR"},{"@type":"Organization","@id":"https:\/\/www.sprich.ch\/fr#organization","name":"SPRICH","url":"https:\/\/www.sprich.ch\/fr","logo":{"@type":"ImageObject","inLanguage":"fr-FR","@id":"https:\/\/www.sprich.ch\/fr#\/schema\/logo\/image\/","url":"https:\/\/www.sprich.ch\/wp-content\/uploads\/2025\/09\/Sprich_Logo_rgb_pos_quer_600dpi-1-scaled.png","contentUrl":"https:\/\/www.sprich.ch\/wp-content\/uploads\/2025\/09\/Sprich_Logo_rgb_pos_quer_600dpi-1-scaled.png","width":2560,"height":695,"caption":"SPRICH"},"image":{"@id":"https:\/\/www.sprich.ch\/fr#\/schema\/logo\/image\/"}}]}},"_links":{"self":[{"href":"https:\/\/www.sprich.ch\/fr\/wp-json\/wp\/v2\/pages\/10433","targetHints":{"allow":["GET"]}}],"collection":[{"href":"https:\/\/www.sprich.ch\/fr\/wp-json\/wp\/v2\/pages"}],"about":[{"href":"https:\/\/www.sprich.ch\/fr\/wp-json\/wp\/v2\/types\/page"}],"author":[{"embeddable":true,"href":"https:\/\/www.sprich.ch\/fr\/wp-json\/wp\/v2\/users\/1"}],"replies":[{"embeddable":true,"href":"https:\/\/www.sprich.ch\/fr\/wp-json\/wp\/v2\/comments?post=10433"}],"version-history":[{"count":21,"href":"https:\/\/www.sprich.ch\/fr\/wp-json\/wp\/v2\/pages\/10433\/revisions"}],"predecessor-version":[{"id":23957,"href":"https:\/\/www.sprich.ch\/fr\/wp-json\/wp\/v2\/pages\/10433\/revisions\/23957"}],"up":[{"embeddable":true,"href":"https:\/\/www.sprich.ch\/fr\/wp-json\/wp\/v2\/pages\/10629"}],"wp:attachment":[{"href":"https:\/\/www.sprich.ch\/fr\/wp-json\/wp\/v2\/media?parent=10433"}],"curies":[{"name":"wp","href":"https:\/\/api.w.org\/{rel}","templated":true}]}}